{"id":118352,"date":"2023-06-13T10:49:57","date_gmt":"2023-06-13T10:49:57","guid":{"rendered":"https:\/\/menorcasa.com\/propiedades-de-lujo\/"},"modified":"2026-03-25T13:31:26","modified_gmt":"2026-03-25T12:31:26","slug":"propiedades-de-lujo","status":"publish","type":"page","link":"https:\/\/menorcasa.com\/es\/propiedades-de-lujo\/","title":{"rendered":"Propiedades de lujo"},"content":{"rendered":"\t\t<div data-elementor-type=\"wp-page\" data-elementor-id=\"118352\" class=\"elementor elementor-118352 elementor-112065\" data-elementor-post-type=\"page\">\n\t\t\t\t\t\t<section class=\"elementor-section elementor-top-section elementor-element elementor-element-a26d025 elementor-section-boxed elementor-section-height-default elementor-section-height-default\" data-id=\"a26d025\" data-element_type=\"section\">\n\t\t\t\t\t\t<div class=\"elementor-container elementor-column-gap-default\">\n\t\t\t\t\t<div class=\"elementor-column elementor-col-100 elementor-top-column elementor-element elementor-element-e18b28f\" data-id=\"e18b28f\" data-element_type=\"column\">\n\t\t\t<div class=\"elementor-widget-wrap elementor-element-populated\">\n\t\t\t\t\t\t<div class=\"elementor-element elementor-element-742d992 elementor-widget elementor-widget-text-editor\" data-id=\"742d992\" data-element_type=\"widget\" data-widget_type=\"text-editor.default\">\n\t\t\t\t<div class=\"elementor-widget-container\">\n\t\t\t\t\t\t\t\t\t<h1>Propiedades de lujo en Menorca<\/h1>\t\t\t\t\t\t\t\t<\/div>\n\t\t\t\t<\/div>\n\t\t\t\t\t<\/div>\n\t\t<\/div>\n\t\t\t\t\t<\/div>\n\t\t<\/section>\n\t\t\t\t<section class=\"elementor-section elementor-top-section elementor-element elementor-element-57f0277 elementor-section-boxed elementor-section-height-default elementor-section-height-default\" data-id=\"57f0277\" data-element_type=\"section\">\n\t\t\t\t\t\t<div class=\"elementor-container elementor-column-gap-default\">\n\t\t\t\t\t<div class=\"elementor-column elementor-col-100 elementor-top-column elementor-element elementor-element-ce80483\" data-id=\"ce80483\" data-element_type=\"column\">\n\t\t\t<div class=\"elementor-widget-wrap elementor-element-populated\">\n\t\t\t\t\t\t<div class=\"elementor-element elementor-element-33abd96 elementor-widget elementor-widget-text-editor\" data-id=\"33abd96\" data-element_type=\"widget\" data-widget_type=\"text-editor.default\">\n\t\t\t\t<div class=\"elementor-widget-container\">\n\t\t\t\t\t\t\t\t\t<p data-start=\"0\" data-end=\"344\">Descubre nuestras <strong data-start=\"18\" data-end=\"52\">propiedades de lujo en Menorca<\/strong>, ubicadas junto a calas de aguas cristalinas y entornos protegidos por la UNESCO. Cada <strong data-start=\"140\" data-end=\"168\">villa de lujo en Menorca<\/strong> combina arquitectura de autor, materiales premium (piedra local, maderas nobles, m\u00e1rmoles italianos) y sistemas de dom\u00f3tica avanzada para ofrecer privacidad y confort total.<\/p><p data-start=\"346\" data-end=\"688\">Invertir aqu\u00ed significa acceder a un mercado con alta plusval\u00eda, disfrutar de un estilo de vida mediterr\u00e1neo excepcional y contar con servicios exclusivos: mantenimiento integral, chef privado y concierge 24 h. Nuestras fincas y villas cuentan con piscina infinity, jardines mediterr\u00e1neos y, en algunos casos, pistas de p\u00e1del o spa privado.<\/p><p data-start=\"690\" data-end=\"995\" data-is-last-node=\"\" data-is-only-node=\"\">Para asegurar tu pr\u00f3ximo <strong data-start=\"715\" data-end=\"757\">inmueble de lujo en la isla de Menorca<\/strong>, solicita nuestro dossier con precios y disponibilidad. Organizamos visitas privadas, asesor\u00eda legal y fiscal, y coordinamos todo el proceso de compra.<\/p>\t\t\t\t\t\t\t\t<\/div>\n\t\t\t\t<\/div>\n\t\t\t\t\t<\/div>\n\t\t<\/div>\n\t\t\t\t\t<\/div>\n\t\t<\/section>\n\t\t\t\t<\/div>\n\t\t","protected":false},"excerpt":{"rendered":"<p>Propiedades de lujo en Menorca Descubre nuestras propiedades de lujo en Menorca, ubicadas junto a calas de aguas cristalinas y entornos protegidos por la UNESCO. Cada villa de lujo en Menorca combina arquitectura de autor, materiales premium (piedra local, maderas nobles, m\u00e1rmoles italianos) y sistemas de dom\u00f3tica avanzada para ofrecer privacidad y confort total. Invertir&#8230;<\/p>\n","protected":false},"author":32,"featured_media":0,"parent":0,"menu_order":0,"comment_status":"closed","ping_status":"closed","template":"templates\/grid-layout-full-width.php","meta":{"footnotes":""},"class_list":["post-118352","page","type-page","status-publish","hentry"],"yoast_head":"<!-- This site is optimized with the Yoast SEO Premium plugin v21.4 (Yoast SEO v27.1.1) - https:\/\/yoast.com\/product\/yoast-seo-premium-wordpress\/ -->\n<title>Propiedades de lujo | Menorcasa<\/title>\n<meta name=\"robots\" content=\"index, follow, max-snippet:-1, max-image-preview:large, max-video-preview:-1\" \/>\n<link rel=\"canonical\" href=\"https:\/\/menorcasa.com\/es\/propiedades-de-lujo\/\" \/>\n<meta property=\"og:locale\" content=\"es_ES\" \/>\n<meta property=\"og:type\" content=\"article\" \/>\n<meta property=\"og:title\" content=\"Propiedades de lujo\" \/>\n<meta property=\"og:description\" content=\"Propiedades de lujo en Menorca Descubre nuestras propiedades de lujo en Menorca, ubicadas junto a calas de aguas cristalinas y entornos protegidos por la UNESCO. Cada villa de lujo en Menorca combina arquitectura de autor, materiales premium (piedra local, maderas nobles, m\u00e1rmoles italianos) y sistemas de dom\u00f3tica avanzada para ofrecer privacidad y confort total. Invertir...\" \/>\n<meta property=\"og:url\" content=\"https:\/\/menorcasa.com\/es\/propiedades-de-lujo\/\" \/>\n<meta property=\"og:site_name\" content=\"Menorcasa\" \/>\n<meta property=\"article:publisher\" content=\"https:\/\/www.facebook.com\/propertiesforsalemenorcasa\/\" \/>\n<meta property=\"article:modified_time\" content=\"2026-03-25T12:31:26+00:00\" \/>\n<meta name=\"twitter:card\" content=\"summary_large_image\" \/>\n<meta name=\"twitter:label1\" content=\"Tiempo de lectura\" \/>\n\t<meta name=\"twitter:data1\" content=\"1 minuto\" \/>\n<script type=\"application\/ld+json\" class=\"yoast-schema-graph\">{\"@context\":\"https:\/\/schema.org\",\"@graph\":[{\"@type\":\"WebPage\",\"@id\":\"https:\/\/menorcasa.com\/es\/propiedades-de-lujo\/\",\"url\":\"https:\/\/menorcasa.com\/es\/propiedades-de-lujo\/\",\"name\":\"Propiedades de lujo | Menorcasa\",\"isPartOf\":{\"@id\":\"https:\/\/menorcasa.com\/es\/#website\"},\"datePublished\":\"2023-06-13T10:49:57+00:00\",\"dateModified\":\"2026-03-25T12:31:26+00:00\",\"breadcrumb\":{\"@id\":\"https:\/\/menorcasa.com\/es\/propiedades-de-lujo\/#breadcrumb\"},\"inLanguage\":\"es\",\"potentialAction\":[{\"@type\":\"ReadAction\",\"target\":[\"https:\/\/menorcasa.com\/es\/propiedades-de-lujo\/\"]}]},{\"@type\":\"BreadcrumbList\",\"@id\":\"https:\/\/menorcasa.com\/es\/propiedades-de-lujo\/#breadcrumb\",\"itemListElement\":[{\"@type\":\"ListItem\",\"position\":1,\"name\":\"Propiedades en Venta en Menorca\",\"item\":\"https:\/\/menorcasa.com\/es\/\"},{\"@type\":\"ListItem\",\"position\":2,\"name\":\"Propiedades de lujo\"}]},{\"@type\":\"WebSite\",\"@id\":\"https:\/\/menorcasa.com\/es\/#website\",\"url\":\"https:\/\/menorcasa.com\/es\/\",\"name\":\"Menorcasa\",\"description\":\"properties for sale in menorca: villas, apartments, homes and more\",\"publisher\":{\"@id\":\"https:\/\/menorcasa.com\/es\/#organization\"},\"potentialAction\":[{\"@type\":\"SearchAction\",\"target\":{\"@type\":\"EntryPoint\",\"urlTemplate\":\"https:\/\/menorcasa.com\/es\/?s={search_term_string}\"},\"query-input\":{\"@type\":\"PropertyValueSpecification\",\"valueRequired\":true,\"valueName\":\"search_term_string\"}}],\"inLanguage\":\"es\"},{\"@type\":\"Organization\",\"@id\":\"https:\/\/menorcasa.com\/es\/#organization\",\"name\":\"Menorcasa\",\"url\":\"https:\/\/menorcasa.com\/es\/\",\"logo\":{\"@type\":\"ImageObject\",\"inLanguage\":\"es\",\"@id\":\"https:\/\/menorcasa.com\/es\/#\/schema\/logo\/image\/\",\"url\":\"\",\"contentUrl\":\"\",\"caption\":\"Menorcasa\"},\"image\":{\"@id\":\"https:\/\/menorcasa.com\/es\/#\/schema\/logo\/image\/\"},\"sameAs\":[\"https:\/\/www.facebook.com\/propertiesforsalemenorcasa\/\",\"https:\/\/www.instagram.com\/menorcasaproperties\/\"]}]}<\/script>\n<!-- \/ Yoast SEO Premium plugin. -->","yoast_head_json":{"title":"Propiedades de lujo | Menorcasa","robots":{"index":"index","follow":"follow","max-snippet":"max-snippet:-1","max-image-preview":"max-image-preview:large","max-video-preview":"max-video-preview:-1"},"canonical":"https:\/\/menorcasa.com\/es\/propiedades-de-lujo\/","og_locale":"es_ES","og_type":"article","og_title":"Propiedades de lujo","og_description":"Propiedades de lujo en Menorca Descubre nuestras propiedades de lujo en Menorca, ubicadas junto a calas de aguas cristalinas y entornos protegidos por la UNESCO. Cada villa de lujo en Menorca combina arquitectura de autor, materiales premium (piedra local, maderas nobles, m\u00e1rmoles italianos) y sistemas de dom\u00f3tica avanzada para ofrecer privacidad y confort total. Invertir...","og_url":"https:\/\/menorcasa.com\/es\/propiedades-de-lujo\/","og_site_name":"Menorcasa","article_publisher":"https:\/\/www.facebook.com\/propertiesforsalemenorcasa\/","article_modified_time":"2026-03-25T12:31:26+00:00","twitter_card":"summary_large_image","twitter_misc":{"Tiempo de lectura":"1 minuto"},"schema":{"@context":"https:\/\/schema.org","@graph":[{"@type":"WebPage","@id":"https:\/\/menorcasa.com\/es\/propiedades-de-lujo\/","url":"https:\/\/menorcasa.com\/es\/propiedades-de-lujo\/","name":"Propiedades de lujo | Menorcasa","isPartOf":{"@id":"https:\/\/menorcasa.com\/es\/#website"},"datePublished":"2023-06-13T10:49:57+00:00","dateModified":"2026-03-25T12:31:26+00:00","breadcrumb":{"@id":"https:\/\/menorcasa.com\/es\/propiedades-de-lujo\/#breadcrumb"},"inLanguage":"es","potentialAction":[{"@type":"ReadAction","target":["https:\/\/menorcasa.com\/es\/propiedades-de-lujo\/"]}]},{"@type":"BreadcrumbList","@id":"https:\/\/menorcasa.com\/es\/propiedades-de-lujo\/#breadcrumb","itemListElement":[{"@type":"ListItem","position":1,"name":"Propiedades en Venta en Menorca","item":"https:\/\/menorcasa.com\/es\/"},{"@type":"ListItem","position":2,"name":"Propiedades de lujo"}]},{"@type":"WebSite","@id":"https:\/\/menorcasa.com\/es\/#website","url":"https:\/\/menorcasa.com\/es\/","name":"Menorcasa","description":"properties for sale in menorca: villas, apartments, homes and more","publisher":{"@id":"https:\/\/menorcasa.com\/es\/#organization"},"potentialAction":[{"@type":"SearchAction","target":{"@type":"EntryPoint","urlTemplate":"https:\/\/menorcasa.com\/es\/?s={search_term_string}"},"query-input":{"@type":"PropertyValueSpecification","valueRequired":true,"valueName":"search_term_string"}}],"inLanguage":"es"},{"@type":"Organization","@id":"https:\/\/menorcasa.com\/es\/#organization","name":"Menorcasa","url":"https:\/\/menorcasa.com\/es\/","logo":{"@type":"ImageObject","inLanguage":"es","@id":"https:\/\/menorcasa.com\/es\/#\/schema\/logo\/image\/","url":"","contentUrl":"","caption":"Menorcasa"},"image":{"@id":"https:\/\/menorcasa.com\/es\/#\/schema\/logo\/image\/"},"sameAs":["https:\/\/www.facebook.com\/propertiesforsalemenorcasa\/","https:\/\/www.instagram.com\/menorcasaproperties\/"]}]}},"_links":{"self":[{"href":"https:\/\/menorcasa.com\/es\/wp-json\/wp\/v2\/pages\/118352","targetHints":{"allow":["GET"]}}],"collection":[{"href":"https:\/\/menorcasa.com\/es\/wp-json\/wp\/v2\/pages"}],"about":[{"href":"https:\/\/menorcasa.com\/es\/wp-json\/wp\/v2\/types\/page"}],"author":[{"embeddable":true,"href":"https:\/\/menorcasa.com\/es\/wp-json\/wp\/v2\/users\/32"}],"replies":[{"embeddable":true,"href":"https:\/\/menorcasa.com\/es\/wp-json\/wp\/v2\/comments?post=118352"}],"version-history":[{"count":0,"href":"https:\/\/menorcasa.com\/es\/wp-json\/wp\/v2\/pages\/118352\/revisions"}],"wp:attachment":[{"href":"https:\/\/menorcasa.com\/es\/wp-json\/wp\/v2\/media?parent=118352"}],"curies":[{"name":"wp","href":"https:\/\/api.w.org\/{rel}","templated":true}]}}