{"id":137394,"date":"2024-01-24T16:36:20","date_gmt":"2024-01-24T15:36:20","guid":{"rendered":"https:\/\/menorcasa.com\/?page_id=137394"},"modified":"2025-06-04T10:27:52","modified_gmt":"2025-06-04T09:27:52","slug":"casas-en-venta-en-menorca","status":"publish","type":"page","link":"https:\/\/menorcasa.com\/es\/casas-en-venta-en-menorca\/","title":{"rendered":"Casas en venta en Menorca"},"content":{"rendered":"\t\t<div data-elementor-type=\"wp-page\" data-elementor-id=\"137394\" class=\"elementor elementor-137394 elementor-63592\" data-elementor-post-type=\"page\">\n\t\t\t\t\t\t<section class=\"elementor-section elementor-top-section elementor-element elementor-element-4d024a5 elementor-section-boxed elementor-section-height-default elementor-section-height-default\" data-id=\"4d024a5\" data-element_type=\"section\">\n\t\t\t\t\t\t<div class=\"elementor-container elementor-column-gap-default\">\n\t\t\t\t\t<div class=\"elementor-column elementor-col-100 elementor-top-column elementor-element elementor-element-78e568bc\" data-id=\"78e568bc\" data-element_type=\"column\">\n\t\t\t<div class=\"elementor-widget-wrap elementor-element-populated\">\n\t\t\t\t\t\t<div class=\"elementor-element elementor-element-c0a919c elementor-widget elementor-widget-text-editor\" data-id=\"c0a919c\" data-element_type=\"widget\" data-widget_type=\"text-editor.default\">\n\t\t\t\t<div class=\"elementor-widget-container\">\n\t\t\t\t\t\t\t\t\t<h1>Casas en venta en Menorca<\/h1>\t\t\t\t\t\t\t\t<\/div>\n\t\t\t\t<\/div>\n\t\t\t\t<div class=\"elementor-element elementor-element-c159427 elementor-widget elementor-widget-text-editor\" data-id=\"c159427\" data-element_type=\"widget\" data-widget_type=\"text-editor.default\">\n\t\t\t\t<div class=\"elementor-widget-container\">\n\t\t\t\t\t\t\t\t\t<p>Conocida como la joya del <strong>Mediterr\u00e1neo<\/strong>, Menorca es una impresionante isla virgen que ofrece playas y <strong>paisajes incre\u00edbles<\/strong>. Si desea comprar una casa en una ubicaci\u00f3n tan id\u00edlica, vea nuestra amplia selecci\u00f3n de casas en venta en <strong>Menorca<\/strong>, tanto costera como interior.<\/p><p>Contamos con una <strong>amplia selecci\u00f3n de casas en venta en Menorca<\/strong>, desde villas de lujo en primera l\u00ednea de mar hasta acogedoras casas rurales y apartamentos con encanto.<\/p><h3>\ud83d\udccd Las Mejores Zonas para Comprar casas en Menorca<\/h3><ul><li><strong>Ciutadella y <a href=\"https:\/\/menorcasa.com\/mao\/\">Mah\u00f3n<\/a><\/strong>: Encanto hist\u00f3rico y todos los servicios.<\/li><li><strong><a href=\"https:\/\/menorcasa.com\/es\/property-city\/binibeca-es\/\">Binibeca<\/a> y Punta Prima<\/strong>: Casas junto al mar en entornos id\u00edlicos.<\/li><li><strong><a href=\"https:\/\/menorcasa.com\/es\/property-city\/playas-de-fornells-es\/\">Fornells<\/a> y <a href=\"https:\/\/menorcasa.com\/es\/es-mercadal\/\">Es Mercadal<\/a><\/strong>: Naturaleza y tranquilidad en el coraz\u00f3n de la isla.<\/li><\/ul>\t\t\t\t\t\t\t\t<\/div>\n\t\t\t\t<\/div>\n\t\t\t\t\t<\/div>\n\t\t<\/div>\n\t\t\t\t\t<\/div>\n\t\t<\/section>\n\t\t\t\t<\/div>\n\t\t","protected":false},"excerpt":{"rendered":"<p>Casas en venta en Menorca Conocida como la joya del Mediterr\u00e1neo, Menorca es una impresionante isla virgen que ofrece playas y paisajes incre\u00edbles. Si desea comprar una casa en una ubicaci\u00f3n tan id\u00edlica, vea nuestra amplia selecci\u00f3n de casas en venta en Menorca, tanto costera como interior. Contamos con una amplia selecci\u00f3n de casas en&#8230;<\/p>\n","protected":false},"author":13,"featured_media":0,"parent":0,"menu_order":0,"comment_status":"closed","ping_status":"closed","template":"templates\/grid-layout-full-width.php","meta":{"footnotes":""},"class_list":["post-137394","page","type-page","status-publish","hentry"],"yoast_head":"<!-- This site is optimized with the Yoast SEO Premium plugin v21.4 (Yoast SEO v27.1.1) - https:\/\/yoast.com\/product\/yoast-seo-premium-wordpress\/ -->\n<title>Casas en venta en Menorca | Inmobiliaria en Menorca | Menorcasa<\/title>\n<meta name=\"description\" content=\"Descubre ahora nuestro cat\u00e1logo de las mejores CASAS en VENTA en MENORCA: villas, fincas, apartamentos..., y visita tu favorita SIN COMPROMISO!\" \/>\n<meta name=\"robots\" content=\"index, follow, max-snippet:-1, max-image-preview:large, max-video-preview:-1\" \/>\n<link rel=\"canonical\" href=\"https:\/\/menorcasa.com\/es\/casas-en-venta-en-menorca\/\" \/>\n<meta property=\"og:locale\" content=\"es_ES\" \/>\n<meta property=\"og:type\" content=\"article\" \/>\n<meta property=\"og:title\" content=\"Casas en venta en Menorca\" \/>\n<meta property=\"og:description\" content=\"Descubre ahora nuestro cat\u00e1logo de las mejores CASAS en VENTA en MENORCA: villas, fincas, apartamentos..., y visita tu favorita SIN COMPROMISO!\" \/>\n<meta property=\"og:url\" content=\"https:\/\/menorcasa.com\/es\/casas-en-venta-en-menorca\/\" \/>\n<meta property=\"og:site_name\" content=\"Menorcasa\" \/>\n<meta property=\"article:publisher\" content=\"https:\/\/www.facebook.com\/propertiesforsalemenorcasa\/\" \/>\n<meta property=\"article:modified_time\" content=\"2025-06-04T09:27:52+00:00\" \/>\n<meta name=\"twitter:card\" content=\"summary_large_image\" \/>\n<meta name=\"twitter:label1\" content=\"Tiempo de lectura\" \/>\n\t<meta name=\"twitter:data1\" content=\"1 minuto\" \/>\n<script type=\"application\/ld+json\" class=\"yoast-schema-graph\">{\"@context\":\"https:\/\/schema.org\",\"@graph\":[{\"@type\":\"WebPage\",\"@id\":\"https:\/\/menorcasa.com\/es\/casas-en-venta-en-menorca\/\",\"url\":\"https:\/\/menorcasa.com\/es\/casas-en-venta-en-menorca\/\",\"name\":\"Casas en venta en Menorca | Inmobiliaria en Menorca | Menorcasa\",\"isPartOf\":{\"@id\":\"https:\/\/menorcasa.com\/es\/#website\"},\"datePublished\":\"2024-01-24T15:36:20+00:00\",\"dateModified\":\"2025-06-04T09:27:52+00:00\",\"description\":\"Descubre ahora nuestro cat\u00e1logo de las mejores CASAS en VENTA en MENORCA: villas, fincas, apartamentos..., y visita tu favorita SIN COMPROMISO!\",\"breadcrumb\":{\"@id\":\"https:\/\/menorcasa.com\/es\/casas-en-venta-en-menorca\/#breadcrumb\"},\"inLanguage\":\"es\",\"potentialAction\":[{\"@type\":\"ReadAction\",\"target\":[\"https:\/\/menorcasa.com\/es\/casas-en-venta-en-menorca\/\"]}]},{\"@type\":\"BreadcrumbList\",\"@id\":\"https:\/\/menorcasa.com\/es\/casas-en-venta-en-menorca\/#breadcrumb\",\"itemListElement\":[{\"@type\":\"ListItem\",\"position\":1,\"name\":\"Propiedades en Venta en Menorca\",\"item\":\"https:\/\/menorcasa.com\/es\/\"},{\"@type\":\"ListItem\",\"position\":2,\"name\":\"Casas en venta en Menorca\"}]},{\"@type\":\"WebSite\",\"@id\":\"https:\/\/menorcasa.com\/es\/#website\",\"url\":\"https:\/\/menorcasa.com\/es\/\",\"name\":\"Menorcasa\",\"description\":\"properties for sale in menorca: villas, apartments, homes and more\",\"publisher\":{\"@id\":\"https:\/\/menorcasa.com\/es\/#organization\"},\"potentialAction\":[{\"@type\":\"SearchAction\",\"target\":{\"@type\":\"EntryPoint\",\"urlTemplate\":\"https:\/\/menorcasa.com\/es\/?s={search_term_string}\"},\"query-input\":{\"@type\":\"PropertyValueSpecification\",\"valueRequired\":true,\"valueName\":\"search_term_string\"}}],\"inLanguage\":\"es\"},{\"@type\":\"Organization\",\"@id\":\"https:\/\/menorcasa.com\/es\/#organization\",\"name\":\"Menorcasa\",\"url\":\"https:\/\/menorcasa.com\/es\/\",\"logo\":{\"@type\":\"ImageObject\",\"inLanguage\":\"es\",\"@id\":\"https:\/\/menorcasa.com\/es\/#\/schema\/logo\/image\/\",\"url\":\"\",\"contentUrl\":\"\",\"caption\":\"Menorcasa\"},\"image\":{\"@id\":\"https:\/\/menorcasa.com\/es\/#\/schema\/logo\/image\/\"},\"sameAs\":[\"https:\/\/www.facebook.com\/propertiesforsalemenorcasa\/\",\"https:\/\/www.instagram.com\/menorcasaproperties\/\"]}]}<\/script>\n<!-- \/ Yoast SEO Premium plugin. -->","yoast_head_json":{"title":"Casas en venta en Menorca | Inmobiliaria en Menorca | Menorcasa","description":"Descubre ahora nuestro cat\u00e1logo de las mejores CASAS en VENTA en MENORCA: villas, fincas, apartamentos..., y visita tu favorita SIN COMPROMISO!","robots":{"index":"index","follow":"follow","max-snippet":"max-snippet:-1","max-image-preview":"max-image-preview:large","max-video-preview":"max-video-preview:-1"},"canonical":"https:\/\/menorcasa.com\/es\/casas-en-venta-en-menorca\/","og_locale":"es_ES","og_type":"article","og_title":"Casas en venta en Menorca","og_description":"Descubre ahora nuestro cat\u00e1logo de las mejores CASAS en VENTA en MENORCA: villas, fincas, apartamentos..., y visita tu favorita SIN COMPROMISO!","og_url":"https:\/\/menorcasa.com\/es\/casas-en-venta-en-menorca\/","og_site_name":"Menorcasa","article_publisher":"https:\/\/www.facebook.com\/propertiesforsalemenorcasa\/","article_modified_time":"2025-06-04T09:27:52+00:00","twitter_card":"summary_large_image","twitter_misc":{"Tiempo de lectura":"1 minuto"},"schema":{"@context":"https:\/\/schema.org","@graph":[{"@type":"WebPage","@id":"https:\/\/menorcasa.com\/es\/casas-en-venta-en-menorca\/","url":"https:\/\/menorcasa.com\/es\/casas-en-venta-en-menorca\/","name":"Casas en venta en Menorca | Inmobiliaria en Menorca | Menorcasa","isPartOf":{"@id":"https:\/\/menorcasa.com\/es\/#website"},"datePublished":"2024-01-24T15:36:20+00:00","dateModified":"2025-06-04T09:27:52+00:00","description":"Descubre ahora nuestro cat\u00e1logo de las mejores CASAS en VENTA en MENORCA: villas, fincas, apartamentos..., y visita tu favorita SIN COMPROMISO!","breadcrumb":{"@id":"https:\/\/menorcasa.com\/es\/casas-en-venta-en-menorca\/#breadcrumb"},"inLanguage":"es","potentialAction":[{"@type":"ReadAction","target":["https:\/\/menorcasa.com\/es\/casas-en-venta-en-menorca\/"]}]},{"@type":"BreadcrumbList","@id":"https:\/\/menorcasa.com\/es\/casas-en-venta-en-menorca\/#breadcrumb","itemListElement":[{"@type":"ListItem","position":1,"name":"Propiedades en Venta en Menorca","item":"https:\/\/menorcasa.com\/es\/"},{"@type":"ListItem","position":2,"name":"Casas en venta en Menorca"}]},{"@type":"WebSite","@id":"https:\/\/menorcasa.com\/es\/#website","url":"https:\/\/menorcasa.com\/es\/","name":"Menorcasa","description":"properties for sale in menorca: villas, apartments, homes and more","publisher":{"@id":"https:\/\/menorcasa.com\/es\/#organization"},"potentialAction":[{"@type":"SearchAction","target":{"@type":"EntryPoint","urlTemplate":"https:\/\/menorcasa.com\/es\/?s={search_term_string}"},"query-input":{"@type":"PropertyValueSpecification","valueRequired":true,"valueName":"search_term_string"}}],"inLanguage":"es"},{"@type":"Organization","@id":"https:\/\/menorcasa.com\/es\/#organization","name":"Menorcasa","url":"https:\/\/menorcasa.com\/es\/","logo":{"@type":"ImageObject","inLanguage":"es","@id":"https:\/\/menorcasa.com\/es\/#\/schema\/logo\/image\/","url":"","contentUrl":"","caption":"Menorcasa"},"image":{"@id":"https:\/\/menorcasa.com\/es\/#\/schema\/logo\/image\/"},"sameAs":["https:\/\/www.facebook.com\/propertiesforsalemenorcasa\/","https:\/\/www.instagram.com\/menorcasaproperties\/"]}]}},"_links":{"self":[{"href":"https:\/\/menorcasa.com\/es\/wp-json\/wp\/v2\/pages\/137394","targetHints":{"allow":["GET"]}}],"collection":[{"href":"https:\/\/menorcasa.com\/es\/wp-json\/wp\/v2\/pages"}],"about":[{"href":"https:\/\/menorcasa.com\/es\/wp-json\/wp\/v2\/types\/page"}],"author":[{"embeddable":true,"href":"https:\/\/menorcasa.com\/es\/wp-json\/wp\/v2\/users\/13"}],"replies":[{"embeddable":true,"href":"https:\/\/menorcasa.com\/es\/wp-json\/wp\/v2\/comments?post=137394"}],"version-history":[{"count":0,"href":"https:\/\/menorcasa.com\/es\/wp-json\/wp\/v2\/pages\/137394\/revisions"}],"wp:attachment":[{"href":"https:\/\/menorcasa.com\/es\/wp-json\/wp\/v2\/media?parent=137394"}],"curies":[{"name":"wp","href":"https:\/\/api.w.org\/{rel}","templated":true}]}}