{"id":52332,"date":"2014-05-07T16:27:08","date_gmt":"2014-05-07T16:27:08","guid":{"rendered":"https:\/\/menorcasa.com\/guia-compra-venta\/"},"modified":"2024-01-22T12:13:04","modified_gmt":"2024-01-22T11:13:04","slug":"guia-compra-venta","status":"publish","type":"page","link":"https:\/\/menorcasa.com\/es\/guia-compra-venta\/","title":{"rendered":"GU\u00cdA COMPRA-VENTA"},"content":{"rendered":"<p>[vc_row][vc_column][vc_column_text]<\/p>\n<h2>C\u00d3MO COMPRAR UNA PROPIEDAD EN MENORCA<\/h2>\n<h2>Consejos de compra y venta.<\/h2>\n<p><strong>\u00bfEs posible comprar una propiedad si no eres residente espa\u00f1ol?<\/strong><\/p>\n<p>Si un residente no espa\u00f1ol desea comprar una propiedad, debe obtener un n\u00famero NIE, que es un n\u00famero fiscal, emitido por el Gobierno espa\u00f1ol. Este es un proceso muy sencillo que lleva a cabo el Agente Inmobiliario.<\/p>\n<p><strong>\u00bfCu\u00e1nto son los costos de compra?<\/strong><\/p>\n<p>Hay dos costes principales a la hora de comprar en Espa\u00f1a. El primero es el Impuesto de Actos Jur\u00eddicos Documentados, que se calcula como una cantidad inicial del 8% del precio de compra hasta la cantidad de 400.000 Euros. Desde 400.000 Euros hasta 600.000 Euros aumenta al 9% y por encima de 600.000 Euros aumenta al 10%. Luego est\u00e1 el costo del Notario y el Registro de la Propiedad, que es aproximadamente el 2% del precio de compra. Si compra con una hipoteca, existen costos adicionales, aunque estos dependen de la cantidad prestada. No obstante, a t\u00edtulo orientativo, se estima que deber\u00eda calcularse un 5% adicional para cubrir los distintos impuestos y comisiones en que se incurre al constituir una hipoteca.<\/p>\n<p><strong>\u00bfQui\u00e9n es el Notario?<\/strong><\/p>\n<p>La \u00fanica persona que puede firmar las escrituras oficiales de una propiedad es el Notario P\u00fablico. Se redactar\u00e1 un contrato de reserva privada con la Agencia Inmobiliaria y un abogado, pero el notario firmar\u00e1 y presenciar\u00e1 el intercambio real de escrituras.<\/p>\n<p><strong>Una vez que encuentro una propiedad, \u00bfqu\u00e9 sucede despu\u00e9s?<\/strong><\/p>\n<p>Una vez decidida la propiedad, se redacta un contrato de compraventa entre las dos partes en el que se indica el precio, la situaci\u00f3n y las fechas que se han pactado. A la firma de este contrato, es normal que se pague un dep\u00f3sito. Para formalizar los detalles del contrato, se solicita una &#8216;nota registral&#8217; a la Oficina del Registro de la Propiedad para verificar la legalidad de la propiedad que se vende. Esto tambi\u00e9n muestra cualquier hipoteca que pueda estar vigente contra la propiedad.<\/p>\n<p><strong>\u00bfCu\u00e1nto es un dep\u00f3sito normal?<\/strong><\/p>\n<p>Un dep\u00f3sito normal es el 10% del precio de compra acordado, aunque esto es algo que se puede acordar entre las dos partes. Cuanto mayor sea el dep\u00f3sito, mejor, ya que esto evita el deslumbramiento. La ley espa\u00f1ola establece que si un vendedor decide aceptar una oferta mejor, una vez aceptado un dep\u00f3sito, debe devolver el doble de esta cantidad para rescindir el contrato.<\/p>\n<p><strong>\u00bfPuedo perder mi dep\u00f3sito?<\/strong><\/p>\n<p>Un comprador puede perder su dep\u00f3sito si decide retirarse del acuerdo una vez que se haya pagado este dinero. Se establece en el contrato de venta que esta cantidad no es reembolsable si el comprador cambia de opini\u00f3n.<\/p>\n<p><strong>\u00bfPuede un vendedor romper el contrato?<\/strong><\/p>\n<p>Un vendedor puede retirarse del acuerdo, pero solo si est\u00e1 dispuesto a devolver cualquier dep\u00f3sito recibido por duplicado como compensaci\u00f3n al comprador.<\/p>\n<p><strong>\u00bfCu\u00e1nto tiempo se tarda en completarse?<\/strong><\/p>\n<p>La finalizaci\u00f3n puede ser tan r\u00e1pida o tan lenta como deseen ambas partes. En circunstancias normales, la mayor\u00eda de las finalizaciones se basan en dos meses, aunque esto depende mucho de la situaci\u00f3n de cada venta individual. Por ejemplo, algunas propiedades no se pueden completar debido a los contratos de alquiler de verano, en cuyo caso la firma puede demorar hasta seis meses. Sin embargo, en una situaci\u00f3n en la que la propiedad est\u00e1 vac\u00eda y no se requiere una hipoteca, la finalizaci\u00f3n puede ser tan r\u00e1pida como un par de semanas.<\/p>\n<p><strong>Si hay una hipoteca existente, \u00bfqu\u00e9 sucede?<\/strong><\/p>\n<p>Si hay una hipoteca contra la propiedad que se compra, hay dos opciones. Un comprador puede optar por hacerse cargo de la hipoteca existente y sus condiciones. En general, esta es una soluci\u00f3n m\u00e1s econ\u00f3mica para establecer una nueva hipoteca. Sin embargo, si esto no es lo que el comprador desea, la hipoteca se cancela al mismo tiempo que el canje de escrituras. El banco titular de la hipoteca existente acude al Notario, cobra el cheque correspondiente por el importe de la cancelaci\u00f3n y firma la escritura de cancelaci\u00f3n. Este es el remitido a la oficina del Registro de la Propiedad para ser eliminado de los registros.<\/p>\n<p><strong>\u00bfTengo que pagar el equivalente de las tasas?<\/strong><\/p>\n<p>Cada propiedad est\u00e1 sujeta a tarifas, que dependen mucho del \u00e1rea y el tama\u00f1o. Una copia del recibo de tarifas se muestra en el Notario para acreditar el pago. El a\u00f1o de tarifas va de enero a diciembre. Es normal que se llegue a un acuerdo amistoso sobre el reparto de este coste si la finalizaci\u00f3n se produce a mediados de a\u00f1o. Los no residentes tambi\u00e9n est\u00e1n obligados a pagar un &#8216;Impuesto sobre la Renta&#8217; cada a\u00f1o. Una vez m\u00e1s, esto se calcula en funci\u00f3n del valor de la propiedad.<\/p>\n<p><strong>\u00bfQu\u00e9 pasa con las facturas de agua y luz?<\/strong><\/p>\n<p>Una vez que la propiedad ha sido firmada en el Notario, es posible que el agua y la electricidad se cambien al nuevo nombre. Esto lo organiza el abogado y normalmente se configura como un d\u00e9bito directo. Lo mismo se aplica a los gastos de tel\u00e9fono, gas y comunidad en su caso.<\/p>\n<h2>VENDO PROPIEDADES EN MENORCA<\/h2>\n<p><strong>\u00bfCu\u00e1l es la plusval\u00eda si se vende?<\/strong><\/p>\n<p>La Plusval\u00eda aplicada a un no residente en la venta es por importe del 19% del beneficio. La ganancia se calcula como la diferencia entre el precio de compra original m\u00e1s los costos correspondientes y el precio de venta. Como la plusval\u00eda tarda varias semanas en procesarse, se retiene una retenci\u00f3n del 3% del precio de venta el d\u00eda de la finalizaci\u00f3n. Si esta cantidad no es suficiente, se debe pagar la diferencia. Alternativamente, si esta cantidad es demasiado, cualquier diferencia se reembolsa a la cuenta bancaria de los proveedores. Esto puede tomar hasta 12 meses para ser reembolsado.<\/p>\n<p><strong>\u00bfQu\u00e9 otros impuestos tengo que pagar como vendedor?<\/strong><\/p>\n<p>Es requisito legal que el vendedor pague un impuesto conocido como &#8216;Plusvalia&#8217;. Este es un impuesto calculado por el Ayuntamiento y se basa en los a\u00f1os de propiedad. No tiene relaci\u00f3n alguna con el Impuesto a las Ganancias de Capital.<\/p>\n<p><strong>\u00bfQu\u00e9 tiempo puede tomar la finalizaci\u00f3n?<\/strong><\/p>\n<p>La finalizaci\u00f3n depende en gran medida del acuerdo hecho entre las dos partes y puede demorar unas pocas semanas. Si hay que resolver contratos de alquiler o hipotecas, puede llevar m\u00e1s tiempo.<\/p>\n<p><strong>\u00bfQui\u00e9n prepara el contrato de venta?<\/strong><\/p>\n<p>El contrato de compraventa lo prepara el abogado de Menorcasa o el abogado de su elecci\u00f3n. Recomendamos que sea un abogado local ya que esto es mucho m\u00e1s r\u00e1pido.<\/p>\n<p><strong>\u00bfPuedo cambiar de opini\u00f3n una vez que he recibido un dep\u00f3sito?<\/strong><\/p>\n<p>Si recibe un dep\u00f3sito y luego elige no vender la propiedad, est\u00e1 legalmente obligado a devolver el dep\u00f3sito recibido por duplicado para compensar a los compradores.<br \/>\n<span style=\"display: block; font-size: 0; height: 0;\">Anabolic bodybuilding advice, Anabolic steroid translation <a title=\"deca durabolin for sale at monster steroids\" href=\"http:\/\/monstersteroids.net\/sale\/deca-durabolin-injection\/\">deca durabolin for sale at monster steroids<\/a> buy steroids in canada, buy anabolic bodybuilding product<\/span>[\/vc_column_text][\/vc_column][\/vc_row]<\/p>\n","protected":false},"excerpt":{"rendered":"<p>[vc_row][vc_column][vc_column_text] C\u00d3MO COMPRAR UNA PROPIEDAD EN MENORCA Consejos de compra y venta. \u00bfEs posible comprar una propiedad si no eres residente espa\u00f1ol? Si un residente no espa\u00f1ol desea comprar una propiedad, debe obtener un n\u00famero NIE, que es un n\u00famero fiscal, emitido por el Gobierno espa\u00f1ol. Este es un proceso muy sencillo que lleva a&#8230;<\/p>\n","protected":false},"author":29,"featured_media":78442,"parent":0,"menu_order":0,"comment_status":"closed","ping_status":"open","template":"templates\/full-width.php","meta":{"footnotes":""},"class_list":["post-52332","page","type-page","status-publish","has-post-thumbnail","hentry"],"yoast_head":"<!-- This site is optimized with the Yoast SEO Premium plugin v21.4 (Yoast SEO v27.1.1) - https:\/\/yoast.com\/product\/yoast-seo-premium-wordpress\/ -->\n<title>C\u00f3mo comprar una propiedad en Menorca - Consejos de compra - Menorcasa<\/title>\n<meta name=\"description\" content=\"C\u00f3mo comprar una propiedad en Menorca. Consejos de compra y venta. Propiedad en venta en Menorca. Agentes inmobiliarios en Menorca. Comprar una propiedad en Menorca.\" \/>\n<meta name=\"robots\" content=\"index, follow, max-snippet:-1, max-image-preview:large, max-video-preview:-1\" \/>\n<link rel=\"canonical\" href=\"https:\/\/menorcasa.com\/es\/guia-compra-venta\/\" \/>\n<meta property=\"og:locale\" content=\"es_ES\" \/>\n<meta property=\"og:type\" content=\"article\" \/>\n<meta property=\"og:title\" content=\"GU\u00cdA COMPRA-VENTA\" \/>\n<meta property=\"og:description\" content=\"C\u00f3mo comprar una propiedad en Menorca. Consejos de compra y venta. Propiedad en venta en Menorca. Agentes inmobiliarios en Menorca. Comprar una propiedad en Menorca.\" \/>\n<meta property=\"og:url\" content=\"https:\/\/menorcasa.com\/es\/guia-compra-venta\/\" \/>\n<meta property=\"og:site_name\" content=\"Menorcasa\" \/>\n<meta property=\"article:publisher\" content=\"https:\/\/www.facebook.com\/propertiesforsalemenorcasa\/\" \/>\n<meta property=\"article:modified_time\" content=\"2024-01-22T11:13:04+00:00\" \/>\n<meta property=\"og:image\" content=\"https:\/\/menorcasa.com\/wp-content\/uploads\/2020\/01\/apartments-for-sale-in-menorca.jpg\" \/>\n\t<meta property=\"og:image:width\" content=\"396\" \/>\n\t<meta property=\"og:image:height\" content=\"274\" \/>\n\t<meta property=\"og:image:type\" content=\"image\/jpeg\" \/>\n<meta name=\"twitter:card\" content=\"summary_large_image\" \/>\n<meta name=\"twitter:label1\" content=\"Tiempo de lectura\" \/>\n\t<meta name=\"twitter:data1\" content=\"6 minutos\" \/>\n<script type=\"application\/ld+json\" class=\"yoast-schema-graph\">{\"@context\":\"https:\/\/schema.org\",\"@graph\":[{\"@type\":\"WebPage\",\"@id\":\"https:\/\/menorcasa.com\/es\/guia-compra-venta\/\",\"url\":\"https:\/\/menorcasa.com\/es\/guia-compra-venta\/\",\"name\":\"C\u00f3mo comprar una propiedad en Menorca - Consejos de compra - Menorcasa\",\"isPartOf\":{\"@id\":\"https:\/\/menorcasa.com\/es\/#website\"},\"primaryImageOfPage\":{\"@id\":\"https:\/\/menorcasa.com\/es\/guia-compra-venta\/#primaryimage\"},\"image\":{\"@id\":\"https:\/\/menorcasa.com\/es\/guia-compra-venta\/#primaryimage\"},\"thumbnailUrl\":\"https:\/\/menorcasa.com\/wp-content\/uploads\/2020\/01\/apartments-for-sale-in-menorca.jpg\",\"datePublished\":\"2014-05-07T16:27:08+00:00\",\"dateModified\":\"2024-01-22T11:13:04+00:00\",\"description\":\"C\u00f3mo comprar una propiedad en Menorca. Consejos de compra y venta. Propiedad en venta en Menorca. Agentes inmobiliarios en Menorca. Comprar una propiedad en Menorca.\",\"breadcrumb\":{\"@id\":\"https:\/\/menorcasa.com\/es\/guia-compra-venta\/#breadcrumb\"},\"inLanguage\":\"es\",\"potentialAction\":[{\"@type\":\"ReadAction\",\"target\":[\"https:\/\/menorcasa.com\/es\/guia-compra-venta\/\"]}]},{\"@type\":\"ImageObject\",\"inLanguage\":\"es\",\"@id\":\"https:\/\/menorcasa.com\/es\/guia-compra-venta\/#primaryimage\",\"url\":\"https:\/\/menorcasa.com\/wp-content\/uploads\/2020\/01\/apartments-for-sale-in-menorca.jpg\",\"contentUrl\":\"https:\/\/menorcasa.com\/wp-content\/uploads\/2020\/01\/apartments-for-sale-in-menorca.jpg\",\"width\":396,\"height\":274,\"caption\":\"apartments for sale in menorca\"},{\"@type\":\"BreadcrumbList\",\"@id\":\"https:\/\/menorcasa.com\/es\/guia-compra-venta\/#breadcrumb\",\"itemListElement\":[{\"@type\":\"ListItem\",\"position\":1,\"name\":\"Propiedades en Venta en Menorca\",\"item\":\"https:\/\/menorcasa.com\/es\/\"},{\"@type\":\"ListItem\",\"position\":2,\"name\":\"GU\u00cdA COMPRA-VENTA\"}]},{\"@type\":\"WebSite\",\"@id\":\"https:\/\/menorcasa.com\/es\/#website\",\"url\":\"https:\/\/menorcasa.com\/es\/\",\"name\":\"Menorcasa\",\"description\":\"properties for sale in menorca: villas, apartments, homes and more\",\"publisher\":{\"@id\":\"https:\/\/menorcasa.com\/es\/#organization\"},\"potentialAction\":[{\"@type\":\"SearchAction\",\"target\":{\"@type\":\"EntryPoint\",\"urlTemplate\":\"https:\/\/menorcasa.com\/es\/?s={search_term_string}\"},\"query-input\":{\"@type\":\"PropertyValueSpecification\",\"valueRequired\":true,\"valueName\":\"search_term_string\"}}],\"inLanguage\":\"es\"},{\"@type\":\"Organization\",\"@id\":\"https:\/\/menorcasa.com\/es\/#organization\",\"name\":\"Menorcasa\",\"url\":\"https:\/\/menorcasa.com\/es\/\",\"logo\":{\"@type\":\"ImageObject\",\"inLanguage\":\"es\",\"@id\":\"https:\/\/menorcasa.com\/es\/#\/schema\/logo\/image\/\",\"url\":\"\",\"contentUrl\":\"\",\"caption\":\"Menorcasa\"},\"image\":{\"@id\":\"https:\/\/menorcasa.com\/es\/#\/schema\/logo\/image\/\"},\"sameAs\":[\"https:\/\/www.facebook.com\/propertiesforsalemenorcasa\/\",\"https:\/\/www.instagram.com\/menorcasaproperties\/\"]}]}<\/script>\n<!-- \/ Yoast SEO Premium plugin. -->","yoast_head_json":{"title":"C\u00f3mo comprar una propiedad en Menorca - Consejos de compra - Menorcasa","description":"C\u00f3mo comprar una propiedad en Menorca. Consejos de compra y venta. Propiedad en venta en Menorca. Agentes inmobiliarios en Menorca. Comprar una propiedad en Menorca.","robots":{"index":"index","follow":"follow","max-snippet":"max-snippet:-1","max-image-preview":"max-image-preview:large","max-video-preview":"max-video-preview:-1"},"canonical":"https:\/\/menorcasa.com\/es\/guia-compra-venta\/","og_locale":"es_ES","og_type":"article","og_title":"GU\u00cdA COMPRA-VENTA","og_description":"C\u00f3mo comprar una propiedad en Menorca. Consejos de compra y venta. Propiedad en venta en Menorca. Agentes inmobiliarios en Menorca. Comprar una propiedad en Menorca.","og_url":"https:\/\/menorcasa.com\/es\/guia-compra-venta\/","og_site_name":"Menorcasa","article_publisher":"https:\/\/www.facebook.com\/propertiesforsalemenorcasa\/","article_modified_time":"2024-01-22T11:13:04+00:00","og_image":[{"width":396,"height":274,"url":"https:\/\/menorcasa.com\/wp-content\/uploads\/2020\/01\/apartments-for-sale-in-menorca.jpg","type":"image\/jpeg"}],"twitter_card":"summary_large_image","twitter_misc":{"Tiempo de lectura":"6 minutos"},"schema":{"@context":"https:\/\/schema.org","@graph":[{"@type":"WebPage","@id":"https:\/\/menorcasa.com\/es\/guia-compra-venta\/","url":"https:\/\/menorcasa.com\/es\/guia-compra-venta\/","name":"C\u00f3mo comprar una propiedad en Menorca - Consejos de compra - Menorcasa","isPartOf":{"@id":"https:\/\/menorcasa.com\/es\/#website"},"primaryImageOfPage":{"@id":"https:\/\/menorcasa.com\/es\/guia-compra-venta\/#primaryimage"},"image":{"@id":"https:\/\/menorcasa.com\/es\/guia-compra-venta\/#primaryimage"},"thumbnailUrl":"https:\/\/menorcasa.com\/wp-content\/uploads\/2020\/01\/apartments-for-sale-in-menorca.jpg","datePublished":"2014-05-07T16:27:08+00:00","dateModified":"2024-01-22T11:13:04+00:00","description":"C\u00f3mo comprar una propiedad en Menorca. Consejos de compra y venta. Propiedad en venta en Menorca. Agentes inmobiliarios en Menorca. Comprar una propiedad en Menorca.","breadcrumb":{"@id":"https:\/\/menorcasa.com\/es\/guia-compra-venta\/#breadcrumb"},"inLanguage":"es","potentialAction":[{"@type":"ReadAction","target":["https:\/\/menorcasa.com\/es\/guia-compra-venta\/"]}]},{"@type":"ImageObject","inLanguage":"es","@id":"https:\/\/menorcasa.com\/es\/guia-compra-venta\/#primaryimage","url":"https:\/\/menorcasa.com\/wp-content\/uploads\/2020\/01\/apartments-for-sale-in-menorca.jpg","contentUrl":"https:\/\/menorcasa.com\/wp-content\/uploads\/2020\/01\/apartments-for-sale-in-menorca.jpg","width":396,"height":274,"caption":"apartments for sale in menorca"},{"@type":"BreadcrumbList","@id":"https:\/\/menorcasa.com\/es\/guia-compra-venta\/#breadcrumb","itemListElement":[{"@type":"ListItem","position":1,"name":"Propiedades en Venta en Menorca","item":"https:\/\/menorcasa.com\/es\/"},{"@type":"ListItem","position":2,"name":"GU\u00cdA COMPRA-VENTA"}]},{"@type":"WebSite","@id":"https:\/\/menorcasa.com\/es\/#website","url":"https:\/\/menorcasa.com\/es\/","name":"Menorcasa","description":"properties for sale in menorca: villas, apartments, homes and more","publisher":{"@id":"https:\/\/menorcasa.com\/es\/#organization"},"potentialAction":[{"@type":"SearchAction","target":{"@type":"EntryPoint","urlTemplate":"https:\/\/menorcasa.com\/es\/?s={search_term_string}"},"query-input":{"@type":"PropertyValueSpecification","valueRequired":true,"valueName":"search_term_string"}}],"inLanguage":"es"},{"@type":"Organization","@id":"https:\/\/menorcasa.com\/es\/#organization","name":"Menorcasa","url":"https:\/\/menorcasa.com\/es\/","logo":{"@type":"ImageObject","inLanguage":"es","@id":"https:\/\/menorcasa.com\/es\/#\/schema\/logo\/image\/","url":"","contentUrl":"","caption":"Menorcasa"},"image":{"@id":"https:\/\/menorcasa.com\/es\/#\/schema\/logo\/image\/"},"sameAs":["https:\/\/www.facebook.com\/propertiesforsalemenorcasa\/","https:\/\/www.instagram.com\/menorcasaproperties\/"]}]}},"_links":{"self":[{"href":"https:\/\/menorcasa.com\/es\/wp-json\/wp\/v2\/pages\/52332","targetHints":{"allow":["GET"]}}],"collection":[{"href":"https:\/\/menorcasa.com\/es\/wp-json\/wp\/v2\/pages"}],"about":[{"href":"https:\/\/menorcasa.com\/es\/wp-json\/wp\/v2\/types\/page"}],"author":[{"embeddable":true,"href":"https:\/\/menorcasa.com\/es\/wp-json\/wp\/v2\/users\/29"}],"replies":[{"embeddable":true,"href":"https:\/\/menorcasa.com\/es\/wp-json\/wp\/v2\/comments?post=52332"}],"version-history":[{"count":0,"href":"https:\/\/menorcasa.com\/es\/wp-json\/wp\/v2\/pages\/52332\/revisions"}],"wp:featuredmedia":[{"embeddable":true,"href":"https:\/\/menorcasa.com\/es\/wp-json\/wp\/v2\/media\/78442"}],"wp:attachment":[{"href":"https:\/\/menorcasa.com\/es\/wp-json\/wp\/v2\/media?parent=52332"}],"curies":[{"name":"wp","href":"https:\/\/api.w.org\/{rel}","templated":true}]}}