{"id":57663,"date":"2018-05-24T15:53:16","date_gmt":"2018-05-24T15:53:16","guid":{"rendered":"https:\/\/menorcasa.com\/?page_id=57663"},"modified":"2018-05-24T15:55:33","modified_gmt":"2018-05-24T15:55:33","slug":"aviso-legal","status":"publish","type":"page","link":"https:\/\/menorcasa.com\/es\/aviso-legal\/","title":{"rendered":"Aviso Legal"},"content":{"rendered":"<h1>Aviso Legal<\/h1>\n<p>CONDICIONES GENERALES DE USO DEL SITIO WEB<br \/>\nWWW.MENORCASA.COM<\/p>\n<p>1.- INTRODUCCI\u00d3N.<\/p>\n<p>El presente documento tiene como finalidad el establecer y regular las normas de uso as\u00ed como la salvaguardia de los datos del Sitio www.menorcasa.com (en adelante el \u00abSitio\u00bb), entendiendo por Sitio todas las p\u00e1ginas y sus contenidos propiedad de MENORCASA PROPERTIES, S.L. a las cuales se accede a trav\u00e9s del dominio www.menorcasa.com y sus subdominios de conformidad con lo previsto en la Ley 34\/2002m de 11 de julio, de Servicios de la Sociedad de la Informaci\u00f3n y de Comercio Electr\u00f3nico, y otras normas de legal aplicaci\u00f3n.<\/p>\n<p>Mediante el Sitio, MENORCASA PROPERTIES, S.L. pretende acercar a sus clientes los servicios de informaci\u00f3n, reserva de habitaciones, b\u00fasqueda de empleo, as\u00ed como de cualquier otro servicio que en su momento se estime oportuno para la correcta consecuci\u00f3n de su objeto social.<\/p>\n<p>La utilizaci\u00f3n de esta p\u00e1gina, as\u00ed como de los servicios que en ella se pone a disposici\u00f3n del usuario, supondr\u00e1 la aceptaci\u00f3n plena y sin reservas de todas y cada una de las condiciones generales recogidas en el presente Aviso Legal (en adelante las \u00abCondiciones Generales\u00bb), por lo que el usuario deber\u00e1 de ser consciente de la importancia de leerlas cada vez que visite el Sitio. El hecho de acceder a este Sitio implica el conocimiento y aceptaci\u00f3n de las siguientes Condiciones Generales por lo que MENORCASA recomienda al usuario su impresi\u00f3n o su descarga y lectura detallada cada vez que acceda al Sitio.<\/p>\n<p>Los contenidos del web, en especial las referencias informativas y publicitarias, tienen como objeto \u00fanicamente servicios de informaci\u00f3n comercial, sin poder realizar a trav\u00e9s del portal ninguna transacci\u00f3n que implique comercio electr\u00f3nico, ni siquiera reservas. Menorcasa Properties, S.L. se reserva el derecho a introducir modificaciones u omitir parcial o totalmente los actuales contenidos del web cuando lo considere oportuno, as\u00ed como impedir o restringir el acceso de forma temporal o permanente.<\/p>\n<p>2.- INFORMACI\u00d3N GENERAL.<\/p>\n<p>El titular del presente Sitio es MENORCASA PROPERTIES, S.L. con Domicilio Social en Mah\u00f3n; Plaza Pr\u00edncipe, n\u00fam. 4, 07701 Mah\u00f3n, Islas Baleares; inscrita en el Registro Mercantil de Mah\u00f3n al Tomo 146, Folio 180, Hoja n\u00famero im-6074 y provista de C.I.F B-57.881.708.<\/p>\n<p>3.- USO DEL SITIO.<\/p>\n<p>Mediante la aceptaci\u00f3n de las presentes Condiciones Generales el usuario se compromete a usar el presente Sitio y los servicios puestos a su disposici\u00f3n en el mismo, de la manera y en la forma que en \u00e9l mismo se establece. Quedando obligado a no utilizar el presente Sitio y sus servicios con fines il\u00edcitos y\/o contrarios a los fines establecidos en estas Condiciones Generales, que pudieran ser lesivos de derechos y\/o intereses de terceros o que de cualquier forma puedan da\u00f1ar el presente Sitio o impedir su correcto funcionamiento o de los servicios que en \u00e9l se ofrecen u ofrecieran en el futuro.<\/p>\n<p>4.- \u00c1MBITO DEL SITIO. RESPONSABILIDAD DEL USUARIO.<\/p>\n<p>Se encuentra comprendida en este Sitio la p\u00e1gina www.menorcasa.com<\/p>\n<p>El acceso a este Sitio es responsabilidad exclusiva de los usuarios. Los riesgos derivados de la utilizaci\u00f3n del Sitio por el usuario ser\u00e1n a su \u00fanico y exclusivo cargo. MENORCASA no asume responsabilidad alguna con relaci\u00f3n a la informaci\u00f3n, contenidos de todo tipo, productos y servicios ofertados o prestados a trav\u00e9s del portal por terceras sociedades, personas, colaboradores, usuarios o entidades, aunque pertenezcan a su mismo Grupo econ\u00f3mico, y en especial por los da\u00f1os y perjuicios de cualquier tipo que, vinculados a lo anterior, puedan producirse por: (i) ausencia o deficiencias en la informaci\u00f3n facilitada a los usuarios o en su veracidad, exactitud y suficiencia; (ii) incumplimiento o cumplimiento defectuoso o impuntual de los contratos o relaciones precontractuales; (iii) incumplimiento de las obligaciones que incumben a los prestadores de servicios de la sociedad de la informaci\u00f3n; (iv) infracci\u00f3n de los derechos de los consumidores y usuarios; (v) infracci\u00f3n de los derechos de propiedad intelectual e industrial; realizaci\u00f3n de actos de competencia desleal o de publicidad il\u00edcita; (vi) infracci\u00f3n del derecho de protecci\u00f3n de datos; del secreto profesional y de los derechos al honor, a la intimidad personal y familiar y a la imagen de las personas; y (vii) en general el incumplimiento de cualesquiera leyes, costumbres o c\u00f3digos de conducta que resulten de aplicaci\u00f3n.<\/p>\n<p>Tampoco asume responsabilidad alguna por da\u00f1os, perjuicios, p\u00e9rdidas, reclamaciones o gastos, producidos por: (i) interferencias, interrupciones, fallos, omisiones, aver\u00edas telef\u00f3nicas, retrasos, bloqueos o desconexiones en el funcionamiento del sistema electr\u00f3nico, motivadas por deficiencias, sobrecargas y errores en las l\u00edneas y redes de telecomunicaciones, o por cualquier otra causa ajena a su control; (ii) intromisiones ileg\u00edtimas mediante el uso de programas malignos de cualquier tipo y a trav\u00e9s de cualquier medio de comunicaci\u00f3n, tales como virus inform\u00e1ticos o cualesquiera otros; (iii) uso indebido o inadecuado de sus p\u00e1ginas web; (iv) errores de seguridad o navegaci\u00f3n producidos por un mal funcionamiento del navegador o por el uso de versiones no actualizadas del mismo.<\/p>\n<p>El mero acceso a este Sitio no supone entablar ning\u00fan tipo de relaci\u00f3n de car\u00e1cter comercial entre MENORCASA y el usuario.<\/p>\n<p>5.- VIGENCIA Y MODIFICACI\u00d3N DE LA INFORMACI\u00d3N.<\/p>\n<p>La informaci\u00f3n que aparece en este Sitio es la vigente en la fecha de su \u00faltima actualizaci\u00f3n. MENORCASA se reserva el derecho a actualizar, modificar o eliminar la informaci\u00f3n de este Sitio, pudiendo limitar o no permitir el acceso al mismo.<\/p>\n<p>MENORCASA se reserva la facultad de efectuar, en cualquier momento, cuantos cambios y modificaciones estime convenientes, pudiendo hacer uso de tal facultad en cualquier momento y sin previo aviso.<\/p>\n<p>6.- CONTENIDOS.<br \/>\nMENORCASA realiza los m\u00e1ximos esfuerzos para evitar cualquier error en los contenidos que pudieran aparecer en este Sitio. MENORCASA no garantiza, ni se responsabiliza de las consecuencias que pudieran derivarse de los errores en los contenidos que pudieran aparecer en este Sitio proporcionados por terceros.<\/p>\n<p>MENORCASA no se responsabiliza en modo alguno de aquellos contenidos, actividades comerciales, productos y servicios incluidos que pudiesen visualizarse mediante enlaces electr\u00f3nicos (links) si los hubiera y cuando los hubiere, de forma directa o indirectamente, a trav\u00e9s de este Sitio. La presencia de links en el Sitio de MENORCASA, salvo manifestaci\u00f3n expresa en contrario, tiene una finalidad meramente informativa y en ning\u00fan caso supone sugerencia, invitaci\u00f3n o recomendaci\u00f3n sobre los mismos. Estos enlaces no representan ning\u00fan tipo de relaci\u00f3n entre MENORCASA y las empresas o particulares titulares de los sitios webs a los que puede accederse mediante estos enlaces. MENORCASA se reserva el derecho de retirar de modo unilateral y en cualquier momento y sin previo aviso los enlaces que pudieran aparecer en su Sitio.<\/p>\n<p>MENORCASA se reserva el derecho a impedir o prohibir el acceso al Sitio a cualquier usuario de Internet que introduzca en este Sitio cualquier contenido contrario a las normas legales o sea inmoral, reserv\u00e1ndose el derecho de ejercer las medidas legales que estime oportunas para evitar este tipo de conductas.<\/p>\n<p>7.- NAVEGACI\u00d3N, ACCESO Y SEGURIDAD.<\/p>\n<p>MENORCASA realiza los m\u00e1ximos esfuerzos para que la navegaci\u00f3n se realice en las mejores condiciones y evitar los perjuicios de cualquier tipo que pudiesen ocasionarse durante la misma.<\/p>\n<p>MENORCASA no se hace responsable de los perjuicios, de cualquier \u00edndole, que pudieran ocasionarse a los usuarios por la utilizaci\u00f3n de otros navegadores o versiones distintas de los navegadores para los que ha sido dise\u00f1ado el Sitio.<br \/>\nEl Sitio de MENORCASA ha sido certificado por Verisign, de forma que el acceso a los servicios transaccionales y aquellos que incluyen la captura de datos personales se realizan en un entorno seguro.<\/p>\n<p>MENORCASA no se responsabiliza ni garantiza que el acceso a este Sitio sea ininterrumpido o que est\u00e9 libre de error. Tampoco se responsabiliza o garantiza que el contenido o software al que pueda accederse a trav\u00e9s de este Sitio, est\u00e9 libre de error o cause un da\u00f1o. En ning\u00fan caso MENORCASA ser\u00e1 responsable por las p\u00e9rdidas, da\u00f1os o perjuicios de cualquier tipo que surjan por el acceso y el uso del Sitio, incluy\u00e9ndose pero no limit\u00e1ndose, a los ocasionados a los sistemas inform\u00e1ticos o los provocados por la introducci\u00f3n de virus. MENORCASA no se hace responsable de los da\u00f1os que pudiesen ocasionarse a los usuarios por un uso inadecuado de este Sitio. En particular, no se hace responsable en modo alguno de las ca\u00eddas, interrupciones, falta o defecto de las telecomunicaciones que pudieran ocurrir.<br \/>\nLos servicios ofertados en este Sitio s\u00f3lo pueden ser utilizados correctamente si se cumplen las especificaciones t\u00e9cnicas para las que ha sido dise\u00f1ado.<\/p>\n<p>8.- PROTECCI\u00d3N DE DATOS.<\/p>\n<p>MENORCASA informa a los usuarios del Sitio que MENORCASA respeta la legislaci\u00f3n vigente en materia de protecci\u00f3n de datos y en concreto la Ley Org\u00e1nica 15\/99, de 13 de diciembre, de Protecci\u00f3n de Datos de Car\u00e1cter Personal, as\u00ed como su normativa de desarrollo, y el Reglamento General de Protecci\u00f3n de Datos (RGPD) adoptando para ello las medidas t\u00e9cnicas y organizativas necesarias para evitar la p\u00e9rdida, mal uso, alteraci\u00f3n, acceso no autorizado y robo de los datos personales facilitados, en su caso, a trav\u00e9s del Sitio, habida cuenta del estado de la tecnolog\u00eda, la naturaleza de los datos y los riesgos a los que est\u00e1n expuestos.<\/p>\n<p>En el supuesto de que al hacer uso de los servicios que MENORCASA le brinda en este Sitio los usuarios debieran rellenar datos de car\u00e1cter personal, MENORCASA -en cumplimiento de la normativa vigente- informar\u00e1 cumplidamente al usuario de sus derechos y recabar\u00e1 su consentimiento expreso e inequ\u00edvoco para el tratamiento de sus datos de car\u00e1cter personal.<\/p>\n<p>Para que la informaci\u00f3n que contienen nuestros ficheros est\u00e9 siempre actualizada y no contenga errores pedimos a nuestros clientes y usuarios que nos comuniquen, a la mayor brevedad, las modificaciones y rectificaciones de sus datos de car\u00e1cter personal.<\/p>\n<p>9.- SOBRE EL USO DE COOKIES.<\/p>\n<p>El acceso a este Sitio puede implicar la utilizaci\u00f3n de cookies, tanto en sus p\u00e1ginas como en las enlazadas o referenciadas mediante links. Aquellos usuarios que no deseen recibir Cookies o quieran ser informados de su fijaci\u00f3n pueden configurar su navegador a tal efecto.<\/p>\n<p>10.- PROPIEDAD INTELECTUAL Y DERECHOS DE AUTOR.<\/p>\n<p>MENORCASA declara que salvo que se indique lo contrario en el Sitio, los textos, im\u00e1genes, ilustraciones, dise\u00f1os, iconos, fotograf\u00edas, segmentos de v\u00eddeo, segmentos de sonido y dem\u00e1s materiales que se encuentren en el Sitio y cualesquiera otras creaciones intelectuales y\/o invenciones o descubrimientos cient\u00edficos y t\u00e9cnicos, cualquiera que sea su aplicaci\u00f3n empresarial o industrial (en adelante colectivamente denominados el \u00abContenido\u00bb) han sido creados o inventados por MENORCASA o cedidos, licenciados, transmitidos o autorizados a \u00e9sta por sus titulares y\/o cesionarios.<\/p>\n<p>El Usuario se compromete a no suprimir o alterar cualesquiera signo distintivo utilizado en el Sitio, tales como, con car\u00e1cter no exhaustivo, marcas, nombres comerciales (gr\u00e1ficos, logotipos, etc.), el \u00abcopyright\u00bb y dem\u00e1s datos identificativos de los derechos de MENORCASA o de terceros titulares incorporados en el Sitio.<\/p>\n<p>Son propiedad de MENORCASA igualmente todos los derechos sobre cualesquiera obras, inventos, descubrimientos, patentes, ideas, conceptos, actualizaciones y las mejoras relacionadas con el Sitio, sus sistemas, aplicaciones y programas o con los servicios que MENORCASA presta, que sean creados, realizados, desarrollados o puestos en pr\u00e1ctica por primera vez por MENORCASA, ya sea por s\u00ed sola o con la ayuda de los usuarios del Sitio, en el transcurso o como resultado de alg\u00fan dise\u00f1o, desarrollo o cualquier otra tarea realizada de conformidad con el Contrato.<\/p>\n<p>El Usuario no podr\u00e1 utilizar el nombre ni las marcas, s\u00edmbolos, logos o signos distintivos de titularidad de MENORCASA sin el consentimiento expreso y escrito de \u00e9sta.<\/p>\n<p>En caso de que cualquier usuario o tercero considere que cualquiera de los contenidos existentes en la Sitio suponga una violaci\u00f3n de los derechos de autor u otros derechos de protecci\u00f3n de la propiedad intelectual, rogamos que lo comunique a la siguiente direcci\u00f3n: MENORCASA, Dpto. Jur\u00eddico, Plaza Pr\u00edncipe, n\u00fam. 4, 07704 Mah\u00f3n, Islas Baleares.<\/p>\n<p>Asimismo MENORCASA es titular de una licencia de explotaci\u00f3n exclusiva del nombre de dominio https:\/\/menorcasa.com\/ y todos aquellos que sirvan para acceder de forma directa o indirecta al presente Sitio. La indebida utilizaci\u00f3n de los mismos en el tr\u00e1fico econ\u00f3mico supondr\u00eda una infracci\u00f3n de los derechos conferidos por su registro y ser\u00e1 perseguido por los medios previstos en la Ley.<\/p>\n<p>11.- JURISDICCI\u00d3N Y LEGISLACI\u00d3N APLICABLE.<\/p>\n<p>Las Normas de Uso que se encuentran en el presente Acuerdo Legal, se rigen por la ley Espa\u00f1ola. Tanto MENORCASA como los usuarios del Sitio est\u00e1n de acuerdo en que para cualquier discrepancia que pueda surgir en cuanto a la interpretaci\u00f3n, cumplimiento y\/o ejecuci\u00f3n, de las presentes normas se someter\u00e1n expresamente a la jurisdicci\u00f3n de los Jueces y Tribunales competentes de Mah\u00f3n (Islas Baleares), con renuncia expresa, a cualquier otro fuero que pudiera corresponderles.<\/p>\n","protected":false},"excerpt":{"rendered":"<p>Aviso Legal CONDICIONES GENERALES DE USO DEL SITIO WEB WWW.MENORCASA.COM 1.- INTRODUCCI\u00d3N. El presente documento tiene como finalidad el establecer y regular las normas de uso as\u00ed como la salvaguardia de los datos del Sitio www.menorcasa.com (en adelante el \u00abSitio\u00bb), entendiendo por Sitio todas las p\u00e1ginas y sus contenidos propiedad de MENORCASA PROPERTIES, S.L. a&#8230;<\/p>\n","protected":false},"author":29,"featured_media":0,"parent":0,"menu_order":0,"comment_status":"closed","ping_status":"closed","template":"templates\/full-width.php","meta":{"footnotes":""},"class_list":["post-57663","page","type-page","status-publish","hentry"],"yoast_head":"<!-- This site is optimized with the Yoast SEO Premium plugin v21.4 (Yoast SEO v27.1.1) - https:\/\/yoast.com\/product\/yoast-seo-premium-wordpress\/ -->\n<title>Aviso Legal | Menorcasa<\/title>\n<meta name=\"robots\" content=\"index, follow, max-snippet:-1, max-image-preview:large, max-video-preview:-1\" \/>\n<link rel=\"canonical\" href=\"https:\/\/menorcasa.com\/es\/aviso-legal\/\" \/>\n<meta property=\"og:locale\" content=\"es_ES\" \/>\n<meta property=\"og:type\" content=\"article\" \/>\n<meta property=\"og:title\" content=\"Aviso Legal\" \/>\n<meta property=\"og:description\" content=\"Aviso Legal CONDICIONES GENERALES DE USO DEL SITIO WEB WWW.MENORCASA.COM 1.- INTRODUCCI\u00d3N. El presente documento tiene como finalidad el establecer y regular las normas de uso as\u00ed como la salvaguardia de los datos del Sitio www.menorcasa.com (en adelante el \u00abSitio\u00bb), entendiendo por Sitio todas las p\u00e1ginas y sus contenidos propiedad de MENORCASA PROPERTIES, S.L. a...\" \/>\n<meta property=\"og:url\" content=\"https:\/\/menorcasa.com\/es\/aviso-legal\/\" \/>\n<meta property=\"og:site_name\" content=\"Menorcasa\" \/>\n<meta property=\"article:publisher\" content=\"https:\/\/www.facebook.com\/propertiesforsalemenorcasa\/\" \/>\n<meta property=\"article:modified_time\" content=\"2018-05-24T15:55:33+00:00\" \/>\n<meta name=\"twitter:card\" content=\"summary_large_image\" \/>\n<meta name=\"twitter:label1\" content=\"Tiempo de lectura\" \/>\n\t<meta name=\"twitter:data1\" content=\"11 minutos\" \/>\n<script type=\"application\/ld+json\" class=\"yoast-schema-graph\">{\"@context\":\"https:\/\/schema.org\",\"@graph\":[{\"@type\":\"WebPage\",\"@id\":\"https:\/\/menorcasa.com\/es\/aviso-legal\/\",\"url\":\"https:\/\/menorcasa.com\/es\/aviso-legal\/\",\"name\":\"Aviso Legal | Menorcasa\",\"isPartOf\":{\"@id\":\"https:\/\/menorcasa.com\/es\/#website\"},\"datePublished\":\"2018-05-24T15:53:16+00:00\",\"dateModified\":\"2018-05-24T15:55:33+00:00\",\"breadcrumb\":{\"@id\":\"https:\/\/menorcasa.com\/es\/aviso-legal\/#breadcrumb\"},\"inLanguage\":\"es\",\"potentialAction\":[{\"@type\":\"ReadAction\",\"target\":[\"https:\/\/menorcasa.com\/es\/aviso-legal\/\"]}]},{\"@type\":\"BreadcrumbList\",\"@id\":\"https:\/\/menorcasa.com\/es\/aviso-legal\/#breadcrumb\",\"itemListElement\":[{\"@type\":\"ListItem\",\"position\":1,\"name\":\"Propiedades en Venta en Menorca\",\"item\":\"https:\/\/menorcasa.com\/es\/\"},{\"@type\":\"ListItem\",\"position\":2,\"name\":\"Aviso Legal\"}]},{\"@type\":\"WebSite\",\"@id\":\"https:\/\/menorcasa.com\/es\/#website\",\"url\":\"https:\/\/menorcasa.com\/es\/\",\"name\":\"Menorcasa\",\"description\":\"properties for sale in menorca: villas, apartments, homes and more\",\"publisher\":{\"@id\":\"https:\/\/menorcasa.com\/es\/#organization\"},\"potentialAction\":[{\"@type\":\"SearchAction\",\"target\":{\"@type\":\"EntryPoint\",\"urlTemplate\":\"https:\/\/menorcasa.com\/es\/?s={search_term_string}\"},\"query-input\":{\"@type\":\"PropertyValueSpecification\",\"valueRequired\":true,\"valueName\":\"search_term_string\"}}],\"inLanguage\":\"es\"},{\"@type\":\"Organization\",\"@id\":\"https:\/\/menorcasa.com\/es\/#organization\",\"name\":\"Menorcasa\",\"url\":\"https:\/\/menorcasa.com\/es\/\",\"logo\":{\"@type\":\"ImageObject\",\"inLanguage\":\"es\",\"@id\":\"https:\/\/menorcasa.com\/es\/#\/schema\/logo\/image\/\",\"url\":\"\",\"contentUrl\":\"\",\"caption\":\"Menorcasa\"},\"image\":{\"@id\":\"https:\/\/menorcasa.com\/es\/#\/schema\/logo\/image\/\"},\"sameAs\":[\"https:\/\/www.facebook.com\/propertiesforsalemenorcasa\/\",\"https:\/\/www.instagram.com\/menorcasaproperties\/\"]}]}<\/script>\n<!-- \/ Yoast SEO Premium plugin. -->","yoast_head_json":{"title":"Aviso Legal | Menorcasa","robots":{"index":"index","follow":"follow","max-snippet":"max-snippet:-1","max-image-preview":"max-image-preview:large","max-video-preview":"max-video-preview:-1"},"canonical":"https:\/\/menorcasa.com\/es\/aviso-legal\/","og_locale":"es_ES","og_type":"article","og_title":"Aviso Legal","og_description":"Aviso Legal CONDICIONES GENERALES DE USO DEL SITIO WEB WWW.MENORCASA.COM 1.- INTRODUCCI\u00d3N. El presente documento tiene como finalidad el establecer y regular las normas de uso as\u00ed como la salvaguardia de los datos del Sitio www.menorcasa.com (en adelante el \u00abSitio\u00bb), entendiendo por Sitio todas las p\u00e1ginas y sus contenidos propiedad de MENORCASA PROPERTIES, S.L. a...","og_url":"https:\/\/menorcasa.com\/es\/aviso-legal\/","og_site_name":"Menorcasa","article_publisher":"https:\/\/www.facebook.com\/propertiesforsalemenorcasa\/","article_modified_time":"2018-05-24T15:55:33+00:00","twitter_card":"summary_large_image","twitter_misc":{"Tiempo de lectura":"11 minutos"},"schema":{"@context":"https:\/\/schema.org","@graph":[{"@type":"WebPage","@id":"https:\/\/menorcasa.com\/es\/aviso-legal\/","url":"https:\/\/menorcasa.com\/es\/aviso-legal\/","name":"Aviso Legal | Menorcasa","isPartOf":{"@id":"https:\/\/menorcasa.com\/es\/#website"},"datePublished":"2018-05-24T15:53:16+00:00","dateModified":"2018-05-24T15:55:33+00:00","breadcrumb":{"@id":"https:\/\/menorcasa.com\/es\/aviso-legal\/#breadcrumb"},"inLanguage":"es","potentialAction":[{"@type":"ReadAction","target":["https:\/\/menorcasa.com\/es\/aviso-legal\/"]}]},{"@type":"BreadcrumbList","@id":"https:\/\/menorcasa.com\/es\/aviso-legal\/#breadcrumb","itemListElement":[{"@type":"ListItem","position":1,"name":"Propiedades en Venta en Menorca","item":"https:\/\/menorcasa.com\/es\/"},{"@type":"ListItem","position":2,"name":"Aviso Legal"}]},{"@type":"WebSite","@id":"https:\/\/menorcasa.com\/es\/#website","url":"https:\/\/menorcasa.com\/es\/","name":"Menorcasa","description":"properties for sale in menorca: villas, apartments, homes and more","publisher":{"@id":"https:\/\/menorcasa.com\/es\/#organization"},"potentialAction":[{"@type":"SearchAction","target":{"@type":"EntryPoint","urlTemplate":"https:\/\/menorcasa.com\/es\/?s={search_term_string}"},"query-input":{"@type":"PropertyValueSpecification","valueRequired":true,"valueName":"search_term_string"}}],"inLanguage":"es"},{"@type":"Organization","@id":"https:\/\/menorcasa.com\/es\/#organization","name":"Menorcasa","url":"https:\/\/menorcasa.com\/es\/","logo":{"@type":"ImageObject","inLanguage":"es","@id":"https:\/\/menorcasa.com\/es\/#\/schema\/logo\/image\/","url":"","contentUrl":"","caption":"Menorcasa"},"image":{"@id":"https:\/\/menorcasa.com\/es\/#\/schema\/logo\/image\/"},"sameAs":["https:\/\/www.facebook.com\/propertiesforsalemenorcasa\/","https:\/\/www.instagram.com\/menorcasaproperties\/"]}]}},"_links":{"self":[{"href":"https:\/\/menorcasa.com\/es\/wp-json\/wp\/v2\/pages\/57663","targetHints":{"allow":["GET"]}}],"collection":[{"href":"https:\/\/menorcasa.com\/es\/wp-json\/wp\/v2\/pages"}],"about":[{"href":"https:\/\/menorcasa.com\/es\/wp-json\/wp\/v2\/types\/page"}],"author":[{"embeddable":true,"href":"https:\/\/menorcasa.com\/es\/wp-json\/wp\/v2\/users\/29"}],"replies":[{"embeddable":true,"href":"https:\/\/menorcasa.com\/es\/wp-json\/wp\/v2\/comments?post=57663"}],"version-history":[{"count":0,"href":"https:\/\/menorcasa.com\/es\/wp-json\/wp\/v2\/pages\/57663\/revisions"}],"wp:attachment":[{"href":"https:\/\/menorcasa.com\/es\/wp-json\/wp\/v2\/media?parent=57663"}],"curies":[{"name":"wp","href":"https:\/\/api.w.org\/{rel}","templated":true}]}}