{"id":76434,"date":"2022-02-04T22:53:02","date_gmt":"2022-02-04T22:53:02","guid":{"rendered":"https:\/\/menorcasa.com\/novedades-y-ofertas\/"},"modified":"2026-02-24T11:38:54","modified_gmt":"2026-02-24T10:38:54","slug":"novedades","status":"publish","type":"page","link":"https:\/\/menorcasa.com\/es\/novedades\/","title":{"rendered":"Mi lista"},"content":{"rendered":"\t\t<div data-elementor-type=\"wp-page\" data-elementor-id=\"76434\" class=\"elementor elementor-76434 elementor-76431\" data-elementor-post-type=\"page\">\n\t\t\t\t\t\t<section class=\"elementor-section elementor-top-section elementor-element elementor-element-1be689b elementor-section-boxed elementor-section-height-default elementor-section-height-default\" data-id=\"1be689b\" data-element_type=\"section\">\n\t\t\t\t\t\t<div class=\"elementor-container elementor-column-gap-default\">\n\t\t\t\t\t<div class=\"elementor-column elementor-col-100 elementor-top-column elementor-element elementor-element-56a2c35\" data-id=\"56a2c35\" data-element_type=\"column\">\n\t\t\t<div class=\"elementor-widget-wrap elementor-element-populated\">\n\t\t\t\t\t\t<div class=\"elementor-element elementor-element-cc6543b elementor-widget elementor-widget-text-editor\" data-id=\"cc6543b\" data-element_type=\"widget\" data-widget_type=\"text-editor.default\">\n\t\t\t\t<div class=\"elementor-widget-container\">\n\t\t\t\t\t\t\t\t\t<p>Nuevas Propiedades<\/p>\t\t\t\t\t\t\t\t<\/div>\n\t\t\t\t<\/div>\n\t\t\t\t\t<\/div>\n\t\t<\/div>\n\t\t\t\t\t<\/div>\n\t\t<\/section>\n\t\t\t\t<section class=\"elementor-section elementor-top-section elementor-element elementor-element-caeaa0c elementor-section-boxed elementor-section-height-default elementor-section-height-default\" data-id=\"caeaa0c\" data-element_type=\"section\">\n\t\t\t\t\t\t<div class=\"elementor-container elementor-column-gap-default\">\n\t\t\t\t\t<div class=\"elementor-column elementor-col-100 elementor-top-column elementor-element elementor-element-3525a55\" data-id=\"3525a55\" data-element_type=\"column\">\n\t\t\t<div class=\"elementor-widget-wrap elementor-element-populated\">\n\t\t\t\t\t\t<div class=\"elementor-element elementor-element-a4d6148 elementor-widget elementor-widget-text-editor\" data-id=\"a4d6148\" data-element_type=\"widget\" data-widget_type=\"text-editor.default\">\n\t\t\t\t<div class=\"elementor-widget-container\">\n\t\t\t\t\t\t\t\t\t<p data-start=\"0\" data-end=\"388\">Descubre nuestras <strong data-start=\"18\" data-end=\"51\">nuevas propiedades en Menorca<\/strong>, una selecci\u00f3n cuidada de viviendas que destacan por <strong data-start=\"105\" data-end=\"139\">ubicaci\u00f3n, potencial y calidad<\/strong>. Aqu\u00ed encontrar\u00e1s las \u00faltimas incorporaciones a nuestro cat\u00e1logo: <strong data-start=\"206\" data-end=\"240\">casas, pisos, chalets y villas<\/strong> pensadas tanto para quienes sue\u00f1an con vivir en la isla todo el a\u00f1o como para quienes buscan una <strong data-start=\"338\" data-end=\"360\">segunda residencia<\/strong> o una <strong data-start=\"367\" data-end=\"387\">inversi\u00f3n s\u00f3lida<\/strong>.<\/p><p data-start=\"390\" data-end=\"738\">Actualizamos esta secci\u00f3n con frecuencia para que puedas acceder a oportunidades recientes antes de que el mercado se mueva. Por eso, cada propiedad que ves aqu\u00ed ha sido elegida con criterio: buena conexi\u00f3n con servicios, entorno agradable, distribuci\u00f3n aprovechable y, cuando aplica, margen de mejora para aumentar valor con reformas inteligentes.<\/p><p data-start=\"740\" data-end=\"1121\">Explora las novedades, filtra por zona y tipo de vivienda, y encuentra la opci\u00f3n que encaje contigo: desde hogares pr\u00e1cticos cerca de Ma\u00f3 o Ciutadella, hasta viviendas con terraza, jard\u00edn o piscina en \u00e1reas m\u00e1s tranquilas. Si alguna propiedad te interesa, te ayudamos a evaluar lo importante (estado, gastos, comunidad, puntos fuertes y riesgos) para que tomes una decisi\u00f3n segura.<\/p>\t\t\t\t\t\t\t\t<\/div>\n\t\t\t\t<\/div>\n\t\t\t\t\t<\/div>\n\t\t<\/div>\n\t\t\t\t\t<\/div>\n\t\t<\/section>\n\t\t\t\t<\/div>\n\t\t","protected":false},"excerpt":{"rendered":"<p>Nuevas Propiedades Descubre nuestras nuevas propiedades en Menorca, una selecci\u00f3n cuidada de viviendas que destacan por ubicaci\u00f3n, potencial y calidad. Aqu\u00ed encontrar\u00e1s las \u00faltimas incorporaciones a nuestro cat\u00e1logo: casas, pisos, chalets y villas pensadas tanto para quienes sue\u00f1an con vivir en la isla todo el a\u00f1o como para quienes buscan una segunda residencia o una&#8230;<\/p>\n","protected":false},"author":29,"featured_media":0,"parent":0,"menu_order":0,"comment_status":"closed","ping_status":"closed","template":"templates\/grid-layout-full-width.php","meta":{"footnotes":""},"class_list":["post-76434","page","type-page","status-publish","hentry"],"yoast_head":"<!-- This site is optimized with the Yoast SEO Premium plugin v21.4 (Yoast SEO v27.1.1) - https:\/\/yoast.com\/product\/yoast-seo-premium-wordpress\/ -->\n<title>Novedades y Ofertas | Inmobiliaria Menorca | Menorcasa<\/title>\n<meta name=\"description\" content=\"Descubre nuestras novedades y ofertas en Menorca entre la amplia selecci\u00f3n de viviendas | Encuentra la casa o apartamento en venta que buscas!\" \/>\n<meta name=\"robots\" content=\"index, follow, max-snippet:-1, max-image-preview:large, max-video-preview:-1\" \/>\n<link rel=\"canonical\" href=\"https:\/\/menorcasa.com\/es\/novedades\/\" \/>\n<meta property=\"og:locale\" content=\"es_ES\" \/>\n<meta property=\"og:type\" content=\"article\" \/>\n<meta property=\"og:title\" content=\"Mi lista\" \/>\n<meta property=\"og:description\" content=\"Descubre nuestras novedades y ofertas en Menorca entre la amplia selecci\u00f3n de viviendas | Encuentra la casa o apartamento en venta que buscas!\" \/>\n<meta property=\"og:url\" content=\"https:\/\/menorcasa.com\/es\/novedades\/\" \/>\n<meta property=\"og:site_name\" content=\"Menorcasa\" \/>\n<meta property=\"article:publisher\" content=\"https:\/\/www.facebook.com\/propertiesforsalemenorcasa\/\" \/>\n<meta property=\"article:modified_time\" content=\"2026-02-24T10:38:54+00:00\" \/>\n<meta name=\"twitter:card\" content=\"summary_large_image\" \/>\n<meta name=\"twitter:label1\" content=\"Tiempo de lectura\" \/>\n\t<meta name=\"twitter:data1\" content=\"1 minuto\" \/>\n<script type=\"application\/ld+json\" class=\"yoast-schema-graph\">{\"@context\":\"https:\/\/schema.org\",\"@graph\":[{\"@type\":\"WebPage\",\"@id\":\"https:\/\/menorcasa.com\/es\/novedades\/\",\"url\":\"https:\/\/menorcasa.com\/es\/novedades\/\",\"name\":\"Novedades y Ofertas | Inmobiliaria Menorca | Menorcasa\",\"isPartOf\":{\"@id\":\"https:\/\/menorcasa.com\/es\/#website\"},\"datePublished\":\"2022-02-04T22:53:02+00:00\",\"dateModified\":\"2026-02-24T10:38:54+00:00\",\"description\":\"Descubre nuestras novedades y ofertas en Menorca entre la amplia selecci\u00f3n de viviendas | Encuentra la casa o apartamento en venta que buscas!\",\"breadcrumb\":{\"@id\":\"https:\/\/menorcasa.com\/es\/novedades\/#breadcrumb\"},\"inLanguage\":\"es\",\"potentialAction\":[{\"@type\":\"ReadAction\",\"target\":[\"https:\/\/menorcasa.com\/es\/novedades\/\"]}]},{\"@type\":\"BreadcrumbList\",\"@id\":\"https:\/\/menorcasa.com\/es\/novedades\/#breadcrumb\",\"itemListElement\":[{\"@type\":\"ListItem\",\"position\":1,\"name\":\"Propiedades en Venta en Menorca\",\"item\":\"https:\/\/menorcasa.com\/es\/\"},{\"@type\":\"ListItem\",\"position\":2,\"name\":\"Mi lista\"}]},{\"@type\":\"WebSite\",\"@id\":\"https:\/\/menorcasa.com\/es\/#website\",\"url\":\"https:\/\/menorcasa.com\/es\/\",\"name\":\"Menorcasa\",\"description\":\"properties for sale in menorca: villas, apartments, homes and more\",\"publisher\":{\"@id\":\"https:\/\/menorcasa.com\/es\/#organization\"},\"potentialAction\":[{\"@type\":\"SearchAction\",\"target\":{\"@type\":\"EntryPoint\",\"urlTemplate\":\"https:\/\/menorcasa.com\/es\/?s={search_term_string}\"},\"query-input\":{\"@type\":\"PropertyValueSpecification\",\"valueRequired\":true,\"valueName\":\"search_term_string\"}}],\"inLanguage\":\"es\"},{\"@type\":\"Organization\",\"@id\":\"https:\/\/menorcasa.com\/es\/#organization\",\"name\":\"Menorcasa\",\"url\":\"https:\/\/menorcasa.com\/es\/\",\"logo\":{\"@type\":\"ImageObject\",\"inLanguage\":\"es\",\"@id\":\"https:\/\/menorcasa.com\/es\/#\/schema\/logo\/image\/\",\"url\":\"\",\"contentUrl\":\"\",\"caption\":\"Menorcasa\"},\"image\":{\"@id\":\"https:\/\/menorcasa.com\/es\/#\/schema\/logo\/image\/\"},\"sameAs\":[\"https:\/\/www.facebook.com\/propertiesforsalemenorcasa\/\",\"https:\/\/www.instagram.com\/menorcasaproperties\/\"]}]}<\/script>\n<!-- \/ Yoast SEO Premium plugin. -->","yoast_head_json":{"title":"Novedades y Ofertas | Inmobiliaria Menorca | Menorcasa","description":"Descubre nuestras novedades y ofertas en Menorca entre la amplia selecci\u00f3n de viviendas | Encuentra la casa o apartamento en venta que buscas!","robots":{"index":"index","follow":"follow","max-snippet":"max-snippet:-1","max-image-preview":"max-image-preview:large","max-video-preview":"max-video-preview:-1"},"canonical":"https:\/\/menorcasa.com\/es\/novedades\/","og_locale":"es_ES","og_type":"article","og_title":"Mi lista","og_description":"Descubre nuestras novedades y ofertas en Menorca entre la amplia selecci\u00f3n de viviendas | Encuentra la casa o apartamento en venta que buscas!","og_url":"https:\/\/menorcasa.com\/es\/novedades\/","og_site_name":"Menorcasa","article_publisher":"https:\/\/www.facebook.com\/propertiesforsalemenorcasa\/","article_modified_time":"2026-02-24T10:38:54+00:00","twitter_card":"summary_large_image","twitter_misc":{"Tiempo de lectura":"1 minuto"},"schema":{"@context":"https:\/\/schema.org","@graph":[{"@type":"WebPage","@id":"https:\/\/menorcasa.com\/es\/novedades\/","url":"https:\/\/menorcasa.com\/es\/novedades\/","name":"Novedades y Ofertas | Inmobiliaria Menorca | Menorcasa","isPartOf":{"@id":"https:\/\/menorcasa.com\/es\/#website"},"datePublished":"2022-02-04T22:53:02+00:00","dateModified":"2026-02-24T10:38:54+00:00","description":"Descubre nuestras novedades y ofertas en Menorca entre la amplia selecci\u00f3n de viviendas | Encuentra la casa o apartamento en venta que buscas!","breadcrumb":{"@id":"https:\/\/menorcasa.com\/es\/novedades\/#breadcrumb"},"inLanguage":"es","potentialAction":[{"@type":"ReadAction","target":["https:\/\/menorcasa.com\/es\/novedades\/"]}]},{"@type":"BreadcrumbList","@id":"https:\/\/menorcasa.com\/es\/novedades\/#breadcrumb","itemListElement":[{"@type":"ListItem","position":1,"name":"Propiedades en Venta en Menorca","item":"https:\/\/menorcasa.com\/es\/"},{"@type":"ListItem","position":2,"name":"Mi lista"}]},{"@type":"WebSite","@id":"https:\/\/menorcasa.com\/es\/#website","url":"https:\/\/menorcasa.com\/es\/","name":"Menorcasa","description":"properties for sale in menorca: villas, apartments, homes and more","publisher":{"@id":"https:\/\/menorcasa.com\/es\/#organization"},"potentialAction":[{"@type":"SearchAction","target":{"@type":"EntryPoint","urlTemplate":"https:\/\/menorcasa.com\/es\/?s={search_term_string}"},"query-input":{"@type":"PropertyValueSpecification","valueRequired":true,"valueName":"search_term_string"}}],"inLanguage":"es"},{"@type":"Organization","@id":"https:\/\/menorcasa.com\/es\/#organization","name":"Menorcasa","url":"https:\/\/menorcasa.com\/es\/","logo":{"@type":"ImageObject","inLanguage":"es","@id":"https:\/\/menorcasa.com\/es\/#\/schema\/logo\/image\/","url":"","contentUrl":"","caption":"Menorcasa"},"image":{"@id":"https:\/\/menorcasa.com\/es\/#\/schema\/logo\/image\/"},"sameAs":["https:\/\/www.facebook.com\/propertiesforsalemenorcasa\/","https:\/\/www.instagram.com\/menorcasaproperties\/"]}]}},"_links":{"self":[{"href":"https:\/\/menorcasa.com\/es\/wp-json\/wp\/v2\/pages\/76434","targetHints":{"allow":["GET"]}}],"collection":[{"href":"https:\/\/menorcasa.com\/es\/wp-json\/wp\/v2\/pages"}],"about":[{"href":"https:\/\/menorcasa.com\/es\/wp-json\/wp\/v2\/types\/page"}],"author":[{"embeddable":true,"href":"https:\/\/menorcasa.com\/es\/wp-json\/wp\/v2\/users\/29"}],"replies":[{"embeddable":true,"href":"https:\/\/menorcasa.com\/es\/wp-json\/wp\/v2\/comments?post=76434"}],"version-history":[{"count":0,"href":"https:\/\/menorcasa.com\/es\/wp-json\/wp\/v2\/pages\/76434\/revisions"}],"wp:attachment":[{"href":"https:\/\/menorcasa.com\/es\/wp-json\/wp\/v2\/media?parent=76434"}],"curies":[{"name":"wp","href":"https:\/\/api.w.org\/{rel}","templated":true}]}}