{"id":77861,"date":"2019-12-11T12:00:38","date_gmt":"2019-12-11T12:00:38","guid":{"rendered":"https:\/\/menorcasa.com\/casas-en-venta-en-salgar\/"},"modified":"2023-07-19T11:06:05","modified_gmt":"2023-07-19T11:06:05","slug":"casas-en-venta-en-salgar","status":"publish","type":"page","link":"https:\/\/menorcasa.com\/es\/casas-en-venta-en-salgar\/","title":{"rendered":"Casas en Venta en S&#8217;Algar"},"content":{"rendered":"<p>[vc_row][vc_column][vc_column_text]Si desea <strong>comprar una casa en S&#8217;Algar<\/strong>, tenemos las <strong>viviendas<\/strong> perfectas en<strong> venta<\/strong> en esta hermosa \u00e1rea.<\/p>\n<p><strong>S&#8217;Algar<\/strong> es una <strong>urbanizaci\u00f3n residencial<\/strong> popular y relajada en el extremo este de Menorca y es popular tanto para <strong>vivir todo el a\u00f1o<\/strong> como para <strong>vacaciones<\/strong>. Aunque no ofrece una playa de arena, es conocida por su centro de buceo y la piscina natural de agua de mar que est\u00e1 rodeada de plataformas para tomar el sol y una peque\u00f1a playa artificial.<\/p>\n<p>Otras \u00e1reas cercanas incluyen la hermosa cala de Alcaufar y las fant\u00e1sticas playas de Binibeca y Punta Prima.<\/p>\n<p>La ciudad principal m\u00e1s cercana es la de San Luis, que ofrece todos los servicios e instalaciones principales con Mah\u00f3n, la capital de Menorca est\u00e1 a solo 10 minutos en coche.[\/vc_column_text][\/vc_column][\/vc_row]<\/p>\n","protected":false},"excerpt":{"rendered":"<p>[vc_row][vc_column][vc_column_text]Si desea comprar una casa en S&#8217;Algar, tenemos las viviendas perfectas en venta en esta hermosa \u00e1rea. S&#8217;Algar es una urbanizaci\u00f3n residencial popular y relajada en el extremo este de Menorca y es popular tanto para vivir todo el a\u00f1o como para vacaciones. Aunque no ofrece una playa de arena, es conocida por su centro&#8230;<\/p>\n","protected":false},"author":28,"featured_media":0,"parent":0,"menu_order":0,"comment_status":"closed","ping_status":"closed","template":"templates\/grid-layout-full-width.php","meta":{"footnotes":""},"class_list":["post-77861","page","type-page","status-publish","hentry"],"yoast_head":"<!-- This site is optimized with the Yoast SEO Premium plugin v21.4 (Yoast SEO v27.1.1) - https:\/\/yoast.com\/product\/yoast-seo-premium-wordpress\/ -->\n<title>Casas en Venta en S&#039;Algar Menorca | Menorcasa<\/title>\n<meta name=\"description\" content=\"Casas en Venta en S&#039;Algar Menorca. Comprar casa en S&#039;Algar Menorca. Con viviendas en venta en S&#039;Algar desde apartamentos vacacionales, villas, chalets, casas, pisos y m\u00e1s, nuestra selecci\u00f3n de viviendas en venta en Menorca, promete incluir la casa ideal para ti.\" \/>\n<meta name=\"robots\" content=\"index, follow, max-snippet:-1, max-image-preview:large, max-video-preview:-1\" \/>\n<link rel=\"canonical\" href=\"https:\/\/menorcasa.com\/es\/property-city\/s-algar\/\" \/>\n<meta property=\"og:locale\" content=\"es_ES\" \/>\n<meta property=\"og:type\" content=\"article\" \/>\n<meta property=\"og:title\" content=\"Casas en Venta en S&#039;Algar\" \/>\n<meta property=\"og:description\" content=\"Casas en Venta en S&#039;Algar Menorca. Comprar casa en S&#039;Algar Menorca. Con viviendas en venta en S&#039;Algar desde apartamentos vacacionales, villas, chalets, casas, pisos y m\u00e1s, nuestra selecci\u00f3n de viviendas en venta en Menorca, promete incluir la casa ideal para ti.\" \/>\n<meta property=\"og:url\" content=\"https:\/\/menorcasa.com\/property-city\/s-algar\/\" \/>\n<meta property=\"og:site_name\" content=\"Menorcasa\" \/>\n<meta property=\"article:publisher\" content=\"https:\/\/www.facebook.com\/propertiesforsalemenorcasa\/\" \/>\n<meta property=\"article:modified_time\" content=\"2023-07-19T11:06:05+00:00\" \/>\n<meta name=\"twitter:card\" content=\"summary_large_image\" \/>\n<meta name=\"twitter:label1\" content=\"Tiempo de lectura\" \/>\n\t<meta name=\"twitter:data1\" content=\"1 minuto\" \/>\n<script type=\"application\/ld+json\" class=\"yoast-schema-graph\">{\"@context\":\"https:\/\/schema.org\",\"@graph\":[{\"@type\":\"WebPage\",\"@id\":\"https:\/\/menorcasa.com\/es\/casas-en-venta-en-salgar\/\",\"url\":\"https:\/\/menorcasa.com\/property-city\/s-algar\/\",\"name\":\"Casas en Venta en S'Algar Menorca | Menorcasa\",\"isPartOf\":{\"@id\":\"https:\/\/menorcasa.com\/es\/#website\"},\"datePublished\":\"2019-12-11T12:00:38+00:00\",\"dateModified\":\"2023-07-19T11:06:05+00:00\",\"description\":\"Casas en Venta en S'Algar Menorca. Comprar casa en S'Algar Menorca. Con viviendas en venta en S'Algar desde apartamentos vacacionales, villas, chalets, casas, pisos y m\u00e1s, nuestra selecci\u00f3n de viviendas en venta en Menorca, promete incluir la casa ideal para ti.\",\"breadcrumb\":{\"@id\":\"https:\/\/menorcasa.com\/property-city\/s-algar\/#breadcrumb\"},\"inLanguage\":\"es\",\"potentialAction\":[{\"@type\":\"ReadAction\",\"target\":[\"https:\/\/menorcasa.com\/property-city\/s-algar\/\"]}]},{\"@type\":\"BreadcrumbList\",\"@id\":\"https:\/\/menorcasa.com\/property-city\/s-algar\/#breadcrumb\",\"itemListElement\":[{\"@type\":\"ListItem\",\"position\":1,\"name\":\"Propiedades en Venta en Menorca\",\"item\":\"https:\/\/menorcasa.com\/es\/\"},{\"@type\":\"ListItem\",\"position\":2,\"name\":\"Casas en Venta en S&#8217;Algar\"}]},{\"@type\":\"WebSite\",\"@id\":\"https:\/\/menorcasa.com\/es\/#website\",\"url\":\"https:\/\/menorcasa.com\/es\/\",\"name\":\"Menorcasa\",\"description\":\"properties for sale in menorca: villas, apartments, homes and more\",\"publisher\":{\"@id\":\"https:\/\/menorcasa.com\/es\/#organization\"},\"potentialAction\":[{\"@type\":\"SearchAction\",\"target\":{\"@type\":\"EntryPoint\",\"urlTemplate\":\"https:\/\/menorcasa.com\/es\/?s={search_term_string}\"},\"query-input\":{\"@type\":\"PropertyValueSpecification\",\"valueRequired\":true,\"valueName\":\"search_term_string\"}}],\"inLanguage\":\"es\"},{\"@type\":\"Organization\",\"@id\":\"https:\/\/menorcasa.com\/es\/#organization\",\"name\":\"Menorcasa\",\"url\":\"https:\/\/menorcasa.com\/es\/\",\"logo\":{\"@type\":\"ImageObject\",\"inLanguage\":\"es\",\"@id\":\"https:\/\/menorcasa.com\/es\/#\/schema\/logo\/image\/\",\"url\":\"\",\"contentUrl\":\"\",\"caption\":\"Menorcasa\"},\"image\":{\"@id\":\"https:\/\/menorcasa.com\/es\/#\/schema\/logo\/image\/\"},\"sameAs\":[\"https:\/\/www.facebook.com\/propertiesforsalemenorcasa\/\",\"https:\/\/www.instagram.com\/menorcasaproperties\/\"]}]}<\/script>\n<!-- \/ Yoast SEO Premium plugin. -->","yoast_head_json":{"title":"Casas en Venta en S'Algar Menorca | Menorcasa","description":"Casas en Venta en S'Algar Menorca. Comprar casa en S'Algar Menorca. Con viviendas en venta en S'Algar desde apartamentos vacacionales, villas, chalets, casas, pisos y m\u00e1s, nuestra selecci\u00f3n de viviendas en venta en Menorca, promete incluir la casa ideal para ti.","robots":{"index":"index","follow":"follow","max-snippet":"max-snippet:-1","max-image-preview":"max-image-preview:large","max-video-preview":"max-video-preview:-1"},"canonical":"https:\/\/menorcasa.com\/es\/property-city\/s-algar\/","og_locale":"es_ES","og_type":"article","og_title":"Casas en Venta en S'Algar","og_description":"Casas en Venta en S'Algar Menorca. Comprar casa en S'Algar Menorca. Con viviendas en venta en S'Algar desde apartamentos vacacionales, villas, chalets, casas, pisos y m\u00e1s, nuestra selecci\u00f3n de viviendas en venta en Menorca, promete incluir la casa ideal para ti.","og_url":"https:\/\/menorcasa.com\/property-city\/s-algar\/","og_site_name":"Menorcasa","article_publisher":"https:\/\/www.facebook.com\/propertiesforsalemenorcasa\/","article_modified_time":"2023-07-19T11:06:05+00:00","twitter_card":"summary_large_image","twitter_misc":{"Tiempo de lectura":"1 minuto"},"schema":{"@context":"https:\/\/schema.org","@graph":[{"@type":"WebPage","@id":"https:\/\/menorcasa.com\/es\/casas-en-venta-en-salgar\/","url":"https:\/\/menorcasa.com\/property-city\/s-algar\/","name":"Casas en Venta en S'Algar Menorca | Menorcasa","isPartOf":{"@id":"https:\/\/menorcasa.com\/es\/#website"},"datePublished":"2019-12-11T12:00:38+00:00","dateModified":"2023-07-19T11:06:05+00:00","description":"Casas en Venta en S'Algar Menorca. Comprar casa en S'Algar Menorca. Con viviendas en venta en S'Algar desde apartamentos vacacionales, villas, chalets, casas, pisos y m\u00e1s, nuestra selecci\u00f3n de viviendas en venta en Menorca, promete incluir la casa ideal para ti.","breadcrumb":{"@id":"https:\/\/menorcasa.com\/property-city\/s-algar\/#breadcrumb"},"inLanguage":"es","potentialAction":[{"@type":"ReadAction","target":["https:\/\/menorcasa.com\/property-city\/s-algar\/"]}]},{"@type":"BreadcrumbList","@id":"https:\/\/menorcasa.com\/property-city\/s-algar\/#breadcrumb","itemListElement":[{"@type":"ListItem","position":1,"name":"Propiedades en Venta en Menorca","item":"https:\/\/menorcasa.com\/es\/"},{"@type":"ListItem","position":2,"name":"Casas en Venta en S&#8217;Algar"}]},{"@type":"WebSite","@id":"https:\/\/menorcasa.com\/es\/#website","url":"https:\/\/menorcasa.com\/es\/","name":"Menorcasa","description":"properties for sale in menorca: villas, apartments, homes and more","publisher":{"@id":"https:\/\/menorcasa.com\/es\/#organization"},"potentialAction":[{"@type":"SearchAction","target":{"@type":"EntryPoint","urlTemplate":"https:\/\/menorcasa.com\/es\/?s={search_term_string}"},"query-input":{"@type":"PropertyValueSpecification","valueRequired":true,"valueName":"search_term_string"}}],"inLanguage":"es"},{"@type":"Organization","@id":"https:\/\/menorcasa.com\/es\/#organization","name":"Menorcasa","url":"https:\/\/menorcasa.com\/es\/","logo":{"@type":"ImageObject","inLanguage":"es","@id":"https:\/\/menorcasa.com\/es\/#\/schema\/logo\/image\/","url":"","contentUrl":"","caption":"Menorcasa"},"image":{"@id":"https:\/\/menorcasa.com\/es\/#\/schema\/logo\/image\/"},"sameAs":["https:\/\/www.facebook.com\/propertiesforsalemenorcasa\/","https:\/\/www.instagram.com\/menorcasaproperties\/"]}]}},"_links":{"self":[{"href":"https:\/\/menorcasa.com\/es\/wp-json\/wp\/v2\/pages\/77861","targetHints":{"allow":["GET"]}}],"collection":[{"href":"https:\/\/menorcasa.com\/es\/wp-json\/wp\/v2\/pages"}],"about":[{"href":"https:\/\/menorcasa.com\/es\/wp-json\/wp\/v2\/types\/page"}],"author":[{"embeddable":true,"href":"https:\/\/menorcasa.com\/es\/wp-json\/wp\/v2\/users\/28"}],"replies":[{"embeddable":true,"href":"https:\/\/menorcasa.com\/es\/wp-json\/wp\/v2\/comments?post=77861"}],"version-history":[{"count":0,"href":"https:\/\/menorcasa.com\/es\/wp-json\/wp\/v2\/pages\/77861\/revisions"}],"wp:attachment":[{"href":"https:\/\/menorcasa.com\/es\/wp-json\/wp\/v2\/media?parent=77861"}],"curies":[{"name":"wp","href":"https:\/\/api.w.org\/{rel}","templated":true}]}}