{"id":77865,"date":"2019-12-11T12:12:20","date_gmt":"2019-12-11T12:12:20","guid":{"rendered":"https:\/\/menorcasa.com\/casas-en-venta-en-calan-porter\/"},"modified":"2023-07-19T10:53:02","modified_gmt":"2023-07-19T10:53:02","slug":"casas-en-venta-en-calan-porter","status":"publish","type":"page","link":"https:\/\/menorcasa.com\/es\/casas-en-venta-en-calan-porter\/","title":{"rendered":"Casas en Venta en Calan Porter"},"content":{"rendered":"<p>[vc_row][vc_column][vc_column_text]Si desea <strong>comprar una vivienda en Calan Porter<\/strong>, tenemos las viviendas perfectas en venta en esta hermosa \u00e1rea.<\/p>\n<p>Calan Porter es un centro tur\u00edstico en la costa <strong>sur de Menorca<\/strong> que ofrece una gran variedad de bares, restaurantes y tiendas de temporada, as\u00ed como la famosa discoteca \u2018Covas de Xoroi\u2018. Calan Porter cuenta con una hermosa playa de arena blanca con aguas cristalinas. Durante los meses de verano hay un servicio regular de autobuses a Mah\u00f3n, la capital de Menorca y tambi\u00e9n Alayor. Excelentes <strong>casas<\/strong> en una zona muy popular.[\/vc_column_text][\/vc_column][\/vc_row]<\/p>\n","protected":false},"excerpt":{"rendered":"<p>[vc_row][vc_column][vc_column_text]Si desea comprar una vivienda en Calan Porter, tenemos las viviendas perfectas en venta en esta hermosa \u00e1rea. Calan Porter es un centro tur\u00edstico en la costa sur de Menorca que ofrece una gran variedad de bares, restaurantes y tiendas de temporada, as\u00ed como la famosa discoteca \u2018Covas de Xoroi\u2018. Calan Porter cuenta con una&#8230;<\/p>\n","protected":false},"author":28,"featured_media":0,"parent":0,"menu_order":0,"comment_status":"closed","ping_status":"closed","template":"templates\/grid-layout-full-width.php","meta":{"footnotes":""},"class_list":["post-77865","page","type-page","status-publish","hentry"],"yoast_head":"<!-- This site is optimized with the Yoast SEO Premium plugin v21.4 (Yoast SEO v27.1.1) - https:\/\/yoast.com\/product\/yoast-seo-premium-wordpress\/ -->\n<title>Casas en Venta en Calan Porter Menorca | Inmobiliaria Menorcasa<\/title>\n<meta name=\"description\" content=\"Casas en Venta en Calan Porter Menorca. Comprar casa en Calan Porter Menorca. Con viviendas en venta en Calan Porter desde apartamentos vacacionales, villas, chalets, casas, pisos y m\u00e1s, nuestra selecci\u00f3n de viviendas en venta en Menorca, promete incluir la casa ideal para ti.\" \/>\n<meta name=\"robots\" content=\"index, follow, max-snippet:-1, max-image-preview:large, max-video-preview:-1\" \/>\n<link rel=\"canonical\" href=\"https:\/\/menorcasa.com\/es\/property-city\/cala-en-porter\/\" \/>\n<meta property=\"og:locale\" content=\"es_ES\" \/>\n<meta property=\"og:type\" content=\"article\" \/>\n<meta property=\"og:title\" content=\"Casas en Venta en Calan Porter\" \/>\n<meta property=\"og:description\" content=\"Casas en Venta en Calan Porter Menorca. Comprar casa en Calan Porter Menorca. Con viviendas en venta en Calan Porter desde apartamentos vacacionales, villas, chalets, casas, pisos y m\u00e1s, nuestra selecci\u00f3n de viviendas en venta en Menorca, promete incluir la casa ideal para ti.\" \/>\n<meta property=\"og:url\" content=\"https:\/\/menorcasa.com\/property-city\/cala-en-porter\/\" \/>\n<meta property=\"og:site_name\" content=\"Menorcasa\" \/>\n<meta property=\"article:publisher\" content=\"https:\/\/www.facebook.com\/propertiesforsalemenorcasa\/\" \/>\n<meta property=\"article:modified_time\" content=\"2023-07-19T10:53:02+00:00\" \/>\n<meta name=\"twitter:card\" content=\"summary_large_image\" \/>\n<meta name=\"twitter:label1\" content=\"Tiempo de lectura\" \/>\n\t<meta name=\"twitter:data1\" content=\"1 minuto\" \/>\n<script type=\"application\/ld+json\" class=\"yoast-schema-graph\">{\"@context\":\"https:\/\/schema.org\",\"@graph\":[{\"@type\":\"WebPage\",\"@id\":\"https:\/\/menorcasa.com\/es\/casas-en-venta-en-calan-porter\/\",\"url\":\"https:\/\/menorcasa.com\/property-city\/cala-en-porter\/\",\"name\":\"Casas en Venta en Calan Porter Menorca | Inmobiliaria Menorcasa\",\"isPartOf\":{\"@id\":\"https:\/\/menorcasa.com\/es\/#website\"},\"datePublished\":\"2019-12-11T12:12:20+00:00\",\"dateModified\":\"2023-07-19T10:53:02+00:00\",\"description\":\"Casas en Venta en Calan Porter Menorca. Comprar casa en Calan Porter Menorca. Con viviendas en venta en Calan Porter desde apartamentos vacacionales, villas, chalets, casas, pisos y m\u00e1s, nuestra selecci\u00f3n de viviendas en venta en Menorca, promete incluir la casa ideal para ti.\",\"breadcrumb\":{\"@id\":\"https:\/\/menorcasa.com\/property-city\/cala-en-porter\/#breadcrumb\"},\"inLanguage\":\"es\",\"potentialAction\":[{\"@type\":\"ReadAction\",\"target\":[\"https:\/\/menorcasa.com\/property-city\/cala-en-porter\/\"]}]},{\"@type\":\"BreadcrumbList\",\"@id\":\"https:\/\/menorcasa.com\/property-city\/cala-en-porter\/#breadcrumb\",\"itemListElement\":[{\"@type\":\"ListItem\",\"position\":1,\"name\":\"Propiedades en Venta en Menorca\",\"item\":\"https:\/\/menorcasa.com\/es\/\"},{\"@type\":\"ListItem\",\"position\":2,\"name\":\"Casas en Venta en Calan Porter\"}]},{\"@type\":\"WebSite\",\"@id\":\"https:\/\/menorcasa.com\/es\/#website\",\"url\":\"https:\/\/menorcasa.com\/es\/\",\"name\":\"Menorcasa\",\"description\":\"properties for sale in menorca: villas, apartments, homes and more\",\"publisher\":{\"@id\":\"https:\/\/menorcasa.com\/es\/#organization\"},\"potentialAction\":[{\"@type\":\"SearchAction\",\"target\":{\"@type\":\"EntryPoint\",\"urlTemplate\":\"https:\/\/menorcasa.com\/es\/?s={search_term_string}\"},\"query-input\":{\"@type\":\"PropertyValueSpecification\",\"valueRequired\":true,\"valueName\":\"search_term_string\"}}],\"inLanguage\":\"es\"},{\"@type\":\"Organization\",\"@id\":\"https:\/\/menorcasa.com\/es\/#organization\",\"name\":\"Menorcasa\",\"url\":\"https:\/\/menorcasa.com\/es\/\",\"logo\":{\"@type\":\"ImageObject\",\"inLanguage\":\"es\",\"@id\":\"https:\/\/menorcasa.com\/es\/#\/schema\/logo\/image\/\",\"url\":\"\",\"contentUrl\":\"\",\"caption\":\"Menorcasa\"},\"image\":{\"@id\":\"https:\/\/menorcasa.com\/es\/#\/schema\/logo\/image\/\"},\"sameAs\":[\"https:\/\/www.facebook.com\/propertiesforsalemenorcasa\/\",\"https:\/\/www.instagram.com\/menorcasaproperties\/\"]}]}<\/script>\n<!-- \/ Yoast SEO Premium plugin. -->","yoast_head_json":{"title":"Casas en Venta en Calan Porter Menorca | Inmobiliaria Menorcasa","description":"Casas en Venta en Calan Porter Menorca. Comprar casa en Calan Porter Menorca. Con viviendas en venta en Calan Porter desde apartamentos vacacionales, villas, chalets, casas, pisos y m\u00e1s, nuestra selecci\u00f3n de viviendas en venta en Menorca, promete incluir la casa ideal para ti.","robots":{"index":"index","follow":"follow","max-snippet":"max-snippet:-1","max-image-preview":"max-image-preview:large","max-video-preview":"max-video-preview:-1"},"canonical":"https:\/\/menorcasa.com\/es\/property-city\/cala-en-porter\/","og_locale":"es_ES","og_type":"article","og_title":"Casas en Venta en Calan Porter","og_description":"Casas en Venta en Calan Porter Menorca. Comprar casa en Calan Porter Menorca. Con viviendas en venta en Calan Porter desde apartamentos vacacionales, villas, chalets, casas, pisos y m\u00e1s, nuestra selecci\u00f3n de viviendas en venta en Menorca, promete incluir la casa ideal para ti.","og_url":"https:\/\/menorcasa.com\/property-city\/cala-en-porter\/","og_site_name":"Menorcasa","article_publisher":"https:\/\/www.facebook.com\/propertiesforsalemenorcasa\/","article_modified_time":"2023-07-19T10:53:02+00:00","twitter_card":"summary_large_image","twitter_misc":{"Tiempo de lectura":"1 minuto"},"schema":{"@context":"https:\/\/schema.org","@graph":[{"@type":"WebPage","@id":"https:\/\/menorcasa.com\/es\/casas-en-venta-en-calan-porter\/","url":"https:\/\/menorcasa.com\/property-city\/cala-en-porter\/","name":"Casas en Venta en Calan Porter Menorca | Inmobiliaria Menorcasa","isPartOf":{"@id":"https:\/\/menorcasa.com\/es\/#website"},"datePublished":"2019-12-11T12:12:20+00:00","dateModified":"2023-07-19T10:53:02+00:00","description":"Casas en Venta en Calan Porter Menorca. Comprar casa en Calan Porter Menorca. Con viviendas en venta en Calan Porter desde apartamentos vacacionales, villas, chalets, casas, pisos y m\u00e1s, nuestra selecci\u00f3n de viviendas en venta en Menorca, promete incluir la casa ideal para ti.","breadcrumb":{"@id":"https:\/\/menorcasa.com\/property-city\/cala-en-porter\/#breadcrumb"},"inLanguage":"es","potentialAction":[{"@type":"ReadAction","target":["https:\/\/menorcasa.com\/property-city\/cala-en-porter\/"]}]},{"@type":"BreadcrumbList","@id":"https:\/\/menorcasa.com\/property-city\/cala-en-porter\/#breadcrumb","itemListElement":[{"@type":"ListItem","position":1,"name":"Propiedades en Venta en Menorca","item":"https:\/\/menorcasa.com\/es\/"},{"@type":"ListItem","position":2,"name":"Casas en Venta en Calan Porter"}]},{"@type":"WebSite","@id":"https:\/\/menorcasa.com\/es\/#website","url":"https:\/\/menorcasa.com\/es\/","name":"Menorcasa","description":"properties for sale in menorca: villas, apartments, homes and more","publisher":{"@id":"https:\/\/menorcasa.com\/es\/#organization"},"potentialAction":[{"@type":"SearchAction","target":{"@type":"EntryPoint","urlTemplate":"https:\/\/menorcasa.com\/es\/?s={search_term_string}"},"query-input":{"@type":"PropertyValueSpecification","valueRequired":true,"valueName":"search_term_string"}}],"inLanguage":"es"},{"@type":"Organization","@id":"https:\/\/menorcasa.com\/es\/#organization","name":"Menorcasa","url":"https:\/\/menorcasa.com\/es\/","logo":{"@type":"ImageObject","inLanguage":"es","@id":"https:\/\/menorcasa.com\/es\/#\/schema\/logo\/image\/","url":"","contentUrl":"","caption":"Menorcasa"},"image":{"@id":"https:\/\/menorcasa.com\/es\/#\/schema\/logo\/image\/"},"sameAs":["https:\/\/www.facebook.com\/propertiesforsalemenorcasa\/","https:\/\/www.instagram.com\/menorcasaproperties\/"]}]}},"_links":{"self":[{"href":"https:\/\/menorcasa.com\/es\/wp-json\/wp\/v2\/pages\/77865","targetHints":{"allow":["GET"]}}],"collection":[{"href":"https:\/\/menorcasa.com\/es\/wp-json\/wp\/v2\/pages"}],"about":[{"href":"https:\/\/menorcasa.com\/es\/wp-json\/wp\/v2\/types\/page"}],"author":[{"embeddable":true,"href":"https:\/\/menorcasa.com\/es\/wp-json\/wp\/v2\/users\/28"}],"replies":[{"embeddable":true,"href":"https:\/\/menorcasa.com\/es\/wp-json\/wp\/v2\/comments?post=77865"}],"version-history":[{"count":0,"href":"https:\/\/menorcasa.com\/es\/wp-json\/wp\/v2\/pages\/77865\/revisions"}],"wp:attachment":[{"href":"https:\/\/menorcasa.com\/es\/wp-json\/wp\/v2\/media?parent=77865"}],"curies":[{"name":"wp","href":"https:\/\/api.w.org\/{rel}","templated":true}]}}