{"id":97700,"date":"2021-06-22T11:54:51","date_gmt":"2021-06-22T11:54:51","guid":{"rendered":"https:\/\/menorcasa.com\/servicios-concierge-menorca\/"},"modified":"2022-01-12T17:30:38","modified_gmt":"2022-01-12T17:30:38","slug":"servicio-concierge-menorca","status":"publish","type":"page","link":"https:\/\/menorcasa.com\/es\/servicio-concierge-menorca\/","title":{"rendered":"Servicio Concierge Menorca"},"content":{"rendered":"<p>[vc_row full_width=\u00bbstretch_row\u00bb parallax=\u00bbcontent-moving\u00bb css=\u00bb.vc_custom_1624265734051{padding-top: 200px !important;padding-bottom: 200px !important;background-image: url(https:\/\/menorcasa.com\/wp-content\/uploads\/2021\/06\/Concierge-Bell-image-1.jpg?id=97590) !important;background-position: center;background-repeat: no-repeat;background-size: contain !important;}\u00bb][vc_column][vc_custom_heading text=\u00bbSERVICIO DE CONCIERGE EN MENORCA\u00bb font_container=\u00bbtag:h1|text_align:center|color:%23ffffff\u00bb use_theme_fonts=\u00bbyes\u00bb][\/vc_column][\/vc_row][vc_row][vc_column][vc_column_text][\/vc_column_text][\/vc_column][\/vc_row][vc_row full_width=\u00bbstretch_row\u00bb css=\u00bb.vc_custom_1623917210707{background-position: center !important;background-repeat: no-repeat !important;background-size: contain !important;}\u00bb][vc_column width=\u00bb1\/3&#8243;][vc_single_image image=\u00bb97600&#8243; img_size=\u00bbfull\u00bb onclick=\u00bbcustom_link\u00bb img_link_target=\u00bb_blank\u00bb css=\u00bb.vc_custom_1624365687152{padding-right: 30px !important;padding-left: 30px !important;}\u00bb link=\u00bbhttps:\/\/essentialconciergemenorca.com\/\u00bb][\/vc_column][vc_column width=\u00bb2\/3&#8243;][vc_column_text]<\/p>\n<p style=\"text-align: left; line-height: 40px;\"><span style=\"color: #0086cb; font-size: 30px;\">Menorcasa presenta una nueva y emocionante extensi\u00f3n de nuestros servicios c\u00f3mo agentes inmobiliarios. Essential Concierge, ofrece lo mejor en planificaci\u00f3n de eventos, alquiler de yates, restaurantes, eventos y actividades.<\/span><\/p>\n<p>[\/vc_column_text][vc_column_text]<\/p>\n<h3>Ya sea para una ocasi\u00f3n especial, una experiencia gastron\u00f3mica, un d\u00eda fabuloso a bordo de un yate de lujo o simplemente planeando una actividad en la isla, Essential Concierge es definitivamente para usted y estamos a solo una llamada de distancia.<\/h3>\n<p>[\/vc_column_text][\/vc_column][vc_column][\/vc_column][\/vc_row][vc_row][vc_column][vc_column_text][\/vc_column_text][\/vc_column][\/vc_row][vc_row][vc_column width=\u00bb1\/3&#8243;][vc_row_inner][vc_column_inner][vc_single_image image=\u00bb97542&#8243; img_size=\u00bbfull\u00bb onclick=\u00bbcustom_link\u00bb link=\u00bbhttps:\/\/essentialconciergemenorca.com\/\u00bb][\/vc_column_inner][\/vc_row_inner][vc_column_text css=\u00bb.vc_custom_1624365821639{margin-top: -15px !important;}\u00bb]<\/p>\n<h2><a href=\"https:\/\/essentialconciergemenorca.com\/\"><span style=\"color: #0086cb;\"><span style=\"font-family: 'gotham-book' !important;\">ASISTENTE PERSONAL<\/span><\/span><\/a><\/h2>\n<p>[\/vc_column_text][vc_empty_space height=\u00bb30&#8243;][\/vc_column][vc_column width=\u00bb1\/3&#8243;][vc_row_inner][vc_column_inner][vc_single_image image=\u00bb97545&#8243; img_size=\u00bbfull\u00bb onclick=\u00bbcustom_link\u00bb link=\u00bbhttps:\/\/essentialconciergemenorca.com\/servicios-bienestar-menorca\u00bb][\/vc_column_inner][\/vc_row_inner][vc_column_text]<\/p>\n<h2><a href=\"https:\/\/essentialconciergemenorca.com\/servicios-bienestar-menorca\"><span style=\"color: #0086cb;\"><span style=\"font-family: 'gotham-book' !important;\">SALUD &amp; BELLEZA<\/span><\/span><\/a><\/h2>\n<p>[\/vc_column_text][vc_empty_space height=\u00bb30&#8243;][\/vc_column][vc_column width=\u00bb1\/3&#8243;][vc_row_inner][vc_column_inner][vc_single_image image=\u00bb97548&#8243; img_size=\u00bbfull\u00bb onclick=\u00bbcustom_link\u00bb link=\u00bbhttps:\/\/essentialconciergemenorca.com\/experiencias-unicas-menorca\u00bb][\/vc_column_inner][\/vc_row_inner][vc_column_text]<\/p>\n<h2><a href=\"https:\/\/essentialconciergemenorca.com\/experiencias-unicas-menorca\"><span style=\"color: #0086cb;\"><span style=\"font-family: 'gotham-book' !important;\">EXPERIENCIAS \u00daNICAS\u00a0<\/span><\/span><\/a><\/h2>\n<p>[\/vc_column_text][vc_empty_space height=\u00bb30&#8243;][\/vc_column][\/vc_row][vc_row][vc_column width=\u00bb1\/3&#8243;][vc_row_inner][vc_column_inner][vc_single_image image=\u00bb97551&#8243; img_size=\u00bbfull\u00bb onclick=\u00bbcustom_link\u00bb link=\u00bbhttps:\/\/essentialconciergemenorca.com\/chef-privado-menorca\u00bb][\/vc_column_inner][\/vc_row_inner][vc_column_text]<\/p>\n<h2><a href=\"https:\/\/essentialconciergemenorca.com\/chef-privado-menorca\"><span style=\"color: #0086cb;\"><span style=\"font-family: 'gotham-book' !important;\">SERVICIOS DE CATERING<\/span><\/span><\/a><\/h2>\n<p>[\/vc_column_text][vc_empty_space height=\u00bb30&#8243;][\/vc_column][vc_column width=\u00bb1\/3&#8243;][vc_row_inner][vc_column_inner][vc_single_image image=\u00bb97557&#8243; img_size=\u00bbfull\u00bb onclick=\u00bbcustom_link\u00bb link=\u00bbhttps:\/\/essentialconciergemenorca.com\/planificacion-de-eventos-menorca\u00bb][\/vc_column_inner][\/vc_row_inner][vc_column_text]<\/p>\n<h2><a href=\"https:\/\/essentialconciergemenorca.com\/planificacion-de-eventos-menorca\"><span style=\"color: #0086cb;\"><span style=\"font-family: 'gotham-book' !important;\">PLANIFICACI\u00d3N DE EVENTOS<\/span><\/span><\/a><\/h2>\n<p>[\/vc_column_text][vc_empty_space height=\u00bb30&#8243;][\/vc_column][vc_column width=\u00bb1\/3&#8243;][vc_row_inner][vc_column_inner][vc_single_image image=\u00bb97560&#8243; img_size=\u00bbfull\u00bb onclick=\u00bbcustom_link\u00bb link=\u00bbhttps:\/\/essentialconciergemenorca.com\/alquiler-de-yates-menorca\u00bb][\/vc_column_inner][\/vc_row_inner][vc_column_text]<\/p>\n<h2><a href=\"https:\/\/essentialconciergemenorca.com\/alquiler-de-yates-menorca\"><span style=\"color: #0086cb;\"><span style=\"font-family: 'gotham-book' !important;\">ALQUILER DE YATES<\/span><\/span><\/a><\/h2>\n<p>[\/vc_column_text][vc_empty_space height=\u00bb30&#8243;][\/vc_column][\/vc_row][vc_row][vc_column][vc_empty_space height=\u00bb100px\u00bb][\/vc_column][\/vc_row]<\/p>\n","protected":false},"excerpt":{"rendered":"<p>[vc_row full_width=\u00bbstretch_row\u00bb parallax=\u00bbcontent-moving\u00bb css=\u00bb.vc_custom_1624265734051{padding-top: 200px !important;padding-bottom: 200px !important;background-image: url(https:\/\/menorcasa.com\/wp-content\/uploads\/2021\/06\/Concierge-Bell-image-1.jpg?id=97590) !important;background-position: center;background-repeat: no-repeat;background-size: contain !important;}\u00bb][vc_column][vc_custom_heading text=\u00bbSERVICIO DE CONCIERGE EN MENORCA\u00bb font_container=\u00bbtag:h1|text_align:center|color:%23ffffff\u00bb use_theme_fonts=\u00bbyes\u00bb][\/vc_column][\/vc_row][vc_row][vc_column][vc_column_text][\/vc_column_text][\/vc_column][\/vc_row][vc_row full_width=\u00bbstretch_row\u00bb css=\u00bb.vc_custom_1623917210707{background-position: center !important;background-repeat: no-repeat !important;background-size: contain !important;}\u00bb][vc_column width=\u00bb1\/3&#8243;][vc_single_image image=\u00bb97600&#8243; img_size=\u00bbfull\u00bb onclick=\u00bbcustom_link\u00bb img_link_target=\u00bb_blank\u00bb css=\u00bb.vc_custom_1624365687152{padding-right: 30px !important;padding-left: 30px !important;}\u00bb link=\u00bbhttps:\/\/essentialconciergemenorca.com\/\u00bb][\/vc_column][vc_column width=\u00bb2\/3&#8243;][vc_column_text] Menorcasa presenta una nueva y emocionante extensi\u00f3n de nuestros servicios c\u00f3mo agentes inmobiliarios. Essential&#8230;<\/p>\n","protected":false},"author":28,"featured_media":97575,"parent":0,"menu_order":0,"comment_status":"closed","ping_status":"closed","template":"templates\/home.php","meta":{"footnotes":""},"class_list":["post-97700","page","type-page","status-publish","has-post-thumbnail","hentry"],"yoast_head":"<!-- This site is optimized with the Yoast SEO Premium plugin v21.4 (Yoast SEO v27.1.1) - https:\/\/yoast.com\/product\/yoast-seo-premium-wordpress\/ -->\n<title>Servicio de Concierge Menorca | Servicios de lujo en Menorca<\/title>\n<meta name=\"description\" content=\"Ofrecemos lo mejor en servicios de lujo: planificaci\u00f3n de eventos, alquiler de yates, restaurantes, eventos y actividades.\" \/>\n<meta name=\"robots\" content=\"index, follow, max-snippet:-1, max-image-preview:large, max-video-preview:-1\" \/>\n<link rel=\"canonical\" href=\"https:\/\/menorcasa.com\/es\/servicio-concierge-menorca\/\" \/>\n<meta property=\"og:locale\" content=\"es_ES\" \/>\n<meta property=\"og:type\" content=\"article\" \/>\n<meta property=\"og:title\" content=\"Servicio Concierge Menorca\" \/>\n<meta property=\"og:description\" content=\"Ofrecemos lo mejor en servicios de lujo: planificaci\u00f3n de eventos, alquiler de yates, restaurantes, eventos y actividades.\" \/>\n<meta property=\"og:url\" content=\"https:\/\/menorcasa.com\/es\/servicio-concierge-menorca\/\" \/>\n<meta property=\"og:site_name\" content=\"Menorcasa\" \/>\n<meta property=\"article:publisher\" content=\"https:\/\/www.facebook.com\/propertiesforsalemenorcasa\/\" \/>\n<meta property=\"article:modified_time\" content=\"2022-01-12T17:30:38+00:00\" \/>\n<meta property=\"og:image\" content=\"https:\/\/menorcasa.com\/wp-content\/uploads\/2021\/06\/Concierge-Bell-image.jpg\" \/>\n\t<meta property=\"og:image:width\" content=\"1896\" \/>\n\t<meta property=\"og:image:height\" content=\"806\" \/>\n\t<meta property=\"og:image:type\" content=\"image\/jpeg\" \/>\n<meta name=\"twitter:card\" content=\"summary_large_image\" \/>\n<meta name=\"twitter:label1\" content=\"Tiempo de lectura\" \/>\n\t<meta name=\"twitter:data1\" content=\"1 minuto\" \/>\n<script type=\"application\/ld+json\" class=\"yoast-schema-graph\">{\"@context\":\"https:\/\/schema.org\",\"@graph\":[{\"@type\":\"WebPage\",\"@id\":\"https:\/\/menorcasa.com\/es\/servicio-concierge-menorca\/\",\"url\":\"https:\/\/menorcasa.com\/es\/servicio-concierge-menorca\/\",\"name\":\"Servicio de Concierge Menorca | Servicios de lujo en Menorca\",\"isPartOf\":{\"@id\":\"https:\/\/menorcasa.com\/es\/#website\"},\"primaryImageOfPage\":{\"@id\":\"https:\/\/menorcasa.com\/es\/servicio-concierge-menorca\/#primaryimage\"},\"image\":{\"@id\":\"https:\/\/menorcasa.com\/es\/servicio-concierge-menorca\/#primaryimage\"},\"thumbnailUrl\":\"https:\/\/menorcasa.com\/wp-content\/uploads\/2021\/06\/Concierge-Bell-image.jpg\",\"datePublished\":\"2021-06-22T11:54:51+00:00\",\"dateModified\":\"2022-01-12T17:30:38+00:00\",\"description\":\"Ofrecemos lo mejor en servicios de lujo: planificaci\u00f3n de eventos, alquiler de yates, restaurantes, eventos y actividades.\",\"breadcrumb\":{\"@id\":\"https:\/\/menorcasa.com\/es\/servicio-concierge-menorca\/#breadcrumb\"},\"inLanguage\":\"es\",\"potentialAction\":[{\"@type\":\"ReadAction\",\"target\":[\"https:\/\/menorcasa.com\/es\/servicio-concierge-menorca\/\"]}]},{\"@type\":\"ImageObject\",\"inLanguage\":\"es\",\"@id\":\"https:\/\/menorcasa.com\/es\/servicio-concierge-menorca\/#primaryimage\",\"url\":\"https:\/\/menorcasa.com\/wp-content\/uploads\/2021\/06\/Concierge-Bell-image.jpg\",\"contentUrl\":\"https:\/\/menorcasa.com\/wp-content\/uploads\/2021\/06\/Concierge-Bell-image.jpg\",\"width\":1896,\"height\":806,\"caption\":\"concierge menorca\"},{\"@type\":\"BreadcrumbList\",\"@id\":\"https:\/\/menorcasa.com\/es\/servicio-concierge-menorca\/#breadcrumb\",\"itemListElement\":[{\"@type\":\"ListItem\",\"position\":1,\"name\":\"Propiedades en Venta en Menorca\",\"item\":\"https:\/\/menorcasa.com\/es\/\"},{\"@type\":\"ListItem\",\"position\":2,\"name\":\"Servicio Concierge Menorca\"}]},{\"@type\":\"WebSite\",\"@id\":\"https:\/\/menorcasa.com\/es\/#website\",\"url\":\"https:\/\/menorcasa.com\/es\/\",\"name\":\"Menorcasa\",\"description\":\"properties for sale in menorca: villas, apartments, homes and more\",\"publisher\":{\"@id\":\"https:\/\/menorcasa.com\/es\/#organization\"},\"potentialAction\":[{\"@type\":\"SearchAction\",\"target\":{\"@type\":\"EntryPoint\",\"urlTemplate\":\"https:\/\/menorcasa.com\/es\/?s={search_term_string}\"},\"query-input\":{\"@type\":\"PropertyValueSpecification\",\"valueRequired\":true,\"valueName\":\"search_term_string\"}}],\"inLanguage\":\"es\"},{\"@type\":\"Organization\",\"@id\":\"https:\/\/menorcasa.com\/es\/#organization\",\"name\":\"Menorcasa\",\"url\":\"https:\/\/menorcasa.com\/es\/\",\"logo\":{\"@type\":\"ImageObject\",\"inLanguage\":\"es\",\"@id\":\"https:\/\/menorcasa.com\/es\/#\/schema\/logo\/image\/\",\"url\":\"\",\"contentUrl\":\"\",\"caption\":\"Menorcasa\"},\"image\":{\"@id\":\"https:\/\/menorcasa.com\/es\/#\/schema\/logo\/image\/\"},\"sameAs\":[\"https:\/\/www.facebook.com\/propertiesforsalemenorcasa\/\",\"https:\/\/www.instagram.com\/menorcasaproperties\/\"]}]}<\/script>\n<!-- \/ Yoast SEO Premium plugin. -->","yoast_head_json":{"title":"Servicio de Concierge Menorca | Servicios de lujo en Menorca","description":"Ofrecemos lo mejor en servicios de lujo: planificaci\u00f3n de eventos, alquiler de yates, restaurantes, eventos y actividades.","robots":{"index":"index","follow":"follow","max-snippet":"max-snippet:-1","max-image-preview":"max-image-preview:large","max-video-preview":"max-video-preview:-1"},"canonical":"https:\/\/menorcasa.com\/es\/servicio-concierge-menorca\/","og_locale":"es_ES","og_type":"article","og_title":"Servicio Concierge Menorca","og_description":"Ofrecemos lo mejor en servicios de lujo: planificaci\u00f3n de eventos, alquiler de yates, restaurantes, eventos y actividades.","og_url":"https:\/\/menorcasa.com\/es\/servicio-concierge-menorca\/","og_site_name":"Menorcasa","article_publisher":"https:\/\/www.facebook.com\/propertiesforsalemenorcasa\/","article_modified_time":"2022-01-12T17:30:38+00:00","og_image":[{"width":1896,"height":806,"url":"https:\/\/menorcasa.com\/wp-content\/uploads\/2021\/06\/Concierge-Bell-image.jpg","type":"image\/jpeg"}],"twitter_card":"summary_large_image","twitter_misc":{"Tiempo de lectura":"1 minuto"},"schema":{"@context":"https:\/\/schema.org","@graph":[{"@type":"WebPage","@id":"https:\/\/menorcasa.com\/es\/servicio-concierge-menorca\/","url":"https:\/\/menorcasa.com\/es\/servicio-concierge-menorca\/","name":"Servicio de Concierge Menorca | Servicios de lujo en Menorca","isPartOf":{"@id":"https:\/\/menorcasa.com\/es\/#website"},"primaryImageOfPage":{"@id":"https:\/\/menorcasa.com\/es\/servicio-concierge-menorca\/#primaryimage"},"image":{"@id":"https:\/\/menorcasa.com\/es\/servicio-concierge-menorca\/#primaryimage"},"thumbnailUrl":"https:\/\/menorcasa.com\/wp-content\/uploads\/2021\/06\/Concierge-Bell-image.jpg","datePublished":"2021-06-22T11:54:51+00:00","dateModified":"2022-01-12T17:30:38+00:00","description":"Ofrecemos lo mejor en servicios de lujo: planificaci\u00f3n de eventos, alquiler de yates, restaurantes, eventos y actividades.","breadcrumb":{"@id":"https:\/\/menorcasa.com\/es\/servicio-concierge-menorca\/#breadcrumb"},"inLanguage":"es","potentialAction":[{"@type":"ReadAction","target":["https:\/\/menorcasa.com\/es\/servicio-concierge-menorca\/"]}]},{"@type":"ImageObject","inLanguage":"es","@id":"https:\/\/menorcasa.com\/es\/servicio-concierge-menorca\/#primaryimage","url":"https:\/\/menorcasa.com\/wp-content\/uploads\/2021\/06\/Concierge-Bell-image.jpg","contentUrl":"https:\/\/menorcasa.com\/wp-content\/uploads\/2021\/06\/Concierge-Bell-image.jpg","width":1896,"height":806,"caption":"concierge menorca"},{"@type":"BreadcrumbList","@id":"https:\/\/menorcasa.com\/es\/servicio-concierge-menorca\/#breadcrumb","itemListElement":[{"@type":"ListItem","position":1,"name":"Propiedades en Venta en Menorca","item":"https:\/\/menorcasa.com\/es\/"},{"@type":"ListItem","position":2,"name":"Servicio Concierge Menorca"}]},{"@type":"WebSite","@id":"https:\/\/menorcasa.com\/es\/#website","url":"https:\/\/menorcasa.com\/es\/","name":"Menorcasa","description":"properties for sale in menorca: villas, apartments, homes and more","publisher":{"@id":"https:\/\/menorcasa.com\/es\/#organization"},"potentialAction":[{"@type":"SearchAction","target":{"@type":"EntryPoint","urlTemplate":"https:\/\/menorcasa.com\/es\/?s={search_term_string}"},"query-input":{"@type":"PropertyValueSpecification","valueRequired":true,"valueName":"search_term_string"}}],"inLanguage":"es"},{"@type":"Organization","@id":"https:\/\/menorcasa.com\/es\/#organization","name":"Menorcasa","url":"https:\/\/menorcasa.com\/es\/","logo":{"@type":"ImageObject","inLanguage":"es","@id":"https:\/\/menorcasa.com\/es\/#\/schema\/logo\/image\/","url":"","contentUrl":"","caption":"Menorcasa"},"image":{"@id":"https:\/\/menorcasa.com\/es\/#\/schema\/logo\/image\/"},"sameAs":["https:\/\/www.facebook.com\/propertiesforsalemenorcasa\/","https:\/\/www.instagram.com\/menorcasaproperties\/"]}]}},"_links":{"self":[{"href":"https:\/\/menorcasa.com\/es\/wp-json\/wp\/v2\/pages\/97700","targetHints":{"allow":["GET"]}}],"collection":[{"href":"https:\/\/menorcasa.com\/es\/wp-json\/wp\/v2\/pages"}],"about":[{"href":"https:\/\/menorcasa.com\/es\/wp-json\/wp\/v2\/types\/page"}],"author":[{"embeddable":true,"href":"https:\/\/menorcasa.com\/es\/wp-json\/wp\/v2\/users\/28"}],"replies":[{"embeddable":true,"href":"https:\/\/menorcasa.com\/es\/wp-json\/wp\/v2\/comments?post=97700"}],"version-history":[{"count":0,"href":"https:\/\/menorcasa.com\/es\/wp-json\/wp\/v2\/pages\/97700\/revisions"}],"wp:featuredmedia":[{"embeddable":true,"href":"https:\/\/menorcasa.com\/es\/wp-json\/wp\/v2\/media\/97575"}],"wp:attachment":[{"href":"https:\/\/menorcasa.com\/es\/wp-json\/wp\/v2\/media?parent=97700"}],"curies":[{"name":"wp","href":"https:\/\/api.w.org\/{rel}","templated":true}]}}