{"id":118387,"date":"2023-06-13T15:50:21","date_gmt":"2023-06-13T15:50:21","guid":{"rendered":"https:\/\/menorcasa.com\/proprietes-de-luxe\/"},"modified":"2026-03-25T13:28:56","modified_gmt":"2026-03-25T12:28:56","slug":"proprietes-de-luxe","status":"publish","type":"page","link":"https:\/\/menorcasa.com\/fr\/proprietes-de-luxe\/","title":{"rendered":"Propri\u00e9t\u00e9s de luxe \u00e0 Minorque"},"content":{"rendered":"\t\t<div data-elementor-type=\"wp-page\" data-elementor-id=\"118387\" class=\"elementor elementor-118387 elementor-112065\" data-elementor-post-type=\"page\">\n\t\t\t\t\t\t<section class=\"elementor-section elementor-top-section elementor-element elementor-element-350c406 elementor-section-full_width elementor-section-height-default elementor-section-height-default\" data-id=\"350c406\" data-element_type=\"section\">\n\t\t\t\t\t\t\t<div class=\"elementor-background-overlay\"><\/div>\n\t\t\t\t\t\t\t<div class=\"elementor-container elementor-column-gap-default\">\n\t\t\t\t\t<div class=\"elementor-column elementor-col-100 elementor-top-column elementor-element elementor-element-374ea1c\" data-id=\"374ea1c\" data-element_type=\"column\">\n\t\t\t<div class=\"elementor-widget-wrap elementor-element-populated\">\n\t\t\t\t\t\t<div class=\"elementor-element elementor-element-b8e6513 elementor-widget elementor-widget-text-editor\" data-id=\"b8e6513\" data-element_type=\"widget\" data-widget_type=\"text-editor.default\">\n\t\t\t\t<div class=\"elementor-widget-container\">\n\t\t\t\t\t\t\t\t\t<h1>Luxury Properties in Menorca<\/h1>\t\t\t\t\t\t\t\t<\/div>\n\t\t\t\t<\/div>\n\t\t\t\t\t<\/div>\n\t\t<\/div>\n\t\t\t\t\t<\/div>\n\t\t<\/section>\n\t\t\t\t<section class=\"elementor-section elementor-top-section elementor-element elementor-element-3cac01a elementor-section-boxed elementor-section-height-default elementor-section-height-default\" data-id=\"3cac01a\" data-element_type=\"section\">\n\t\t\t\t\t\t<div class=\"elementor-container elementor-column-gap-default\">\n\t\t\t\t\t<div class=\"elementor-column elementor-col-100 elementor-top-column elementor-element elementor-element-db2bafa\" data-id=\"db2bafa\" data-element_type=\"column\">\n\t\t\t<div class=\"elementor-widget-wrap elementor-element-populated\">\n\t\t\t\t\t\t<div class=\"elementor-element elementor-element-9f61473 elementor-widget elementor-widget-text-editor\" data-id=\"9f61473\" data-element_type=\"widget\" data-widget_type=\"text-editor.default\">\n\t\t\t\t<div class=\"elementor-widget-container\">\n\t\t\t\t\t\t\t\t\t<p data-start=\"0\" data-end=\"313\">Discover our <strong data-start=\"13\" data-end=\"45\">luxury properties in Menorca<\/strong>, set beside crystal-clear coves and landscapes. Each luxury villa in Menorca combines signature architecture, premium materials (local stone, fine hardwoods, Italian marble), and advanced smart-home systems to deliver complete privacy and comfort.<\/p><p data-start=\"315\" data-end=\"649\">Investing here means accessing a high-growth market, enjoying an exceptional Mediterranean lifestyle, and benefiting from exclusive services: comprehensive property maintenance, a private chef, and 24\/7 concierge. Our estates and villas feature infinity pools, Mediterranean gardens, and, in some cases, padel courts or a private spa.<\/p><p data-start=\"651\" data-end=\"859\" data-is-last-node=\"\" data-is-only-node=\"\">To secure your next luxury property on the island of Menorca, request our dossier with prices and availability. We arrange private viewings, legal and tax guidance, and coordinate the entire purchase process.<\/p>\t\t\t\t\t\t\t\t<\/div>\n\t\t\t\t<\/div>\n\t\t\t\t\t<\/div>\n\t\t<\/div>\n\t\t\t\t\t<\/div>\n\t\t<\/section>\n\t\t\t\t<\/div>\n\t\t","protected":false},"excerpt":{"rendered":"<p>Luxury Properties in Menorca Discover our luxury properties in Menorca, set beside crystal-clear coves and landscapes. Each luxury villa in Menorca combines signature architecture, premium materials (local stone, fine hardwoods, Italian marble), and advanced smart-home systems to deliver complete privacy and comfort. Investing here means accessing a high-growth market, enjoying an exceptional Mediterranean lifestyle, and&#8230;<\/p>\n","protected":false},"author":32,"featured_media":0,"parent":0,"menu_order":0,"comment_status":"closed","ping_status":"closed","template":"templates\/grid-layout-full-width.php","meta":{"footnotes":""},"class_list":["post-118387","page","type-page","status-publish","hentry"],"yoast_head":"<!-- This site is optimized with the Yoast SEO Premium plugin v21.4 (Yoast SEO v27.1.1) - https:\/\/yoast.com\/product\/yoast-seo-premium-wordpress\/ -->\n<title>Propri\u00e9t\u00e9s de luxe \u00e0 Minorque | Menorcasa<\/title>\n<meta name=\"robots\" content=\"index, follow, max-snippet:-1, max-image-preview:large, max-video-preview:-1\" \/>\n<link rel=\"canonical\" href=\"https:\/\/menorcasa.com\/fr\/proprietes-de-luxe\/\" \/>\n<meta property=\"og:locale\" content=\"fr_FR\" \/>\n<meta property=\"og:type\" content=\"article\" \/>\n<meta property=\"og:title\" content=\"Propri\u00e9t\u00e9s de luxe \u00e0 Minorque\" \/>\n<meta property=\"og:description\" content=\"Luxury Properties in Menorca Discover our luxury properties in Menorca, set beside crystal-clear coves and landscapes. Each luxury villa in Menorca combines signature architecture, premium materials (local stone, fine hardwoods, Italian marble), and advanced smart-home systems to deliver complete privacy and comfort. Investing here means accessing a high-growth market, enjoying an exceptional Mediterranean lifestyle, and...\" \/>\n<meta property=\"og:url\" content=\"https:\/\/menorcasa.com\/fr\/proprietes-de-luxe\/\" \/>\n<meta property=\"og:site_name\" content=\"Menorcasa\" \/>\n<meta property=\"article:publisher\" content=\"https:\/\/www.facebook.com\/propertiesforsalemenorcasa\/\" \/>\n<meta property=\"article:modified_time\" content=\"2026-03-25T12:28:56+00:00\" \/>\n<meta name=\"twitter:card\" content=\"summary_large_image\" \/>\n<meta name=\"twitter:label1\" content=\"Dur\u00e9e de lecture estim\u00e9e\" \/>\n\t<meta name=\"twitter:data1\" content=\"1 minute\" \/>\n<script type=\"application\/ld+json\" class=\"yoast-schema-graph\">{\"@context\":\"https:\/\/schema.org\",\"@graph\":[{\"@type\":\"WebPage\",\"@id\":\"https:\/\/menorcasa.com\/fr\/proprietes-de-luxe\/\",\"url\":\"https:\/\/menorcasa.com\/fr\/proprietes-de-luxe\/\",\"name\":\"Propri\u00e9t\u00e9s de luxe \u00e0 Minorque | Menorcasa\",\"isPartOf\":{\"@id\":\"https:\/\/menorcasa.com\/fr\/#website\"},\"datePublished\":\"2023-06-13T15:50:21+00:00\",\"dateModified\":\"2026-03-25T12:28:56+00:00\",\"breadcrumb\":{\"@id\":\"https:\/\/menorcasa.com\/fr\/proprietes-de-luxe\/#breadcrumb\"},\"inLanguage\":\"fr-FR\",\"potentialAction\":[{\"@type\":\"ReadAction\",\"target\":[\"https:\/\/menorcasa.com\/fr\/proprietes-de-luxe\/\"]}]},{\"@type\":\"BreadcrumbList\",\"@id\":\"https:\/\/menorcasa.com\/fr\/proprietes-de-luxe\/#breadcrumb\",\"itemListElement\":[{\"@type\":\"ListItem\",\"position\":1,\"name\":\"Immobilier \u00e0 Minorque\",\"item\":\"https:\/\/menorcasa.com\/fr\/\"},{\"@type\":\"ListItem\",\"position\":2,\"name\":\"Propri\u00e9t\u00e9s de luxe \u00e0 Minorque\"}]},{\"@type\":\"WebSite\",\"@id\":\"https:\/\/menorcasa.com\/fr\/#website\",\"url\":\"https:\/\/menorcasa.com\/fr\/\",\"name\":\"Menorcasa\",\"description\":\"propri\u00e9t\u00e9s \u00e0 vendre \u00e0 Minorque : villas, appartements, maisons et plus\",\"publisher\":{\"@id\":\"https:\/\/menorcasa.com\/fr\/#organization\"},\"potentialAction\":[{\"@type\":\"SearchAction\",\"target\":{\"@type\":\"EntryPoint\",\"urlTemplate\":\"https:\/\/menorcasa.com\/fr\/?s={search_term_string}\"},\"query-input\":{\"@type\":\"PropertyValueSpecification\",\"valueRequired\":true,\"valueName\":\"search_term_string\"}}],\"inLanguage\":\"fr-FR\"},{\"@type\":\"Organization\",\"@id\":\"https:\/\/menorcasa.com\/fr\/#organization\",\"name\":\"Menorcasa\",\"url\":\"https:\/\/menorcasa.com\/fr\/\",\"logo\":{\"@type\":\"ImageObject\",\"inLanguage\":\"fr-FR\",\"@id\":\"https:\/\/menorcasa.com\/fr\/#\/schema\/logo\/image\/\",\"url\":\"\",\"contentUrl\":\"\",\"caption\":\"Menorcasa\"},\"image\":{\"@id\":\"https:\/\/menorcasa.com\/fr\/#\/schema\/logo\/image\/\"},\"sameAs\":[\"https:\/\/www.facebook.com\/propertiesforsalemenorcasa\/\",\"https:\/\/www.instagram.com\/menorcasaproperties\/\"]}]}<\/script>\n<!-- \/ Yoast SEO Premium plugin. -->","yoast_head_json":{"title":"Propri\u00e9t\u00e9s de luxe \u00e0 Minorque | Menorcasa","robots":{"index":"index","follow":"follow","max-snippet":"max-snippet:-1","max-image-preview":"max-image-preview:large","max-video-preview":"max-video-preview:-1"},"canonical":"https:\/\/menorcasa.com\/fr\/proprietes-de-luxe\/","og_locale":"fr_FR","og_type":"article","og_title":"Propri\u00e9t\u00e9s de luxe \u00e0 Minorque","og_description":"Luxury Properties in Menorca Discover our luxury properties in Menorca, set beside crystal-clear coves and landscapes. Each luxury villa in Menorca combines signature architecture, premium materials (local stone, fine hardwoods, Italian marble), and advanced smart-home systems to deliver complete privacy and comfort. Investing here means accessing a high-growth market, enjoying an exceptional Mediterranean lifestyle, and...","og_url":"https:\/\/menorcasa.com\/fr\/proprietes-de-luxe\/","og_site_name":"Menorcasa","article_publisher":"https:\/\/www.facebook.com\/propertiesforsalemenorcasa\/","article_modified_time":"2026-03-25T12:28:56+00:00","twitter_card":"summary_large_image","twitter_misc":{"Dur\u00e9e de lecture estim\u00e9e":"1 minute"},"schema":{"@context":"https:\/\/schema.org","@graph":[{"@type":"WebPage","@id":"https:\/\/menorcasa.com\/fr\/proprietes-de-luxe\/","url":"https:\/\/menorcasa.com\/fr\/proprietes-de-luxe\/","name":"Propri\u00e9t\u00e9s de luxe \u00e0 Minorque | Menorcasa","isPartOf":{"@id":"https:\/\/menorcasa.com\/fr\/#website"},"datePublished":"2023-06-13T15:50:21+00:00","dateModified":"2026-03-25T12:28:56+00:00","breadcrumb":{"@id":"https:\/\/menorcasa.com\/fr\/proprietes-de-luxe\/#breadcrumb"},"inLanguage":"fr-FR","potentialAction":[{"@type":"ReadAction","target":["https:\/\/menorcasa.com\/fr\/proprietes-de-luxe\/"]}]},{"@type":"BreadcrumbList","@id":"https:\/\/menorcasa.com\/fr\/proprietes-de-luxe\/#breadcrumb","itemListElement":[{"@type":"ListItem","position":1,"name":"Immobilier \u00e0 Minorque","item":"https:\/\/menorcasa.com\/fr\/"},{"@type":"ListItem","position":2,"name":"Propri\u00e9t\u00e9s de luxe \u00e0 Minorque"}]},{"@type":"WebSite","@id":"https:\/\/menorcasa.com\/fr\/#website","url":"https:\/\/menorcasa.com\/fr\/","name":"Menorcasa","description":"propri\u00e9t\u00e9s \u00e0 vendre \u00e0 Minorque : villas, appartements, maisons et plus","publisher":{"@id":"https:\/\/menorcasa.com\/fr\/#organization"},"potentialAction":[{"@type":"SearchAction","target":{"@type":"EntryPoint","urlTemplate":"https:\/\/menorcasa.com\/fr\/?s={search_term_string}"},"query-input":{"@type":"PropertyValueSpecification","valueRequired":true,"valueName":"search_term_string"}}],"inLanguage":"fr-FR"},{"@type":"Organization","@id":"https:\/\/menorcasa.com\/fr\/#organization","name":"Menorcasa","url":"https:\/\/menorcasa.com\/fr\/","logo":{"@type":"ImageObject","inLanguage":"fr-FR","@id":"https:\/\/menorcasa.com\/fr\/#\/schema\/logo\/image\/","url":"","contentUrl":"","caption":"Menorcasa"},"image":{"@id":"https:\/\/menorcasa.com\/fr\/#\/schema\/logo\/image\/"},"sameAs":["https:\/\/www.facebook.com\/propertiesforsalemenorcasa\/","https:\/\/www.instagram.com\/menorcasaproperties\/"]}]}},"_links":{"self":[{"href":"https:\/\/menorcasa.com\/fr\/wp-json\/wp\/v2\/pages\/118387","targetHints":{"allow":["GET"]}}],"collection":[{"href":"https:\/\/menorcasa.com\/fr\/wp-json\/wp\/v2\/pages"}],"about":[{"href":"https:\/\/menorcasa.com\/fr\/wp-json\/wp\/v2\/types\/page"}],"author":[{"embeddable":true,"href":"https:\/\/menorcasa.com\/fr\/wp-json\/wp\/v2\/users\/32"}],"replies":[{"embeddable":true,"href":"https:\/\/menorcasa.com\/fr\/wp-json\/wp\/v2\/comments?post=118387"}],"version-history":[{"count":0,"href":"https:\/\/menorcasa.com\/fr\/wp-json\/wp\/v2\/pages\/118387\/revisions"}],"wp:attachment":[{"href":"https:\/\/menorcasa.com\/fr\/wp-json\/wp\/v2\/media?parent=118387"}],"curies":[{"name":"wp","href":"https:\/\/api.w.org\/{rel}","templated":true}]}}