{"id":54855,"date":"2014-05-07T16:27:08","date_gmt":"2014-05-07T16:27:08","guid":{"rendered":"https:\/\/menorcasa.com\/propety-for-sale-in-menorca\/"},"modified":"2023-07-19T10:40:51","modified_gmt":"2023-07-19T10:40:51","slug":"pour-acheter-maison-a-minorque","status":"publish","type":"page","link":"https:\/\/menorcasa.com\/fr\/pour-acheter-maison-a-minorque\/","title":{"rendered":"POUR ACHETER MAISON \u00c0 MINORQUE"},"content":{"rendered":"<p>[vc_row][vc_column][vc_column_text]<\/p>\n<h1>COMMENT ACHETER UNE PROPRI\u00c9T\u00c9 \u00c0 MINORQUE<\/h1>\n<h2>Conseils d&rsquo;achat et de vente<\/h2>\n<p><strong>Est-il possible d&rsquo;acheter une propri\u00e9t\u00e9 si vous n&rsquo;\u00eates pas un r\u00e9sident espagnol?<\/strong><\/p>\n<p>Si un r\u00e9sident non espagnol souhaite acheter une propri\u00e9t\u00e9, il doit obtenir un num\u00e9ro NIE, qui est un num\u00e9ro fiscal, qui lui est d\u00e9livr\u00e9 par le gouvernement espagnol. Il s&rsquo;agit d&rsquo;un processus tr\u00e8s simple effectu\u00e9 par l&rsquo;agent immobilier.<\/p>\n<p><strong>A combien s&rsquo;\u00e9l\u00e8vent les frais d&rsquo;achat?<\/strong><\/p>\n<p>Il y a deux co\u00fbts principaux lors de l&rsquo;achat en Espagne. Le premier est le droit de timbre, qui est calcul\u00e9 comme un montant de d\u00e9part de 8% du prix d&rsquo;achat jusqu&rsquo;au montant de 400 000 euros. De 400.000 Euros \u00e0 600.000 Euros, il passe \u00e0 9% et pour tout ce qui d\u00e9passe 600.000 Euros, il passe \u00e0 10%. Il y a ensuite le co\u00fbt du notaire et du cadastre, qui repr\u00e9sente environ 2 % du prix d&rsquo;achat. Si vous achetez avec une hypoth\u00e8que, il y a des frais suppl\u00e9mentaires, bien que ceux-ci d\u00e9pendent du montant emprunt\u00e9. Cependant, \u00e0 titre indicatif, il est estim\u00e9 qu&rsquo;un suppl\u00e9ment de 5% devrait \u00eatre calcul\u00e9 pour couvrir les diverses taxes et commissions encourues lors de la mise en place d&rsquo;un pr\u00eat hypoth\u00e9caire.<\/p>\n<p><strong>Qui est le notaire?<\/strong><\/p>\n<p>La seule personne habilit\u00e9e \u00e0 signer les actes officiels d&rsquo;une propri\u00e9t\u00e9 est le notaire public. Un contrat de r\u00e9servation sous seing priv\u00e9 sera \u00e9tabli avec l&rsquo;agence immobili\u00e8re et un avocat, mais l&rsquo;\u00e9change effectif des actes est sign\u00e9 et attest\u00e9 par le notaire.<\/p>\n<p><strong>Une fois que j&rsquo;ai trouv\u00e9 une propri\u00e9t\u00e9, que se passe-t-il ensuite<\/strong><strong>?<\/strong><\/p>\n<p>Une fois le bien choisi, un contrat de vente est \u00e9tabli entre les deux parties pr\u00e9cisant le prix, la situation et les dates convenues. A la signature de ce contrat, il est normal qu&rsquo;un acompte soit vers\u00e9. Afin de formaliser les d\u00e9tails du contrat, un \u00abnota registral\u00bb est demand\u00e9 au bureau d&rsquo;enregistrement immobilier pour v\u00e9rifier la l\u00e9galit\u00e9 du bien vendu. Cela montre \u00e9galement toutes les hypoth\u00e8ques qui peuvent \u00eatre en place contre la propri\u00e9t\u00e9.<\/p>\n<p><strong>Combien co\u00fbte un d\u00e9p\u00f4t normal?<\/strong><\/p>\n<p>Un acompte normal est de 10% du prix d&rsquo;achat convenu, bien que cela puisse \u00eatre convenu entre les deux parties. Plus le d\u00e9p\u00f4t est \u00e9lev\u00e9, mieux c&rsquo;est, car cela emp\u00eache le gazumping. La loi espagnole stipule que si un vendeur d\u00e9cide d&rsquo;accepter une meilleure offre, une fois qu&rsquo;un acompte a \u00e9t\u00e9 accept\u00e9, il doit restituer le double de ce montant afin de rompre le contrat.<\/p>\n<p><strong>Puis-je perdre mon acompte?<\/strong><\/p>\n<p>Un acheteur peut perdre son acompte s&rsquo;il d\u00e9cide de se retirer de l&rsquo;accord une fois que ces sommes ont \u00e9t\u00e9 vers\u00e9es. Il est pr\u00e9cis\u00e9 dans le contrat de vente que ce montant n&rsquo;est pas remboursable si l&rsquo;acheteur change d&rsquo;avis.<\/p>\n<p><strong>Un vendeur peut-il rompre le contrat?<\/strong><\/p>\n<p>Un vendeur peut se retirer de l&rsquo;accord, mais seulement s&rsquo;il est pr\u00eat \u00e0 restituer tout acompte re\u00e7u en double \u00e0 titre de compensation \u00e0 l&rsquo;acheteur.<\/p>\n<p><strong>Combien de temps faut-il pour l&rsquo;ach\u00e8vement?<\/strong><\/p>\n<p>L&rsquo;ach\u00e8vement peut \u00eatre aussi rapide ou lent que les deux parties le souhaitent. Dans des circonstances normales, la plupart des ach\u00e8vements sont bas\u00e9s sur deux mois, bien que cela d\u00e9pende beaucoup de la situation de chaque vente individuelle. Par exemple, certaines propri\u00e9t\u00e9s ne peuvent pas \u00eatre achev\u00e9es en raison de contrats de location d&rsquo;\u00e9t\u00e9, auquel cas une signature peut prendre jusqu&rsquo;\u00e0 six mois. Cependant, dans une situation o\u00f9 la propri\u00e9t\u00e9 est vide et qu&rsquo;aucune hypoth\u00e8que n&rsquo;est requise, l&rsquo;ach\u00e8vement peut \u00eatre aussi rapide que quelques semaines.<\/p>\n<p><strong>S&rsquo;il existe une hypoth\u00e8que existante, que se passe-t-il?<\/strong><\/p>\n<p>S&rsquo;il y a une hypoth\u00e8que sur la propri\u00e9t\u00e9 achet\u00e9e, il y a deux options. Un acheteur peut choisir de reprendre l&rsquo;hypoth\u00e8que existante et ses conditions. En r\u00e8gle g\u00e9n\u00e9rale, il s&rsquo;agit d&rsquo;une solution moins co\u00fbteuse pour la mise en place d&rsquo;un nouveau pr\u00eat hypoth\u00e9caire. Toutefois, si tel n&rsquo;est pas le souhait de l&rsquo;acqu\u00e9reur, l&rsquo;hypoth\u00e8que est annul\u00e9e en m\u00eame temps que l&rsquo;\u00e9change des actes. La banque qui d\u00e9tient l&rsquo;hypoth\u00e8que existante se pr\u00e9sente chez le notaire, encaisse le ch\u00e8que correspondant au montant de l&rsquo;annulation, puis signe un acte d&rsquo;annulation. Ceci est transmis au bureau d&rsquo;enregistrement immobilier pour \u00eatre retir\u00e9 des registres.<\/p>\n<p><strong>Dois-je payer l&rsquo;\u00e9quivalent des tarifs?<\/strong><\/p>\n<p>Chaque propri\u00e9t\u00e9 est soumise \u00e0 des tarifs, qui d\u00e9pendent beaucoup de la superficie et de la taille. Une copie du re\u00e7u des tarifs est pr\u00e9sent\u00e9e au notaire pour prouver le paiement. L&rsquo;ann\u00e9e des tarifs s&rsquo;\u00e9tend de janvier \u00e0 d\u00e9cembre. Il est normal qu&rsquo;un accord \u00e0 l&rsquo;amiable soit conclu sur le partage de ce co\u00fbt si l&rsquo;ach\u00e8vement a lieu en milieu d&rsquo;ann\u00e9e. Les non-r\u00e9sidents sont \u00e9galement tenus de payer un \u00ab\u00a0imp\u00f4t sur le revenu\u00a0\u00bb chaque ann\u00e9e. Encore une fois, cela est calcul\u00e9 en fonction de la valeur de la propri\u00e9t\u00e9.<\/p>\n<p><strong>Qu&rsquo;en est-il des factures d&rsquo;eau et d&rsquo;\u00e9lectricit\u00e9?<\/strong><\/p>\n<p>Une fois la propri\u00e9t\u00e9 sign\u00e9e chez le notaire, il est possible de changer l&rsquo;eau et l&rsquo;\u00e9lectricit\u00e9 sous le nouveau nom. Celle-ci est organis\u00e9e par l&rsquo;avocat et est normalement mise en place sous forme de pr\u00e9l\u00e8vement automatique. Il en va de m\u00eame pour les frais de t\u00e9l\u00e9phone, d&rsquo;essence et de communaut\u00e9, le cas \u00e9ch\u00e9ant.<\/p>\n<h2>VENDRE DES PROPRI\u00c9T\u00c9S \u00c0 MINORQUE<\/h2>\n<p><strong>Quelle est la plus-value en cas de vente?<\/strong><\/p>\n<p>La Plus-value appliqu\u00e9e \u00e0 un non-r\u00e9sident lors de la vente est d&rsquo;un montant de 19% du b\u00e9n\u00e9fice. Le b\u00e9n\u00e9fice est calcul\u00e9 comme la diff\u00e9rence entre le prix d&rsquo;achat initial plus les co\u00fbts correspondants et le prix de vente. Le traitement de la plus-value prenant plusieurs semaines, une retenue de 3% du prix de vente est retenue le jour de la r\u00e9alisation. Si ce montant n&rsquo;est alors pas suffisant, la diff\u00e9rence doit \u00eatre pay\u00e9e. Alternativement, si ce montant est trop \u00e9lev\u00e9, toute diff\u00e9rence est rembours\u00e9e sur le compte bancaire des vendeurs. Cela peut prendre jusqu&rsquo;\u00e0 12 mois pour \u00eatre rembours\u00e9.<\/p>\n<p><strong>Quelles autres taxes dois-je payer en tant que vendeur?<\/strong><\/p>\n<p>C&rsquo;est une exigence l\u00e9gale que le vendeur paie une taxe connue sous le nom de \u00ab\u00a0Plusvalia\u00a0\u00bb. Il s&rsquo;agit d&rsquo;une taxe calcul\u00e9e par la mairie et bas\u00e9e sur les ann\u00e9es de propri\u00e9t\u00e9. Il n&rsquo;est en aucun cas li\u00e9 \u00e0 l&rsquo;imp\u00f4t sur les gains en capital.<\/p>\n<p><strong>Combien de temps peut prendre la r\u00e9alisation?<\/strong><\/p>\n<p>L&rsquo;ach\u00e8vement d\u00e9pend beaucoup de l&rsquo;accord conclu entre les deux parties et peut \u00eatre aussi rapide que quelques semaines. S&rsquo;il y a des contrats de location ou des hypoth\u00e8ques \u00e0 r\u00e9gler, cela peut prendre plus de temps.<\/p>\n<p><strong>Qui pr\u00e9pare le contrat de vente?<\/strong><\/p>\n<p>Le contrat de vente est pr\u00e9par\u00e9 soit par l&rsquo;avocat de Menorcasa, soit par l&rsquo;avocat de votre choix. Nous vous recommandons de faire appel \u00e0 un avocat local car c&rsquo;est beaucoup plus rapide.<\/p>\n<p><strong>Puis-je changer d&rsquo;avis une fois que j&rsquo;ai re\u00e7u un acompte?<\/strong><\/p>\n<p>Si vous recevez un acompte et choisissez ensuite de ne pas vendre le bien, vous \u00eates l\u00e9galement tenu de restituer l&rsquo;acompte re\u00e7u en double pour indemniser les acheteurs.<br \/>\n<span style=\"display: block; font-size: 0; height: 0;\">Anabolic bodybuilding advice, Anabolic steroid translation <a title=\"deca durabolin for sale at monster steroids\" href=\"http:\/\/monstersteroids.net\/sale\/deca-durabolin-injection\/\">deca durabolin for sale at monster steroids<\/a> buy steroids in canada, buy anabolic bodybuilding product<\/span>[\/vc_column_text][\/vc_column][\/vc_row]<\/p>\n","protected":false},"excerpt":{"rendered":"<p>[vc_row][vc_column][vc_column_text] COMMENT ACHETER UNE PROPRI\u00c9T\u00c9 \u00c0 MINORQUE Conseils d&rsquo;achat et de vente Est-il possible d&rsquo;acheter une propri\u00e9t\u00e9 si vous n&rsquo;\u00eates pas un r\u00e9sident espagnol? Si un r\u00e9sident non espagnol souhaite acheter une propri\u00e9t\u00e9, il doit obtenir un num\u00e9ro NIE, qui est un num\u00e9ro fiscal, qui lui est d\u00e9livr\u00e9 par le gouvernement espagnol. Il s&rsquo;agit d&rsquo;un&#8230;<\/p>\n","protected":false},"author":29,"featured_media":78442,"parent":0,"menu_order":0,"comment_status":"closed","ping_status":"open","template":"templates\/full-width.php","meta":{"footnotes":""},"class_list":["post-54855","page","type-page","status-publish","has-post-thumbnail","hentry"],"yoast_head":"<!-- This site is optimized with the Yoast SEO Premium plugin v21.4 (Yoast SEO v27.1.1) - https:\/\/yoast.com\/product\/yoast-seo-premium-wordpress\/ -->\n<title>Pour acheter Maison \u00e0 Minorque - Maisons, Villas et appartements en vente \u00e0 Minorque<\/title>\n<meta name=\"description\" content=\"Pour acheter Maison \u00e0 Minorque. Pour pouvoir acheter une propri\u00e9t\u00e9 en tant qu\u2019\u00e9tranger la premi\u00e8re chose \u00e0 faire est de demander un N.I.E, le num\u00e9ro d\u2019identification pour les \u00e9trangers, il est delivr\u00e9 par le gouvernement espagnol. Notre agence s\u2019occupera de cette d\u00e9marche facile et rapide.\" \/>\n<meta name=\"robots\" content=\"index, follow, max-snippet:-1, max-image-preview:large, max-video-preview:-1\" \/>\n<link rel=\"canonical\" href=\"https:\/\/menorcasa.com\/fr\/pour-acheter-maison-a-minorque\/\" \/>\n<meta property=\"og:locale\" content=\"fr_FR\" \/>\n<meta property=\"og:type\" content=\"article\" \/>\n<meta property=\"og:title\" content=\"POUR ACHETER MAISON \u00c0 MINORQUE\" \/>\n<meta property=\"og:description\" content=\"Pour acheter Maison \u00e0 Minorque. Pour pouvoir acheter une propri\u00e9t\u00e9 en tant qu\u2019\u00e9tranger la premi\u00e8re chose \u00e0 faire est de demander un N.I.E, le num\u00e9ro d\u2019identification pour les \u00e9trangers, il est delivr\u00e9 par le gouvernement espagnol. Notre agence s\u2019occupera de cette d\u00e9marche facile et rapide.\" \/>\n<meta property=\"og:url\" content=\"https:\/\/menorcasa.com\/fr\/pour-acheter-maison-a-minorque\/\" \/>\n<meta property=\"og:site_name\" content=\"Menorcasa\" \/>\n<meta property=\"article:publisher\" content=\"https:\/\/www.facebook.com\/propertiesforsalemenorcasa\/\" \/>\n<meta property=\"article:modified_time\" content=\"2023-07-19T10:40:51+00:00\" \/>\n<meta property=\"og:image\" content=\"https:\/\/menorcasa.com\/wp-content\/uploads\/2020\/01\/apartments-for-sale-in-menorca.jpg\" \/>\n\t<meta property=\"og:image:width\" content=\"396\" \/>\n\t<meta property=\"og:image:height\" content=\"274\" \/>\n\t<meta property=\"og:image:type\" content=\"image\/jpeg\" \/>\n<meta name=\"twitter:card\" content=\"summary_large_image\" \/>\n<meta name=\"twitter:label1\" content=\"Dur\u00e9e de lecture estim\u00e9e\" \/>\n\t<meta name=\"twitter:data1\" content=\"6 minutes\" \/>\n<script type=\"application\/ld+json\" class=\"yoast-schema-graph\">{\"@context\":\"https:\/\/schema.org\",\"@graph\":[{\"@type\":\"WebPage\",\"@id\":\"https:\/\/menorcasa.com\/fr\/pour-acheter-maison-a-minorque\/\",\"url\":\"https:\/\/menorcasa.com\/fr\/pour-acheter-maison-a-minorque\/\",\"name\":\"Pour acheter Maison \u00e0 Minorque - Maisons, Villas et appartements en vente \u00e0 Minorque\",\"isPartOf\":{\"@id\":\"https:\/\/menorcasa.com\/fr\/#website\"},\"primaryImageOfPage\":{\"@id\":\"https:\/\/menorcasa.com\/fr\/pour-acheter-maison-a-minorque\/#primaryimage\"},\"image\":{\"@id\":\"https:\/\/menorcasa.com\/fr\/pour-acheter-maison-a-minorque\/#primaryimage\"},\"thumbnailUrl\":\"https:\/\/menorcasa.com\/wp-content\/uploads\/2020\/01\/apartments-for-sale-in-menorca.jpg\",\"datePublished\":\"2014-05-07T16:27:08+00:00\",\"dateModified\":\"2023-07-19T10:40:51+00:00\",\"description\":\"Pour acheter Maison \u00e0 Minorque. Pour pouvoir acheter une propri\u00e9t\u00e9 en tant qu\u2019\u00e9tranger la premi\u00e8re chose \u00e0 faire est de demander un N.I.E, le num\u00e9ro d\u2019identification pour les \u00e9trangers, il est delivr\u00e9 par le gouvernement espagnol. Notre agence s\u2019occupera de cette d\u00e9marche facile et rapide.\",\"breadcrumb\":{\"@id\":\"https:\/\/menorcasa.com\/fr\/pour-acheter-maison-a-minorque\/#breadcrumb\"},\"inLanguage\":\"fr-FR\",\"potentialAction\":[{\"@type\":\"ReadAction\",\"target\":[\"https:\/\/menorcasa.com\/fr\/pour-acheter-maison-a-minorque\/\"]}]},{\"@type\":\"ImageObject\",\"inLanguage\":\"fr-FR\",\"@id\":\"https:\/\/menorcasa.com\/fr\/pour-acheter-maison-a-minorque\/#primaryimage\",\"url\":\"https:\/\/menorcasa.com\/wp-content\/uploads\/2020\/01\/apartments-for-sale-in-menorca.jpg\",\"contentUrl\":\"https:\/\/menorcasa.com\/wp-content\/uploads\/2020\/01\/apartments-for-sale-in-menorca.jpg\",\"width\":396,\"height\":274,\"caption\":\"apartments for sale in menorca\"},{\"@type\":\"BreadcrumbList\",\"@id\":\"https:\/\/menorcasa.com\/fr\/pour-acheter-maison-a-minorque\/#breadcrumb\",\"itemListElement\":[{\"@type\":\"ListItem\",\"position\":1,\"name\":\"Immobilier \u00e0 Minorque\",\"item\":\"https:\/\/menorcasa.com\/fr\/\"},{\"@type\":\"ListItem\",\"position\":2,\"name\":\"POUR ACHETER MAISON \u00c0 MINORQUE\"}]},{\"@type\":\"WebSite\",\"@id\":\"https:\/\/menorcasa.com\/fr\/#website\",\"url\":\"https:\/\/menorcasa.com\/fr\/\",\"name\":\"Menorcasa\",\"description\":\"propri\u00e9t\u00e9s \u00e0 vendre \u00e0 Minorque : villas, appartements, maisons et plus\",\"publisher\":{\"@id\":\"https:\/\/menorcasa.com\/fr\/#organization\"},\"potentialAction\":[{\"@type\":\"SearchAction\",\"target\":{\"@type\":\"EntryPoint\",\"urlTemplate\":\"https:\/\/menorcasa.com\/fr\/?s={search_term_string}\"},\"query-input\":{\"@type\":\"PropertyValueSpecification\",\"valueRequired\":true,\"valueName\":\"search_term_string\"}}],\"inLanguage\":\"fr-FR\"},{\"@type\":\"Organization\",\"@id\":\"https:\/\/menorcasa.com\/fr\/#organization\",\"name\":\"Menorcasa\",\"url\":\"https:\/\/menorcasa.com\/fr\/\",\"logo\":{\"@type\":\"ImageObject\",\"inLanguage\":\"fr-FR\",\"@id\":\"https:\/\/menorcasa.com\/fr\/#\/schema\/logo\/image\/\",\"url\":\"\",\"contentUrl\":\"\",\"caption\":\"Menorcasa\"},\"image\":{\"@id\":\"https:\/\/menorcasa.com\/fr\/#\/schema\/logo\/image\/\"},\"sameAs\":[\"https:\/\/www.facebook.com\/propertiesforsalemenorcasa\/\",\"https:\/\/www.instagram.com\/menorcasaproperties\/\"]}]}<\/script>\n<!-- \/ Yoast SEO Premium plugin. -->","yoast_head_json":{"title":"Pour acheter Maison \u00e0 Minorque - Maisons, Villas et appartements en vente \u00e0 Minorque","description":"Pour acheter Maison \u00e0 Minorque. Pour pouvoir acheter une propri\u00e9t\u00e9 en tant qu\u2019\u00e9tranger la premi\u00e8re chose \u00e0 faire est de demander un N.I.E, le num\u00e9ro d\u2019identification pour les \u00e9trangers, il est delivr\u00e9 par le gouvernement espagnol. Notre agence s\u2019occupera de cette d\u00e9marche facile et rapide.","robots":{"index":"index","follow":"follow","max-snippet":"max-snippet:-1","max-image-preview":"max-image-preview:large","max-video-preview":"max-video-preview:-1"},"canonical":"https:\/\/menorcasa.com\/fr\/pour-acheter-maison-a-minorque\/","og_locale":"fr_FR","og_type":"article","og_title":"POUR ACHETER MAISON \u00c0 MINORQUE","og_description":"Pour acheter Maison \u00e0 Minorque. Pour pouvoir acheter une propri\u00e9t\u00e9 en tant qu\u2019\u00e9tranger la premi\u00e8re chose \u00e0 faire est de demander un N.I.E, le num\u00e9ro d\u2019identification pour les \u00e9trangers, il est delivr\u00e9 par le gouvernement espagnol. Notre agence s\u2019occupera de cette d\u00e9marche facile et rapide.","og_url":"https:\/\/menorcasa.com\/fr\/pour-acheter-maison-a-minorque\/","og_site_name":"Menorcasa","article_publisher":"https:\/\/www.facebook.com\/propertiesforsalemenorcasa\/","article_modified_time":"2023-07-19T10:40:51+00:00","og_image":[{"width":396,"height":274,"url":"https:\/\/menorcasa.com\/wp-content\/uploads\/2020\/01\/apartments-for-sale-in-menorca.jpg","type":"image\/jpeg"}],"twitter_card":"summary_large_image","twitter_misc":{"Dur\u00e9e de lecture estim\u00e9e":"6 minutes"},"schema":{"@context":"https:\/\/schema.org","@graph":[{"@type":"WebPage","@id":"https:\/\/menorcasa.com\/fr\/pour-acheter-maison-a-minorque\/","url":"https:\/\/menorcasa.com\/fr\/pour-acheter-maison-a-minorque\/","name":"Pour acheter Maison \u00e0 Minorque - Maisons, Villas et appartements en vente \u00e0 Minorque","isPartOf":{"@id":"https:\/\/menorcasa.com\/fr\/#website"},"primaryImageOfPage":{"@id":"https:\/\/menorcasa.com\/fr\/pour-acheter-maison-a-minorque\/#primaryimage"},"image":{"@id":"https:\/\/menorcasa.com\/fr\/pour-acheter-maison-a-minorque\/#primaryimage"},"thumbnailUrl":"https:\/\/menorcasa.com\/wp-content\/uploads\/2020\/01\/apartments-for-sale-in-menorca.jpg","datePublished":"2014-05-07T16:27:08+00:00","dateModified":"2023-07-19T10:40:51+00:00","description":"Pour acheter Maison \u00e0 Minorque. Pour pouvoir acheter une propri\u00e9t\u00e9 en tant qu\u2019\u00e9tranger la premi\u00e8re chose \u00e0 faire est de demander un N.I.E, le num\u00e9ro d\u2019identification pour les \u00e9trangers, il est delivr\u00e9 par le gouvernement espagnol. Notre agence s\u2019occupera de cette d\u00e9marche facile et rapide.","breadcrumb":{"@id":"https:\/\/menorcasa.com\/fr\/pour-acheter-maison-a-minorque\/#breadcrumb"},"inLanguage":"fr-FR","potentialAction":[{"@type":"ReadAction","target":["https:\/\/menorcasa.com\/fr\/pour-acheter-maison-a-minorque\/"]}]},{"@type":"ImageObject","inLanguage":"fr-FR","@id":"https:\/\/menorcasa.com\/fr\/pour-acheter-maison-a-minorque\/#primaryimage","url":"https:\/\/menorcasa.com\/wp-content\/uploads\/2020\/01\/apartments-for-sale-in-menorca.jpg","contentUrl":"https:\/\/menorcasa.com\/wp-content\/uploads\/2020\/01\/apartments-for-sale-in-menorca.jpg","width":396,"height":274,"caption":"apartments for sale in menorca"},{"@type":"BreadcrumbList","@id":"https:\/\/menorcasa.com\/fr\/pour-acheter-maison-a-minorque\/#breadcrumb","itemListElement":[{"@type":"ListItem","position":1,"name":"Immobilier \u00e0 Minorque","item":"https:\/\/menorcasa.com\/fr\/"},{"@type":"ListItem","position":2,"name":"POUR ACHETER MAISON \u00c0 MINORQUE"}]},{"@type":"WebSite","@id":"https:\/\/menorcasa.com\/fr\/#website","url":"https:\/\/menorcasa.com\/fr\/","name":"Menorcasa","description":"propri\u00e9t\u00e9s \u00e0 vendre \u00e0 Minorque : villas, appartements, maisons et plus","publisher":{"@id":"https:\/\/menorcasa.com\/fr\/#organization"},"potentialAction":[{"@type":"SearchAction","target":{"@type":"EntryPoint","urlTemplate":"https:\/\/menorcasa.com\/fr\/?s={search_term_string}"},"query-input":{"@type":"PropertyValueSpecification","valueRequired":true,"valueName":"search_term_string"}}],"inLanguage":"fr-FR"},{"@type":"Organization","@id":"https:\/\/menorcasa.com\/fr\/#organization","name":"Menorcasa","url":"https:\/\/menorcasa.com\/fr\/","logo":{"@type":"ImageObject","inLanguage":"fr-FR","@id":"https:\/\/menorcasa.com\/fr\/#\/schema\/logo\/image\/","url":"","contentUrl":"","caption":"Menorcasa"},"image":{"@id":"https:\/\/menorcasa.com\/fr\/#\/schema\/logo\/image\/"},"sameAs":["https:\/\/www.facebook.com\/propertiesforsalemenorcasa\/","https:\/\/www.instagram.com\/menorcasaproperties\/"]}]}},"_links":{"self":[{"href":"https:\/\/menorcasa.com\/fr\/wp-json\/wp\/v2\/pages\/54855","targetHints":{"allow":["GET"]}}],"collection":[{"href":"https:\/\/menorcasa.com\/fr\/wp-json\/wp\/v2\/pages"}],"about":[{"href":"https:\/\/menorcasa.com\/fr\/wp-json\/wp\/v2\/types\/page"}],"author":[{"embeddable":true,"href":"https:\/\/menorcasa.com\/fr\/wp-json\/wp\/v2\/users\/29"}],"replies":[{"embeddable":true,"href":"https:\/\/menorcasa.com\/fr\/wp-json\/wp\/v2\/comments?post=54855"}],"version-history":[{"count":0,"href":"https:\/\/menorcasa.com\/fr\/wp-json\/wp\/v2\/pages\/54855\/revisions"}],"wp:featuredmedia":[{"embeddable":true,"href":"https:\/\/menorcasa.com\/fr\/wp-json\/wp\/v2\/media\/78442"}],"wp:attachment":[{"href":"https:\/\/menorcasa.com\/fr\/wp-json\/wp\/v2\/media?parent=54855"}],"curies":[{"name":"wp","href":"https:\/\/api.w.org\/{rel}","templated":true}]}}