{"id":60367,"date":"2013-08-03T23:46:19","date_gmt":"2013-08-03T23:46:19","guid":{"rendered":"https:\/\/menorcasa.com\/property-search\/"},"modified":"2023-07-19T09:28:13","modified_gmt":"2023-07-19T09:28:13","slug":"property-search","status":"publish","type":"page","link":"https:\/\/menorcasa.com\/fr\/property-search\/","title":{"rendered":"Recherche de propri\u00e9t\u00e9"},"content":{"rendered":"","protected":false},"excerpt":{"rendered":"","protected":false},"author":29,"featured_media":0,"parent":0,"menu_order":0,"comment_status":"closed","ping_status":"open","template":"templates\/properties-search.php","meta":{"footnotes":""},"class_list":["post-60367","page","type-page","status-publish","hentry"],"yoast_head":"\nRechercher une propri\u00e9t\u00e9 \u00e0 Minorque | Appartements, Villas, Townhouses, terrains...<\/title>\n<meta name=\"description\" content=\"Cherchez-vous la meilleure propri\u00e9t\u00e9 \u00e0 Minorque pour vous? \u00c0 Minorque, avec des propri\u00e9t\u00e9s \u00e0 vendre allant de petits appartements de vacances, villas, maisons de ville, fermes, nouveaux d\u00e9veloppements et terrains, notre large s\u00e9lection de propri\u00e9t\u00e9s \u00e0 vendre \u00e0 Minorque promet d'inclure la maison qui vous convient.\" \/>\n<meta name=\"robots\" content=\"index, follow, max-snippet:-1, max-image-preview:large, max-video-preview:-1\" \/>\n<link rel=\"canonical\" href=\"https:\/\/menorcasa.com\/fr\/property-search\/\" \/>\n<meta property=\"og:locale\" content=\"fr_FR\" \/>\n<meta property=\"og:type\" content=\"article\" \/>\n<meta property=\"og:title\" content=\"Recherche de propri\u00e9t\u00e9\" \/>\n<meta property=\"og:description\" content=\"Cherchez-vous la meilleure propri\u00e9t\u00e9 \u00e0 Minorque pour vous? \u00c0 Minorque, avec des propri\u00e9t\u00e9s \u00e0 vendre allant de petits appartements de vacances, villas, maisons de ville, fermes, nouveaux d\u00e9veloppements et terrains, notre large s\u00e9lection de propri\u00e9t\u00e9s \u00e0 vendre \u00e0 Minorque promet d'inclure la maison qui vous convient.\" \/>\n<meta property=\"og:url\" content=\"https:\/\/menorcasa.com\/fr\/property-search\/\" \/>\n<meta property=\"og:site_name\" content=\"Menorcasa\" \/>\n<meta property=\"article:publisher\" content=\"https:\/\/www.facebook.com\/propertiesforsalemenorcasa\/\" \/>\n<meta property=\"article:modified_time\" content=\"2023-07-19T09:28:13+00:00\" \/>\n<meta name=\"twitter:card\" content=\"summary_large_image\" \/>\n<script type=\"application\/ld+json\" class=\"yoast-schema-graph\">{\"@context\":\"https:\/\/schema.org\",\"@graph\":[{\"@type\":\"WebPage\",\"@id\":\"https:\/\/menorcasa.com\/fr\/property-search\/\",\"url\":\"https:\/\/menorcasa.com\/fr\/property-search\/\",\"name\":\"Rechercher une propri\u00e9t\u00e9 \u00e0 Minorque | Appartements, Villas, Townhouses, terrains...\",\"isPartOf\":{\"@id\":\"https:\/\/menorcasa.com\/fr\/#website\"},\"datePublished\":\"2013-08-03T23:46:19+00:00\",\"dateModified\":\"2023-07-19T09:28:13+00:00\",\"description\":\"Cherchez-vous la meilleure propri\u00e9t\u00e9 \u00e0 Minorque pour vous? \u00c0 Minorque, avec des propri\u00e9t\u00e9s \u00e0 vendre allant de petits appartements de vacances, villas, maisons de ville, fermes, nouveaux d\u00e9veloppements et terrains, notre large s\u00e9lection de propri\u00e9t\u00e9s \u00e0 vendre \u00e0 Minorque promet d'inclure la maison qui vous convient.\",\"breadcrumb\":{\"@id\":\"https:\/\/menorcasa.com\/fr\/property-search\/#breadcrumb\"},\"inLanguage\":\"fr-FR\",\"potentialAction\":[{\"@type\":\"ReadAction\",\"target\":[\"https:\/\/menorcasa.com\/fr\/property-search\/\"]}]},{\"@type\":\"BreadcrumbList\",\"@id\":\"https:\/\/menorcasa.com\/fr\/property-search\/#breadcrumb\",\"itemListElement\":[{\"@type\":\"ListItem\",\"position\":1,\"name\":\"Immobilier \u00e0 Minorque\",\"item\":\"https:\/\/menorcasa.com\/fr\/\"},{\"@type\":\"ListItem\",\"position\":2,\"name\":\"Recherche de propri\u00e9t\u00e9\"}]},{\"@type\":\"WebSite\",\"@id\":\"https:\/\/menorcasa.com\/fr\/#website\",\"url\":\"https:\/\/menorcasa.com\/fr\/\",\"name\":\"Menorcasa\",\"description\":\"propri\u00e9t\u00e9s \u00e0 vendre \u00e0 Minorque : villas, appartements, maisons et plus\",\"publisher\":{\"@id\":\"https:\/\/menorcasa.com\/fr\/#organization\"},\"potentialAction\":[{\"@type\":\"SearchAction\",\"target\":{\"@type\":\"EntryPoint\",\"urlTemplate\":\"https:\/\/menorcasa.com\/fr\/?s={search_term_string}\"},\"query-input\":{\"@type\":\"PropertyValueSpecification\",\"valueRequired\":true,\"valueName\":\"search_term_string\"}}],\"inLanguage\":\"fr-FR\"},{\"@type\":\"Organization\",\"@id\":\"https:\/\/menorcasa.com\/fr\/#organization\",\"name\":\"Menorcasa\",\"url\":\"https:\/\/menorcasa.com\/fr\/\",\"logo\":{\"@type\":\"ImageObject\",\"inLanguage\":\"fr-FR\",\"@id\":\"https:\/\/menorcasa.com\/fr\/#\/schema\/logo\/image\/\",\"url\":\"\",\"contentUrl\":\"\",\"caption\":\"Menorcasa\"},\"image\":{\"@id\":\"https:\/\/menorcasa.com\/fr\/#\/schema\/logo\/image\/\"},\"sameAs\":[\"https:\/\/www.facebook.com\/propertiesforsalemenorcasa\/\",\"https:\/\/www.instagram.com\/menorcasaproperties\/\"]}]}<\/script>\n<!-- \/ Yoast SEO Premium plugin. -->","yoast_head_json":{"title":"Rechercher une propri\u00e9t\u00e9 \u00e0 Minorque | Appartements, Villas, Townhouses, terrains...","description":"Cherchez-vous la meilleure propri\u00e9t\u00e9 \u00e0 Minorque pour vous? \u00c0 Minorque, avec des propri\u00e9t\u00e9s \u00e0 vendre allant de petits appartements de vacances, villas, maisons de ville, fermes, nouveaux d\u00e9veloppements et terrains, notre large s\u00e9lection de propri\u00e9t\u00e9s \u00e0 vendre \u00e0 Minorque promet d'inclure la maison qui vous convient.","robots":{"index":"index","follow":"follow","max-snippet":"max-snippet:-1","max-image-preview":"max-image-preview:large","max-video-preview":"max-video-preview:-1"},"canonical":"https:\/\/menorcasa.com\/fr\/property-search\/","og_locale":"fr_FR","og_type":"article","og_title":"Recherche de propri\u00e9t\u00e9","og_description":"Cherchez-vous la meilleure propri\u00e9t\u00e9 \u00e0 Minorque pour vous? \u00c0 Minorque, avec des propri\u00e9t\u00e9s \u00e0 vendre allant de petits appartements de vacances, villas, maisons de ville, fermes, nouveaux d\u00e9veloppements et terrains, notre large s\u00e9lection de propri\u00e9t\u00e9s \u00e0 vendre \u00e0 Minorque promet d'inclure la maison qui vous convient.","og_url":"https:\/\/menorcasa.com\/fr\/property-search\/","og_site_name":"Menorcasa","article_publisher":"https:\/\/www.facebook.com\/propertiesforsalemenorcasa\/","article_modified_time":"2023-07-19T09:28:13+00:00","twitter_card":"summary_large_image","schema":{"@context":"https:\/\/schema.org","@graph":[{"@type":"WebPage","@id":"https:\/\/menorcasa.com\/fr\/property-search\/","url":"https:\/\/menorcasa.com\/fr\/property-search\/","name":"Rechercher une propri\u00e9t\u00e9 \u00e0 Minorque | Appartements, Villas, Townhouses, terrains...","isPartOf":{"@id":"https:\/\/menorcasa.com\/fr\/#website"},"datePublished":"2013-08-03T23:46:19+00:00","dateModified":"2023-07-19T09:28:13+00:00","description":"Cherchez-vous la meilleure propri\u00e9t\u00e9 \u00e0 Minorque pour vous? \u00c0 Minorque, avec des propri\u00e9t\u00e9s \u00e0 vendre allant de petits appartements de vacances, villas, maisons de ville, fermes, nouveaux d\u00e9veloppements et terrains, notre large s\u00e9lection de propri\u00e9t\u00e9s \u00e0 vendre \u00e0 Minorque promet d'inclure la maison qui vous convient.","breadcrumb":{"@id":"https:\/\/menorcasa.com\/fr\/property-search\/#breadcrumb"},"inLanguage":"fr-FR","potentialAction":[{"@type":"ReadAction","target":["https:\/\/menorcasa.com\/fr\/property-search\/"]}]},{"@type":"BreadcrumbList","@id":"https:\/\/menorcasa.com\/fr\/property-search\/#breadcrumb","itemListElement":[{"@type":"ListItem","position":1,"name":"Immobilier \u00e0 Minorque","item":"https:\/\/menorcasa.com\/fr\/"},{"@type":"ListItem","position":2,"name":"Recherche de propri\u00e9t\u00e9"}]},{"@type":"WebSite","@id":"https:\/\/menorcasa.com\/fr\/#website","url":"https:\/\/menorcasa.com\/fr\/","name":"Menorcasa","description":"propri\u00e9t\u00e9s \u00e0 vendre \u00e0 Minorque : villas, appartements, maisons et plus","publisher":{"@id":"https:\/\/menorcasa.com\/fr\/#organization"},"potentialAction":[{"@type":"SearchAction","target":{"@type":"EntryPoint","urlTemplate":"https:\/\/menorcasa.com\/fr\/?s={search_term_string}"},"query-input":{"@type":"PropertyValueSpecification","valueRequired":true,"valueName":"search_term_string"}}],"inLanguage":"fr-FR"},{"@type":"Organization","@id":"https:\/\/menorcasa.com\/fr\/#organization","name":"Menorcasa","url":"https:\/\/menorcasa.com\/fr\/","logo":{"@type":"ImageObject","inLanguage":"fr-FR","@id":"https:\/\/menorcasa.com\/fr\/#\/schema\/logo\/image\/","url":"","contentUrl":"","caption":"Menorcasa"},"image":{"@id":"https:\/\/menorcasa.com\/fr\/#\/schema\/logo\/image\/"},"sameAs":["https:\/\/www.facebook.com\/propertiesforsalemenorcasa\/","https:\/\/www.instagram.com\/menorcasaproperties\/"]}]}},"_links":{"self":[{"href":"https:\/\/menorcasa.com\/fr\/wp-json\/wp\/v2\/pages\/60367","targetHints":{"allow":["GET"]}}],"collection":[{"href":"https:\/\/menorcasa.com\/fr\/wp-json\/wp\/v2\/pages"}],"about":[{"href":"https:\/\/menorcasa.com\/fr\/wp-json\/wp\/v2\/types\/page"}],"author":[{"embeddable":true,"href":"https:\/\/menorcasa.com\/fr\/wp-json\/wp\/v2\/users\/29"}],"replies":[{"embeddable":true,"href":"https:\/\/menorcasa.com\/fr\/wp-json\/wp\/v2\/comments?post=60367"}],"version-history":[{"count":0,"href":"https:\/\/menorcasa.com\/fr\/wp-json\/wp\/v2\/pages\/60367\/revisions"}],"wp:attachment":[{"href":"https:\/\/menorcasa.com\/fr\/wp-json\/wp\/v2\/media?parent=60367"}],"curies":[{"name":"wp","href":"https:\/\/api.w.org\/{rel}","templated":true}]}}