{"id":78387,"date":"2021-12-20T07:40:09","date_gmt":"2021-12-20T07:40:09","guid":{"rendered":"https:\/\/menorcasa.com\/proprietes-avec-licences-touristiques-a-vendre-a-minorque\/"},"modified":"2024-10-24T09:39:28","modified_gmt":"2024-10-24T08:39:28","slug":"proprietes-avec-licences-touristiques-a-vendre-a-minorque","status":"publish","type":"page","link":"https:\/\/menorcasa.com\/fr\/proprietes-avec-licences-touristiques-a-vendre-a-minorque\/","title":{"rendered":"Propri\u00e9t\u00e9s avec licences touristiques \u00e0 vendre \u00e0 Minorque"},"content":{"rendered":"<p>[vc_row][vc_column][vc_custom_heading text=\u00a0\u00bbMeilleures propri\u00e9t\u00e9s avec licence touristique \u00e0 Minorque\u00a0\u00bb font_container=\u00a0\u00bbtag:h1|font_size:22|text_align:left\u00a0\u00bb][vc_column_text]Propri\u00e9t\u00e9s avec licences touristiques \u00e0 vendre \u00e0 Minorque. Si vous \u00eates \u00e0 la recherche d&rsquo;un investissement locatif, cette s\u00e9lection d&rsquo;appartements poss\u00e8de tous l&rsquo;importante licence qui permet les locations d&rsquo;\u00e9t\u00e9. Consultez notre s\u00e9lection de propri\u00e9t\u00e9s sur la c\u00f4te sud et nord de Minorque.<\/p>\n<p>Ou si vous souhaitez acheter une maison \u00e0 Minorque et la louer pendant l&rsquo;\u00e9t\u00e9, cette collection de maisons individuelles offre cette opportunit\u00e9 car elles ont toutes la licence touristique indispensable pour la location priv\u00e9e ou pour la sous-traitance avec des agences de vacances.[\/vc_column_text][\/vc_column][\/vc_row]<\/p>\n","protected":false},"excerpt":{"rendered":"<p>[vc_row][vc_column][vc_custom_heading text=\u00a0\u00bbMeilleures propri\u00e9t\u00e9s avec licence touristique \u00e0 Minorque\u00a0\u00bb font_container=\u00a0\u00bbtag:h1|font_size:22|text_align:left\u00a0\u00bb][vc_column_text]Propri\u00e9t\u00e9s avec licences touristiques \u00e0 vendre \u00e0 Minorque. Si vous \u00eates \u00e0 la recherche d&rsquo;un investissement locatif, cette s\u00e9lection d&rsquo;appartements poss\u00e8de tous l&rsquo;importante licence qui permet les locations d&rsquo;\u00e9t\u00e9. Consultez notre s\u00e9lection de propri\u00e9t\u00e9s sur la c\u00f4te sud et nord de Minorque. Ou si vous souhaitez acheter&#8230;<\/p>\n","protected":false},"author":28,"featured_media":0,"parent":0,"menu_order":0,"comment_status":"closed","ping_status":"closed","template":"templates\/grid-layout-full-width.php","meta":{"footnotes":""},"class_list":["post-78387","page","type-page","status-publish","hentry"],"yoast_head":"<!-- This site is optimized with the Yoast SEO Premium plugin v21.4 (Yoast SEO v27.1.1) - https:\/\/yoast.com\/product\/yoast-seo-premium-wordpress\/ -->\n<title>Propri\u00e9t\u00e9s avec licences touristiques \u00e0 vendre \u00e0 Minorque | Immobilier<\/title>\n<meta name=\"description\" content=\"Propri\u00e9t\u00e9s avec licences touristiques \u00e0 vendre \u00e0 Minorque. Immobilier Minorque. Appartements et Maisons de vacances \u00e0 vendre \u00e0 Minorque avec licence touristique.\" \/>\n<meta name=\"robots\" content=\"index, follow, max-snippet:-1, max-image-preview:large, max-video-preview:-1\" \/>\n<link rel=\"canonical\" href=\"https:\/\/menorcasa.com\/fr\/proprietes-avec-licences-touristiques-a-vendre-a-minorque\/\" \/>\n<meta property=\"og:locale\" content=\"fr_FR\" \/>\n<meta property=\"og:type\" content=\"article\" \/>\n<meta property=\"og:title\" content=\"Propri\u00e9t\u00e9s avec licences touristiques \u00e0 vendre \u00e0 Minorque\" \/>\n<meta property=\"og:description\" content=\"Propri\u00e9t\u00e9s avec licences touristiques \u00e0 vendre \u00e0 Minorque. Immobilier Minorque. Appartements et Maisons de vacances \u00e0 vendre \u00e0 Minorque avec licence touristique.\" \/>\n<meta property=\"og:url\" content=\"https:\/\/menorcasa.com\/fr\/proprietes-avec-licences-touristiques-a-vendre-a-minorque\/\" \/>\n<meta property=\"og:site_name\" content=\"Menorcasa\" \/>\n<meta property=\"article:publisher\" content=\"https:\/\/www.facebook.com\/propertiesforsalemenorcasa\/\" \/>\n<meta property=\"article:modified_time\" content=\"2024-10-24T08:39:28+00:00\" \/>\n<meta name=\"twitter:card\" content=\"summary_large_image\" \/>\n<meta name=\"twitter:label1\" content=\"Dur\u00e9e de lecture estim\u00e9e\" \/>\n\t<meta name=\"twitter:data1\" content=\"1 minute\" \/>\n<script type=\"application\/ld+json\" class=\"yoast-schema-graph\">{\"@context\":\"https:\/\/schema.org\",\"@graph\":[{\"@type\":\"WebPage\",\"@id\":\"https:\/\/menorcasa.com\/fr\/proprietes-avec-licences-touristiques-a-vendre-a-minorque\/\",\"url\":\"https:\/\/menorcasa.com\/fr\/proprietes-avec-licences-touristiques-a-vendre-a-minorque\/\",\"name\":\"Propri\u00e9t\u00e9s avec licences touristiques \u00e0 vendre \u00e0 Minorque | Immobilier\",\"isPartOf\":{\"@id\":\"https:\/\/menorcasa.com\/fr\/#website\"},\"datePublished\":\"2021-12-20T07:40:09+00:00\",\"dateModified\":\"2024-10-24T08:39:28+00:00\",\"description\":\"Propri\u00e9t\u00e9s avec licences touristiques \u00e0 vendre \u00e0 Minorque. Immobilier Minorque. Appartements et Maisons de vacances \u00e0 vendre \u00e0 Minorque avec licence touristique.\",\"breadcrumb\":{\"@id\":\"https:\/\/menorcasa.com\/fr\/proprietes-avec-licences-touristiques-a-vendre-a-minorque\/#breadcrumb\"},\"inLanguage\":\"fr-FR\",\"potentialAction\":[{\"@type\":\"ReadAction\",\"target\":[\"https:\/\/menorcasa.com\/fr\/proprietes-avec-licences-touristiques-a-vendre-a-minorque\/\"]}]},{\"@type\":\"BreadcrumbList\",\"@id\":\"https:\/\/menorcasa.com\/fr\/proprietes-avec-licences-touristiques-a-vendre-a-minorque\/#breadcrumb\",\"itemListElement\":[{\"@type\":\"ListItem\",\"position\":1,\"name\":\"Immobilier \u00e0 Minorque\",\"item\":\"https:\/\/menorcasa.com\/fr\/\"},{\"@type\":\"ListItem\",\"position\":2,\"name\":\"Propri\u00e9t\u00e9s avec licences touristiques \u00e0 vendre \u00e0 Minorque\"}]},{\"@type\":\"WebSite\",\"@id\":\"https:\/\/menorcasa.com\/fr\/#website\",\"url\":\"https:\/\/menorcasa.com\/fr\/\",\"name\":\"Menorcasa\",\"description\":\"propri\u00e9t\u00e9s \u00e0 vendre \u00e0 Minorque : villas, appartements, maisons et plus\",\"publisher\":{\"@id\":\"https:\/\/menorcasa.com\/fr\/#organization\"},\"potentialAction\":[{\"@type\":\"SearchAction\",\"target\":{\"@type\":\"EntryPoint\",\"urlTemplate\":\"https:\/\/menorcasa.com\/fr\/?s={search_term_string}\"},\"query-input\":{\"@type\":\"PropertyValueSpecification\",\"valueRequired\":true,\"valueName\":\"search_term_string\"}}],\"inLanguage\":\"fr-FR\"},{\"@type\":\"Organization\",\"@id\":\"https:\/\/menorcasa.com\/fr\/#organization\",\"name\":\"Menorcasa\",\"url\":\"https:\/\/menorcasa.com\/fr\/\",\"logo\":{\"@type\":\"ImageObject\",\"inLanguage\":\"fr-FR\",\"@id\":\"https:\/\/menorcasa.com\/fr\/#\/schema\/logo\/image\/\",\"url\":\"\",\"contentUrl\":\"\",\"caption\":\"Menorcasa\"},\"image\":{\"@id\":\"https:\/\/menorcasa.com\/fr\/#\/schema\/logo\/image\/\"},\"sameAs\":[\"https:\/\/www.facebook.com\/propertiesforsalemenorcasa\/\",\"https:\/\/www.instagram.com\/menorcasaproperties\/\"]}]}<\/script>\n<!-- \/ Yoast SEO Premium plugin. -->","yoast_head_json":{"title":"Propri\u00e9t\u00e9s avec licences touristiques \u00e0 vendre \u00e0 Minorque | Immobilier","description":"Propri\u00e9t\u00e9s avec licences touristiques \u00e0 vendre \u00e0 Minorque. Immobilier Minorque. Appartements et Maisons de vacances \u00e0 vendre \u00e0 Minorque avec licence touristique.","robots":{"index":"index","follow":"follow","max-snippet":"max-snippet:-1","max-image-preview":"max-image-preview:large","max-video-preview":"max-video-preview:-1"},"canonical":"https:\/\/menorcasa.com\/fr\/proprietes-avec-licences-touristiques-a-vendre-a-minorque\/","og_locale":"fr_FR","og_type":"article","og_title":"Propri\u00e9t\u00e9s avec licences touristiques \u00e0 vendre \u00e0 Minorque","og_description":"Propri\u00e9t\u00e9s avec licences touristiques \u00e0 vendre \u00e0 Minorque. Immobilier Minorque. Appartements et Maisons de vacances \u00e0 vendre \u00e0 Minorque avec licence touristique.","og_url":"https:\/\/menorcasa.com\/fr\/proprietes-avec-licences-touristiques-a-vendre-a-minorque\/","og_site_name":"Menorcasa","article_publisher":"https:\/\/www.facebook.com\/propertiesforsalemenorcasa\/","article_modified_time":"2024-10-24T08:39:28+00:00","twitter_card":"summary_large_image","twitter_misc":{"Dur\u00e9e de lecture estim\u00e9e":"1 minute"},"schema":{"@context":"https:\/\/schema.org","@graph":[{"@type":"WebPage","@id":"https:\/\/menorcasa.com\/fr\/proprietes-avec-licences-touristiques-a-vendre-a-minorque\/","url":"https:\/\/menorcasa.com\/fr\/proprietes-avec-licences-touristiques-a-vendre-a-minorque\/","name":"Propri\u00e9t\u00e9s avec licences touristiques \u00e0 vendre \u00e0 Minorque | Immobilier","isPartOf":{"@id":"https:\/\/menorcasa.com\/fr\/#website"},"datePublished":"2021-12-20T07:40:09+00:00","dateModified":"2024-10-24T08:39:28+00:00","description":"Propri\u00e9t\u00e9s avec licences touristiques \u00e0 vendre \u00e0 Minorque. Immobilier Minorque. Appartements et Maisons de vacances \u00e0 vendre \u00e0 Minorque avec licence touristique.","breadcrumb":{"@id":"https:\/\/menorcasa.com\/fr\/proprietes-avec-licences-touristiques-a-vendre-a-minorque\/#breadcrumb"},"inLanguage":"fr-FR","potentialAction":[{"@type":"ReadAction","target":["https:\/\/menorcasa.com\/fr\/proprietes-avec-licences-touristiques-a-vendre-a-minorque\/"]}]},{"@type":"BreadcrumbList","@id":"https:\/\/menorcasa.com\/fr\/proprietes-avec-licences-touristiques-a-vendre-a-minorque\/#breadcrumb","itemListElement":[{"@type":"ListItem","position":1,"name":"Immobilier \u00e0 Minorque","item":"https:\/\/menorcasa.com\/fr\/"},{"@type":"ListItem","position":2,"name":"Propri\u00e9t\u00e9s avec licences touristiques \u00e0 vendre \u00e0 Minorque"}]},{"@type":"WebSite","@id":"https:\/\/menorcasa.com\/fr\/#website","url":"https:\/\/menorcasa.com\/fr\/","name":"Menorcasa","description":"propri\u00e9t\u00e9s \u00e0 vendre \u00e0 Minorque : villas, appartements, maisons et plus","publisher":{"@id":"https:\/\/menorcasa.com\/fr\/#organization"},"potentialAction":[{"@type":"SearchAction","target":{"@type":"EntryPoint","urlTemplate":"https:\/\/menorcasa.com\/fr\/?s={search_term_string}"},"query-input":{"@type":"PropertyValueSpecification","valueRequired":true,"valueName":"search_term_string"}}],"inLanguage":"fr-FR"},{"@type":"Organization","@id":"https:\/\/menorcasa.com\/fr\/#organization","name":"Menorcasa","url":"https:\/\/menorcasa.com\/fr\/","logo":{"@type":"ImageObject","inLanguage":"fr-FR","@id":"https:\/\/menorcasa.com\/fr\/#\/schema\/logo\/image\/","url":"","contentUrl":"","caption":"Menorcasa"},"image":{"@id":"https:\/\/menorcasa.com\/fr\/#\/schema\/logo\/image\/"},"sameAs":["https:\/\/www.facebook.com\/propertiesforsalemenorcasa\/","https:\/\/www.instagram.com\/menorcasaproperties\/"]}]}},"_links":{"self":[{"href":"https:\/\/menorcasa.com\/fr\/wp-json\/wp\/v2\/pages\/78387","targetHints":{"allow":["GET"]}}],"collection":[{"href":"https:\/\/menorcasa.com\/fr\/wp-json\/wp\/v2\/pages"}],"about":[{"href":"https:\/\/menorcasa.com\/fr\/wp-json\/wp\/v2\/types\/page"}],"author":[{"embeddable":true,"href":"https:\/\/menorcasa.com\/fr\/wp-json\/wp\/v2\/users\/28"}],"replies":[{"embeddable":true,"href":"https:\/\/menorcasa.com\/fr\/wp-json\/wp\/v2\/comments?post=78387"}],"version-history":[{"count":0,"href":"https:\/\/menorcasa.com\/fr\/wp-json\/wp\/v2\/pages\/78387\/revisions"}],"wp:attachment":[{"href":"https:\/\/menorcasa.com\/fr\/wp-json\/wp\/v2\/media?parent=78387"}],"curies":[{"name":"wp","href":"https:\/\/api.w.org\/{rel}","templated":true}]}}