{"id":78394,"date":"2020-01-10T11:00:51","date_gmt":"2020-01-10T11:00:51","guid":{"rendered":"https:\/\/menorcasa.com\/maison-de-village-a-vendre-a-minorque\/"},"modified":"2023-07-19T09:32:52","modified_gmt":"2023-07-19T09:32:52","slug":"maison-de-village-a-vendre-a-minorque","status":"publish","type":"page","link":"https:\/\/menorcasa.com\/fr\/maison-de-village-a-vendre-a-minorque\/","title":{"rendered":"Maison de Village \u00e0 vendre \u00e0 Minorque"},"content":{"rendered":"<p>[vc_row][vc_column][vc_custom_heading text=\u00a0\u00bbLes meilleures maisons de ville \u00e0 Minorque\u00a0\u00bb font_container=\u00a0\u00bbtag:h1|font_size:22|text_align:left\u00a0\u00bb google_fonts=\u00a0\u00bbfont_family:gotham-book%3Aregular|font_style:400%20regular%3A400%3Anormal\u00a0\u00bb][vc_column_text][\/vc_column_text][\/vc_column][\/vc_row]<\/p>\n","protected":false},"excerpt":{"rendered":"<p>[vc_row][vc_column][vc_custom_heading text=\u00a0\u00bbLes meilleures maisons de ville \u00e0 Minorque\u00a0\u00bb font_container=\u00a0\u00bbtag:h1|font_size:22|text_align:left\u00a0\u00bb google_fonts=\u00a0\u00bbfont_family:gotham-book%3Aregular|font_style:400%20regular%3A400%3Anormal\u00a0\u00bb][vc_column_text][\/vc_column_text][\/vc_column][\/vc_row]<\/p>\n","protected":false},"author":28,"featured_media":0,"parent":0,"menu_order":0,"comment_status":"closed","ping_status":"closed","template":"templates\/grid-layout-full-width.php","meta":{"footnotes":""},"class_list":["post-78394","page","type-page","status-publish","hentry"],"yoast_head":"<!-- This site is optimized with the Yoast SEO Premium plugin v21.4 (Yoast SEO v27.1.1) - https:\/\/yoast.com\/product\/yoast-seo-premium-wordpress\/ -->\n<title>Maison de Village \u00e0 vendre \u00e0 Minorque | Immobilier Minorque<\/title>\n<meta name=\"description\" content=\"Maison de Village \u00e0 vendre \u00e0 Minorque. Vous recherchez une Maison \u00e0 vendre dans les villes de Minorque? Chez Menorcasa Estate Agents, nous avons une large s\u00e9lection d&#039;appartements et de maisons \u00e0 vendre dans les principales villes de Minorque.\" \/>\n<meta name=\"robots\" content=\"index, follow, max-snippet:-1, max-image-preview:large, max-video-preview:-1\" \/>\n<link rel=\"canonical\" href=\"https:\/\/menorcasa.com\/fr\/maison-de-village-a-vendre-a-minorque\/\" \/>\n<meta property=\"og:locale\" content=\"fr_FR\" \/>\n<meta property=\"og:type\" content=\"article\" \/>\n<meta property=\"og:title\" content=\"Maison de Village \u00e0 vendre \u00e0 Minorque\" \/>\n<meta property=\"og:description\" content=\"Maison de Village \u00e0 vendre \u00e0 Minorque. Vous recherchez une Maison \u00e0 vendre dans les villes de Minorque? Chez Menorcasa Estate Agents, nous avons une large s\u00e9lection d&#039;appartements et de maisons \u00e0 vendre dans les principales villes de Minorque.\" \/>\n<meta property=\"og:url\" content=\"https:\/\/menorcasa.com\/fr\/maison-de-village-a-vendre-a-minorque\/\" \/>\n<meta property=\"og:site_name\" content=\"Menorcasa\" \/>\n<meta property=\"article:publisher\" content=\"https:\/\/www.facebook.com\/propertiesforsalemenorcasa\/\" \/>\n<meta property=\"article:modified_time\" content=\"2023-07-19T09:32:52+00:00\" \/>\n<meta name=\"twitter:card\" content=\"summary_large_image\" \/>\n<script type=\"application\/ld+json\" class=\"yoast-schema-graph\">{\"@context\":\"https:\/\/schema.org\",\"@graph\":[{\"@type\":\"WebPage\",\"@id\":\"https:\/\/menorcasa.com\/fr\/maison-de-village-a-vendre-a-minorque\/\",\"url\":\"https:\/\/menorcasa.com\/fr\/maison-de-village-a-vendre-a-minorque\/\",\"name\":\"Maison de Village \u00e0 vendre \u00e0 Minorque | Immobilier Minorque\",\"isPartOf\":{\"@id\":\"https:\/\/menorcasa.com\/fr\/#website\"},\"datePublished\":\"2020-01-10T11:00:51+00:00\",\"dateModified\":\"2023-07-19T09:32:52+00:00\",\"description\":\"Maison de Village \u00e0 vendre \u00e0 Minorque. Vous recherchez une Maison \u00e0 vendre dans les villes de Minorque? Chez Menorcasa Estate Agents, nous avons une large s\u00e9lection d'appartements et de maisons \u00e0 vendre dans les principales villes de Minorque.\",\"breadcrumb\":{\"@id\":\"https:\/\/menorcasa.com\/fr\/maison-de-village-a-vendre-a-minorque\/#breadcrumb\"},\"inLanguage\":\"fr-FR\",\"potentialAction\":[{\"@type\":\"ReadAction\",\"target\":[\"https:\/\/menorcasa.com\/fr\/maison-de-village-a-vendre-a-minorque\/\"]}]},{\"@type\":\"BreadcrumbList\",\"@id\":\"https:\/\/menorcasa.com\/fr\/maison-de-village-a-vendre-a-minorque\/#breadcrumb\",\"itemListElement\":[{\"@type\":\"ListItem\",\"position\":1,\"name\":\"Immobilier \u00e0 Minorque\",\"item\":\"https:\/\/menorcasa.com\/fr\/\"},{\"@type\":\"ListItem\",\"position\":2,\"name\":\"Maison de Village \u00e0 vendre \u00e0 Minorque\"}]},{\"@type\":\"WebSite\",\"@id\":\"https:\/\/menorcasa.com\/fr\/#website\",\"url\":\"https:\/\/menorcasa.com\/fr\/\",\"name\":\"Menorcasa\",\"description\":\"propri\u00e9t\u00e9s \u00e0 vendre \u00e0 Minorque : villas, appartements, maisons et plus\",\"publisher\":{\"@id\":\"https:\/\/menorcasa.com\/fr\/#organization\"},\"potentialAction\":[{\"@type\":\"SearchAction\",\"target\":{\"@type\":\"EntryPoint\",\"urlTemplate\":\"https:\/\/menorcasa.com\/fr\/?s={search_term_string}\"},\"query-input\":{\"@type\":\"PropertyValueSpecification\",\"valueRequired\":true,\"valueName\":\"search_term_string\"}}],\"inLanguage\":\"fr-FR\"},{\"@type\":\"Organization\",\"@id\":\"https:\/\/menorcasa.com\/fr\/#organization\",\"name\":\"Menorcasa\",\"url\":\"https:\/\/menorcasa.com\/fr\/\",\"logo\":{\"@type\":\"ImageObject\",\"inLanguage\":\"fr-FR\",\"@id\":\"https:\/\/menorcasa.com\/fr\/#\/schema\/logo\/image\/\",\"url\":\"\",\"contentUrl\":\"\",\"caption\":\"Menorcasa\"},\"image\":{\"@id\":\"https:\/\/menorcasa.com\/fr\/#\/schema\/logo\/image\/\"},\"sameAs\":[\"https:\/\/www.facebook.com\/propertiesforsalemenorcasa\/\",\"https:\/\/www.instagram.com\/menorcasaproperties\/\"]}]}<\/script>\n<!-- \/ Yoast SEO Premium plugin. -->","yoast_head_json":{"title":"Maison de Village \u00e0 vendre \u00e0 Minorque | Immobilier Minorque","description":"Maison de Village \u00e0 vendre \u00e0 Minorque. Vous recherchez une Maison \u00e0 vendre dans les villes de Minorque? Chez Menorcasa Estate Agents, nous avons une large s\u00e9lection d'appartements et de maisons \u00e0 vendre dans les principales villes de Minorque.","robots":{"index":"index","follow":"follow","max-snippet":"max-snippet:-1","max-image-preview":"max-image-preview:large","max-video-preview":"max-video-preview:-1"},"canonical":"https:\/\/menorcasa.com\/fr\/maison-de-village-a-vendre-a-minorque\/","og_locale":"fr_FR","og_type":"article","og_title":"Maison de Village \u00e0 vendre \u00e0 Minorque","og_description":"Maison de Village \u00e0 vendre \u00e0 Minorque. Vous recherchez une Maison \u00e0 vendre dans les villes de Minorque? Chez Menorcasa Estate Agents, nous avons une large s\u00e9lection d'appartements et de maisons \u00e0 vendre dans les principales villes de Minorque.","og_url":"https:\/\/menorcasa.com\/fr\/maison-de-village-a-vendre-a-minorque\/","og_site_name":"Menorcasa","article_publisher":"https:\/\/www.facebook.com\/propertiesforsalemenorcasa\/","article_modified_time":"2023-07-19T09:32:52+00:00","twitter_card":"summary_large_image","schema":{"@context":"https:\/\/schema.org","@graph":[{"@type":"WebPage","@id":"https:\/\/menorcasa.com\/fr\/maison-de-village-a-vendre-a-minorque\/","url":"https:\/\/menorcasa.com\/fr\/maison-de-village-a-vendre-a-minorque\/","name":"Maison de Village \u00e0 vendre \u00e0 Minorque | Immobilier Minorque","isPartOf":{"@id":"https:\/\/menorcasa.com\/fr\/#website"},"datePublished":"2020-01-10T11:00:51+00:00","dateModified":"2023-07-19T09:32:52+00:00","description":"Maison de Village \u00e0 vendre \u00e0 Minorque. Vous recherchez une Maison \u00e0 vendre dans les villes de Minorque? Chez Menorcasa Estate Agents, nous avons une large s\u00e9lection d'appartements et de maisons \u00e0 vendre dans les principales villes de Minorque.","breadcrumb":{"@id":"https:\/\/menorcasa.com\/fr\/maison-de-village-a-vendre-a-minorque\/#breadcrumb"},"inLanguage":"fr-FR","potentialAction":[{"@type":"ReadAction","target":["https:\/\/menorcasa.com\/fr\/maison-de-village-a-vendre-a-minorque\/"]}]},{"@type":"BreadcrumbList","@id":"https:\/\/menorcasa.com\/fr\/maison-de-village-a-vendre-a-minorque\/#breadcrumb","itemListElement":[{"@type":"ListItem","position":1,"name":"Immobilier \u00e0 Minorque","item":"https:\/\/menorcasa.com\/fr\/"},{"@type":"ListItem","position":2,"name":"Maison de Village \u00e0 vendre \u00e0 Minorque"}]},{"@type":"WebSite","@id":"https:\/\/menorcasa.com\/fr\/#website","url":"https:\/\/menorcasa.com\/fr\/","name":"Menorcasa","description":"propri\u00e9t\u00e9s \u00e0 vendre \u00e0 Minorque : villas, appartements, maisons et plus","publisher":{"@id":"https:\/\/menorcasa.com\/fr\/#organization"},"potentialAction":[{"@type":"SearchAction","target":{"@type":"EntryPoint","urlTemplate":"https:\/\/menorcasa.com\/fr\/?s={search_term_string}"},"query-input":{"@type":"PropertyValueSpecification","valueRequired":true,"valueName":"search_term_string"}}],"inLanguage":"fr-FR"},{"@type":"Organization","@id":"https:\/\/menorcasa.com\/fr\/#organization","name":"Menorcasa","url":"https:\/\/menorcasa.com\/fr\/","logo":{"@type":"ImageObject","inLanguage":"fr-FR","@id":"https:\/\/menorcasa.com\/fr\/#\/schema\/logo\/image\/","url":"","contentUrl":"","caption":"Menorcasa"},"image":{"@id":"https:\/\/menorcasa.com\/fr\/#\/schema\/logo\/image\/"},"sameAs":["https:\/\/www.facebook.com\/propertiesforsalemenorcasa\/","https:\/\/www.instagram.com\/menorcasaproperties\/"]}]}},"_links":{"self":[{"href":"https:\/\/menorcasa.com\/fr\/wp-json\/wp\/v2\/pages\/78394","targetHints":{"allow":["GET"]}}],"collection":[{"href":"https:\/\/menorcasa.com\/fr\/wp-json\/wp\/v2\/pages"}],"about":[{"href":"https:\/\/menorcasa.com\/fr\/wp-json\/wp\/v2\/types\/page"}],"author":[{"embeddable":true,"href":"https:\/\/menorcasa.com\/fr\/wp-json\/wp\/v2\/users\/28"}],"replies":[{"embeddable":true,"href":"https:\/\/menorcasa.com\/fr\/wp-json\/wp\/v2\/comments?post=78394"}],"version-history":[{"count":0,"href":"https:\/\/menorcasa.com\/fr\/wp-json\/wp\/v2\/pages\/78394\/revisions"}],"wp:attachment":[{"href":"https:\/\/menorcasa.com\/fr\/wp-json\/wp\/v2\/media?parent=78394"}],"curies":[{"name":"wp","href":"https:\/\/api.w.org\/{rel}","templated":true}]}}