{"id":78401,"date":"2020-01-10T12:25:18","date_gmt":"2020-01-10T12:25:18","guid":{"rendered":"https:\/\/menorcasa.com\/maison-a-vendre-a-mahon\/"},"modified":"2024-01-22T12:34:33","modified_gmt":"2024-01-22T11:34:33","slug":"maison-a-vendre-a-mahon","status":"publish","type":"page","link":"https:\/\/menorcasa.com\/fr\/maison-a-vendre-a-mahon\/","title":{"rendered":"Maison \u00e0 vendre \u00e0 Mah\u00f3n"},"content":{"rendered":"<h1 class=\"rh_page__title rh_page__title_pad\"><span class=\"sub\">Maison<\/span><span class=\"title\">\u00e0 vendre \u00e0 Mah\u00f3n<\/span><\/h1>\n<p>[vc_row][vc_column][vc_column_text]Si vous souhaitez acheter une <strong>maison \u00e0 Mah\u00f3n<\/strong>, nous avons les propri\u00e9t\u00e9s parfaites \u00e0 vendre dans cette belle r\u00e9gion.<\/p>\n<p>Mah\u00f3n ou Ma\u00f3, comme il est parfois \u00e9crit, est la capitale de Minorque. <strong>Mah\u00f3n<\/strong> poss\u00e8de l&rsquo;un des plus grands ports naturels du monde. Si vous avez envie de poss\u00e9der une <strong>propri\u00e9t\u00e9<\/strong> de chaque c\u00f4t\u00e9 de ce magnifique port, consultez notre <strong>collection de propri\u00e9t\u00e9s<\/strong> situ\u00e9es \u00e0 Cala Llonga, San Antonio, Cala Rata, Cala Partio et le port de Mahon lui-m\u00eame.[\/vc_column_text][\/vc_column][\/vc_row]<\/p>\n","protected":false},"excerpt":{"rendered":"<p>Maison\u00e0 vendre \u00e0 Mah\u00f3n [vc_row][vc_column][vc_column_text]Si vous souhaitez acheter une maison \u00e0 Mah\u00f3n, nous avons les propri\u00e9t\u00e9s parfaites \u00e0 vendre dans cette belle r\u00e9gion. Mah\u00f3n ou Ma\u00f3, comme il est parfois \u00e9crit, est la capitale de Minorque. Mah\u00f3n poss\u00e8de l&rsquo;un des plus grands ports naturels du monde. Si vous avez envie de poss\u00e9der une propri\u00e9t\u00e9 de&#8230;<\/p>\n","protected":false},"author":28,"featured_media":0,"parent":0,"menu_order":0,"comment_status":"closed","ping_status":"closed","template":"templates\/grid-layout-full-width.php","meta":{"footnotes":""},"class_list":["post-78401","page","type-page","status-publish","hentry"],"yoast_head":"<!-- This site is optimized with the Yoast SEO Premium plugin v21.4 (Yoast SEO v27.1.1) - https:\/\/yoast.com\/product\/yoast-seo-premium-wordpress\/ -->\n<title>Maison \u00e0 vendre \u00e0 Mah\u00f3n, Minorque | Immobilier Mah\u00f3n<\/title>\n<meta name=\"description\" content=\"Maison \u00e0 vendre \u00e0 Mah\u00f3n, Minorque. Immobilier Mah\u00f3n. Des propri\u00e9t\u00e9s \u00e0 vendre qui vont du petit appartement de vacance, \u00e0 la vila en bord de mer, en passant par les maisons citadines, les \u201cfincas\u201d en pleine champagne, et les nouveaux projets, notre grande s\u00e9l\u00e9ction de propri\u00e9t\u00e9s vous permettra de trouver votre bonheur.\" \/>\n<meta name=\"robots\" content=\"index, follow, max-snippet:-1, max-image-preview:large, max-video-preview:-1\" \/>\n<link rel=\"canonical\" href=\"https:\/\/menorcasa.com\/fr\/maison-a-vendre-a-mahon\/\" \/>\n<meta property=\"og:locale\" content=\"fr_FR\" \/>\n<meta property=\"og:type\" content=\"article\" \/>\n<meta property=\"og:title\" content=\"Maison \u00e0 vendre \u00e0 Mah\u00f3n\" \/>\n<meta property=\"og:description\" content=\"Maison \u00e0 vendre \u00e0 Mah\u00f3n, Minorque. Immobilier Mah\u00f3n. Des propri\u00e9t\u00e9s \u00e0 vendre qui vont du petit appartement de vacance, \u00e0 la vila en bord de mer, en passant par les maisons citadines, les \u201cfincas\u201d en pleine champagne, et les nouveaux projets, notre grande s\u00e9l\u00e9ction de propri\u00e9t\u00e9s vous permettra de trouver votre bonheur.\" \/>\n<meta property=\"og:url\" content=\"https:\/\/menorcasa.com\/fr\/maison-a-vendre-a-mahon\/\" \/>\n<meta property=\"og:site_name\" content=\"Menorcasa\" \/>\n<meta property=\"article:publisher\" content=\"https:\/\/www.facebook.com\/propertiesforsalemenorcasa\/\" \/>\n<meta property=\"article:modified_time\" content=\"2024-01-22T11:34:33+00:00\" \/>\n<meta name=\"twitter:card\" content=\"summary_large_image\" \/>\n<meta name=\"twitter:label1\" content=\"Dur\u00e9e de lecture estim\u00e9e\" \/>\n\t<meta name=\"twitter:data1\" content=\"1 minute\" \/>\n<script type=\"application\/ld+json\" class=\"yoast-schema-graph\">{\"@context\":\"https:\/\/schema.org\",\"@graph\":[{\"@type\":\"WebPage\",\"@id\":\"https:\/\/menorcasa.com\/fr\/maison-a-vendre-a-mahon\/\",\"url\":\"https:\/\/menorcasa.com\/fr\/maison-a-vendre-a-mahon\/\",\"name\":\"Maison \u00e0 vendre \u00e0 Mah\u00f3n, Minorque | Immobilier Mah\u00f3n\",\"isPartOf\":{\"@id\":\"https:\/\/menorcasa.com\/fr\/#website\"},\"datePublished\":\"2020-01-10T12:25:18+00:00\",\"dateModified\":\"2024-01-22T11:34:33+00:00\",\"description\":\"Maison \u00e0 vendre \u00e0 Mah\u00f3n, Minorque. Immobilier Mah\u00f3n. Des propri\u00e9t\u00e9s \u00e0 vendre qui vont du petit appartement de vacance, \u00e0 la vila en bord de mer, en passant par les maisons citadines, les \u201cfincas\u201d en pleine champagne, et les nouveaux projets, notre grande s\u00e9l\u00e9ction de propri\u00e9t\u00e9s vous permettra de trouver votre bonheur.\",\"breadcrumb\":{\"@id\":\"https:\/\/menorcasa.com\/fr\/maison-a-vendre-a-mahon\/#breadcrumb\"},\"inLanguage\":\"fr-FR\",\"potentialAction\":[{\"@type\":\"ReadAction\",\"target\":[\"https:\/\/menorcasa.com\/fr\/maison-a-vendre-a-mahon\/\"]}]},{\"@type\":\"BreadcrumbList\",\"@id\":\"https:\/\/menorcasa.com\/fr\/maison-a-vendre-a-mahon\/#breadcrumb\",\"itemListElement\":[{\"@type\":\"ListItem\",\"position\":1,\"name\":\"Immobilier \u00e0 Minorque\",\"item\":\"https:\/\/menorcasa.com\/fr\/\"},{\"@type\":\"ListItem\",\"position\":2,\"name\":\"Maison \u00e0 vendre \u00e0 Mah\u00f3n\"}]},{\"@type\":\"WebSite\",\"@id\":\"https:\/\/menorcasa.com\/fr\/#website\",\"url\":\"https:\/\/menorcasa.com\/fr\/\",\"name\":\"Menorcasa\",\"description\":\"propri\u00e9t\u00e9s \u00e0 vendre \u00e0 Minorque : villas, appartements, maisons et plus\",\"publisher\":{\"@id\":\"https:\/\/menorcasa.com\/fr\/#organization\"},\"potentialAction\":[{\"@type\":\"SearchAction\",\"target\":{\"@type\":\"EntryPoint\",\"urlTemplate\":\"https:\/\/menorcasa.com\/fr\/?s={search_term_string}\"},\"query-input\":{\"@type\":\"PropertyValueSpecification\",\"valueRequired\":true,\"valueName\":\"search_term_string\"}}],\"inLanguage\":\"fr-FR\"},{\"@type\":\"Organization\",\"@id\":\"https:\/\/menorcasa.com\/fr\/#organization\",\"name\":\"Menorcasa\",\"url\":\"https:\/\/menorcasa.com\/fr\/\",\"logo\":{\"@type\":\"ImageObject\",\"inLanguage\":\"fr-FR\",\"@id\":\"https:\/\/menorcasa.com\/fr\/#\/schema\/logo\/image\/\",\"url\":\"\",\"contentUrl\":\"\",\"caption\":\"Menorcasa\"},\"image\":{\"@id\":\"https:\/\/menorcasa.com\/fr\/#\/schema\/logo\/image\/\"},\"sameAs\":[\"https:\/\/www.facebook.com\/propertiesforsalemenorcasa\/\",\"https:\/\/www.instagram.com\/menorcasaproperties\/\"]}]}<\/script>\n<!-- \/ Yoast SEO Premium plugin. -->","yoast_head_json":{"title":"Maison \u00e0 vendre \u00e0 Mah\u00f3n, Minorque | Immobilier Mah\u00f3n","description":"Maison \u00e0 vendre \u00e0 Mah\u00f3n, Minorque. Immobilier Mah\u00f3n. Des propri\u00e9t\u00e9s \u00e0 vendre qui vont du petit appartement de vacance, \u00e0 la vila en bord de mer, en passant par les maisons citadines, les \u201cfincas\u201d en pleine champagne, et les nouveaux projets, notre grande s\u00e9l\u00e9ction de propri\u00e9t\u00e9s vous permettra de trouver votre bonheur.","robots":{"index":"index","follow":"follow","max-snippet":"max-snippet:-1","max-image-preview":"max-image-preview:large","max-video-preview":"max-video-preview:-1"},"canonical":"https:\/\/menorcasa.com\/fr\/maison-a-vendre-a-mahon\/","og_locale":"fr_FR","og_type":"article","og_title":"Maison \u00e0 vendre \u00e0 Mah\u00f3n","og_description":"Maison \u00e0 vendre \u00e0 Mah\u00f3n, Minorque. Immobilier Mah\u00f3n. Des propri\u00e9t\u00e9s \u00e0 vendre qui vont du petit appartement de vacance, \u00e0 la vila en bord de mer, en passant par les maisons citadines, les \u201cfincas\u201d en pleine champagne, et les nouveaux projets, notre grande s\u00e9l\u00e9ction de propri\u00e9t\u00e9s vous permettra de trouver votre bonheur.","og_url":"https:\/\/menorcasa.com\/fr\/maison-a-vendre-a-mahon\/","og_site_name":"Menorcasa","article_publisher":"https:\/\/www.facebook.com\/propertiesforsalemenorcasa\/","article_modified_time":"2024-01-22T11:34:33+00:00","twitter_card":"summary_large_image","twitter_misc":{"Dur\u00e9e de lecture estim\u00e9e":"1 minute"},"schema":{"@context":"https:\/\/schema.org","@graph":[{"@type":"WebPage","@id":"https:\/\/menorcasa.com\/fr\/maison-a-vendre-a-mahon\/","url":"https:\/\/menorcasa.com\/fr\/maison-a-vendre-a-mahon\/","name":"Maison \u00e0 vendre \u00e0 Mah\u00f3n, Minorque | Immobilier Mah\u00f3n","isPartOf":{"@id":"https:\/\/menorcasa.com\/fr\/#website"},"datePublished":"2020-01-10T12:25:18+00:00","dateModified":"2024-01-22T11:34:33+00:00","description":"Maison \u00e0 vendre \u00e0 Mah\u00f3n, Minorque. Immobilier Mah\u00f3n. Des propri\u00e9t\u00e9s \u00e0 vendre qui vont du petit appartement de vacance, \u00e0 la vila en bord de mer, en passant par les maisons citadines, les \u201cfincas\u201d en pleine champagne, et les nouveaux projets, notre grande s\u00e9l\u00e9ction de propri\u00e9t\u00e9s vous permettra de trouver votre bonheur.","breadcrumb":{"@id":"https:\/\/menorcasa.com\/fr\/maison-a-vendre-a-mahon\/#breadcrumb"},"inLanguage":"fr-FR","potentialAction":[{"@type":"ReadAction","target":["https:\/\/menorcasa.com\/fr\/maison-a-vendre-a-mahon\/"]}]},{"@type":"BreadcrumbList","@id":"https:\/\/menorcasa.com\/fr\/maison-a-vendre-a-mahon\/#breadcrumb","itemListElement":[{"@type":"ListItem","position":1,"name":"Immobilier \u00e0 Minorque","item":"https:\/\/menorcasa.com\/fr\/"},{"@type":"ListItem","position":2,"name":"Maison \u00e0 vendre \u00e0 Mah\u00f3n"}]},{"@type":"WebSite","@id":"https:\/\/menorcasa.com\/fr\/#website","url":"https:\/\/menorcasa.com\/fr\/","name":"Menorcasa","description":"propri\u00e9t\u00e9s \u00e0 vendre \u00e0 Minorque : villas, appartements, maisons et plus","publisher":{"@id":"https:\/\/menorcasa.com\/fr\/#organization"},"potentialAction":[{"@type":"SearchAction","target":{"@type":"EntryPoint","urlTemplate":"https:\/\/menorcasa.com\/fr\/?s={search_term_string}"},"query-input":{"@type":"PropertyValueSpecification","valueRequired":true,"valueName":"search_term_string"}}],"inLanguage":"fr-FR"},{"@type":"Organization","@id":"https:\/\/menorcasa.com\/fr\/#organization","name":"Menorcasa","url":"https:\/\/menorcasa.com\/fr\/","logo":{"@type":"ImageObject","inLanguage":"fr-FR","@id":"https:\/\/menorcasa.com\/fr\/#\/schema\/logo\/image\/","url":"","contentUrl":"","caption":"Menorcasa"},"image":{"@id":"https:\/\/menorcasa.com\/fr\/#\/schema\/logo\/image\/"},"sameAs":["https:\/\/www.facebook.com\/propertiesforsalemenorcasa\/","https:\/\/www.instagram.com\/menorcasaproperties\/"]}]}},"_links":{"self":[{"href":"https:\/\/menorcasa.com\/fr\/wp-json\/wp\/v2\/pages\/78401","targetHints":{"allow":["GET"]}}],"collection":[{"href":"https:\/\/menorcasa.com\/fr\/wp-json\/wp\/v2\/pages"}],"about":[{"href":"https:\/\/menorcasa.com\/fr\/wp-json\/wp\/v2\/types\/page"}],"author":[{"embeddable":true,"href":"https:\/\/menorcasa.com\/fr\/wp-json\/wp\/v2\/users\/28"}],"replies":[{"embeddable":true,"href":"https:\/\/menorcasa.com\/fr\/wp-json\/wp\/v2\/comments?post=78401"}],"version-history":[{"count":0,"href":"https:\/\/menorcasa.com\/fr\/wp-json\/wp\/v2\/pages\/78401\/revisions"}],"wp:attachment":[{"href":"https:\/\/menorcasa.com\/fr\/wp-json\/wp\/v2\/media?parent=78401"}],"curies":[{"name":"wp","href":"https:\/\/api.w.org\/{rel}","templated":true}]}}