{"id":78405,"date":"2020-01-10T12:56:32","date_gmt":"2020-01-10T12:56:32","guid":{"rendered":"https:\/\/menorcasa.com\/maison-a-vendre-a-son-bou\/"},"modified":"2023-07-19T11:15:07","modified_gmt":"2023-07-19T11:15:07","slug":"maison-a-vendre-a-son-bou","status":"publish","type":"page","link":"https:\/\/menorcasa.com\/fr\/maison-a-vendre-a-son-bou\/","title":{"rendered":"Maison \u00e0 vendre \u00e0 Son Bou"},"content":{"rendered":"<p>[vc_row][vc_column][vc_column_text]Fantastique collection d&rsquo;<strong>appartements et de maisons<\/strong> dans cette destination populaire avec l&rsquo;une des plus longues plages de <strong>Minorque<\/strong>. \u00c0 seulement 10 minutes en voiture de l&rsquo;a\u00e9roport de Mahon, c&rsquo;est une destination fantastique \u00e0 consid\u00e9rer lors de l&rsquo;achat d&rsquo;une propri\u00e9t\u00e9 \u00e0 Minorque.[\/vc_column_text][\/vc_column][\/vc_row]<\/p>\n","protected":false},"excerpt":{"rendered":"<p>[vc_row][vc_column][vc_column_text]Fantastique collection d&rsquo;appartements et de maisons dans cette destination populaire avec l&rsquo;une des plus longues plages de Minorque. \u00c0 seulement 10 minutes en voiture de l&rsquo;a\u00e9roport de Mahon, c&rsquo;est une destination fantastique \u00e0 consid\u00e9rer lors de l&rsquo;achat d&rsquo;une propri\u00e9t\u00e9 \u00e0 Minorque.[\/vc_column_text][\/vc_column][\/vc_row]<\/p>\n","protected":false},"author":28,"featured_media":0,"parent":0,"menu_order":0,"comment_status":"closed","ping_status":"closed","template":"templates\/grid-layout-full-width.php","meta":{"footnotes":""},"class_list":["post-78405","page","type-page","status-publish","hentry"],"yoast_head":"<!-- This site is optimized with the Yoast SEO Premium plugin v21.4 (Yoast SEO v27.1.1) - https:\/\/yoast.com\/product\/yoast-seo-premium-wordpress\/ -->\n<title>Maison \u00e0 vendre \u00e0 Son Bou, Menorca | Immobilier Son Bou<\/title>\n<meta name=\"description\" content=\"Maison \u00e0 vendre \u00e0 Son Bou, Menorca. Immobilier Son Bou. Des propri\u00e9t\u00e9s \u00e0 vendre qui vont du petit appartement de vacance, \u00e0 la vila en bord de mer, en passant par les maisons citadines, les \u201cfincas\u201d en pleine champagne, et les nouveaux projets, notre grande s\u00e9l\u00e9ction de propri\u00e9t\u00e9s vous permettra de trouver votre bonheur.\" \/>\n<meta name=\"robots\" content=\"index, follow, max-snippet:-1, max-image-preview:large, max-video-preview:-1\" \/>\n<link rel=\"canonical\" href=\"https:\/\/menorcasa.com\/fr\/maison-a-vendre-a-son-bou\/\" \/>\n<meta property=\"og:locale\" content=\"fr_FR\" \/>\n<meta property=\"og:type\" content=\"article\" \/>\n<meta property=\"og:title\" content=\"Maison \u00e0 vendre \u00e0 Son Bou\" \/>\n<meta property=\"og:description\" content=\"Maison \u00e0 vendre \u00e0 Son Bou, Menorca. Immobilier Son Bou. Des propri\u00e9t\u00e9s \u00e0 vendre qui vont du petit appartement de vacance, \u00e0 la vila en bord de mer, en passant par les maisons citadines, les \u201cfincas\u201d en pleine champagne, et les nouveaux projets, notre grande s\u00e9l\u00e9ction de propri\u00e9t\u00e9s vous permettra de trouver votre bonheur.\" \/>\n<meta property=\"og:url\" content=\"https:\/\/menorcasa.com\/fr\/maison-a-vendre-a-son-bou\/\" \/>\n<meta property=\"og:site_name\" content=\"Menorcasa\" \/>\n<meta property=\"article:publisher\" content=\"https:\/\/www.facebook.com\/propertiesforsalemenorcasa\/\" \/>\n<meta property=\"article:modified_time\" content=\"2023-07-19T11:15:07+00:00\" \/>\n<meta name=\"twitter:card\" content=\"summary_large_image\" \/>\n<script type=\"application\/ld+json\" class=\"yoast-schema-graph\">{\"@context\":\"https:\/\/schema.org\",\"@graph\":[{\"@type\":\"WebPage\",\"@id\":\"https:\/\/menorcasa.com\/fr\/maison-a-vendre-a-son-bou\/\",\"url\":\"https:\/\/menorcasa.com\/fr\/maison-a-vendre-a-son-bou\/\",\"name\":\"Maison \u00e0 vendre \u00e0 Son Bou, Menorca | Immobilier Son Bou\",\"isPartOf\":{\"@id\":\"https:\/\/menorcasa.com\/fr\/#website\"},\"datePublished\":\"2020-01-10T12:56:32+00:00\",\"dateModified\":\"2023-07-19T11:15:07+00:00\",\"description\":\"Maison \u00e0 vendre \u00e0 Son Bou, Menorca. Immobilier Son Bou. Des propri\u00e9t\u00e9s \u00e0 vendre qui vont du petit appartement de vacance, \u00e0 la vila en bord de mer, en passant par les maisons citadines, les \u201cfincas\u201d en pleine champagne, et les nouveaux projets, notre grande s\u00e9l\u00e9ction de propri\u00e9t\u00e9s vous permettra de trouver votre bonheur.\",\"breadcrumb\":{\"@id\":\"https:\/\/menorcasa.com\/fr\/maison-a-vendre-a-son-bou\/#breadcrumb\"},\"inLanguage\":\"fr-FR\",\"potentialAction\":[{\"@type\":\"ReadAction\",\"target\":[\"https:\/\/menorcasa.com\/fr\/maison-a-vendre-a-son-bou\/\"]}]},{\"@type\":\"BreadcrumbList\",\"@id\":\"https:\/\/menorcasa.com\/fr\/maison-a-vendre-a-son-bou\/#breadcrumb\",\"itemListElement\":[{\"@type\":\"ListItem\",\"position\":1,\"name\":\"Immobilier \u00e0 Minorque\",\"item\":\"https:\/\/menorcasa.com\/fr\/\"},{\"@type\":\"ListItem\",\"position\":2,\"name\":\"Maison \u00e0 vendre \u00e0 Son Bou\"}]},{\"@type\":\"WebSite\",\"@id\":\"https:\/\/menorcasa.com\/fr\/#website\",\"url\":\"https:\/\/menorcasa.com\/fr\/\",\"name\":\"Menorcasa\",\"description\":\"propri\u00e9t\u00e9s \u00e0 vendre \u00e0 Minorque : villas, appartements, maisons et plus\",\"publisher\":{\"@id\":\"https:\/\/menorcasa.com\/fr\/#organization\"},\"potentialAction\":[{\"@type\":\"SearchAction\",\"target\":{\"@type\":\"EntryPoint\",\"urlTemplate\":\"https:\/\/menorcasa.com\/fr\/?s={search_term_string}\"},\"query-input\":{\"@type\":\"PropertyValueSpecification\",\"valueRequired\":true,\"valueName\":\"search_term_string\"}}],\"inLanguage\":\"fr-FR\"},{\"@type\":\"Organization\",\"@id\":\"https:\/\/menorcasa.com\/fr\/#organization\",\"name\":\"Menorcasa\",\"url\":\"https:\/\/menorcasa.com\/fr\/\",\"logo\":{\"@type\":\"ImageObject\",\"inLanguage\":\"fr-FR\",\"@id\":\"https:\/\/menorcasa.com\/fr\/#\/schema\/logo\/image\/\",\"url\":\"\",\"contentUrl\":\"\",\"caption\":\"Menorcasa\"},\"image\":{\"@id\":\"https:\/\/menorcasa.com\/fr\/#\/schema\/logo\/image\/\"},\"sameAs\":[\"https:\/\/www.facebook.com\/propertiesforsalemenorcasa\/\",\"https:\/\/www.instagram.com\/menorcasaproperties\/\"]}]}<\/script>\n<!-- \/ Yoast SEO Premium plugin. -->","yoast_head_json":{"title":"Maison \u00e0 vendre \u00e0 Son Bou, Menorca | Immobilier Son Bou","description":"Maison \u00e0 vendre \u00e0 Son Bou, Menorca. Immobilier Son Bou. Des propri\u00e9t\u00e9s \u00e0 vendre qui vont du petit appartement de vacance, \u00e0 la vila en bord de mer, en passant par les maisons citadines, les \u201cfincas\u201d en pleine champagne, et les nouveaux projets, notre grande s\u00e9l\u00e9ction de propri\u00e9t\u00e9s vous permettra de trouver votre bonheur.","robots":{"index":"index","follow":"follow","max-snippet":"max-snippet:-1","max-image-preview":"max-image-preview:large","max-video-preview":"max-video-preview:-1"},"canonical":"https:\/\/menorcasa.com\/fr\/maison-a-vendre-a-son-bou\/","og_locale":"fr_FR","og_type":"article","og_title":"Maison \u00e0 vendre \u00e0 Son Bou","og_description":"Maison \u00e0 vendre \u00e0 Son Bou, Menorca. Immobilier Son Bou. Des propri\u00e9t\u00e9s \u00e0 vendre qui vont du petit appartement de vacance, \u00e0 la vila en bord de mer, en passant par les maisons citadines, les \u201cfincas\u201d en pleine champagne, et les nouveaux projets, notre grande s\u00e9l\u00e9ction de propri\u00e9t\u00e9s vous permettra de trouver votre bonheur.","og_url":"https:\/\/menorcasa.com\/fr\/maison-a-vendre-a-son-bou\/","og_site_name":"Menorcasa","article_publisher":"https:\/\/www.facebook.com\/propertiesforsalemenorcasa\/","article_modified_time":"2023-07-19T11:15:07+00:00","twitter_card":"summary_large_image","schema":{"@context":"https:\/\/schema.org","@graph":[{"@type":"WebPage","@id":"https:\/\/menorcasa.com\/fr\/maison-a-vendre-a-son-bou\/","url":"https:\/\/menorcasa.com\/fr\/maison-a-vendre-a-son-bou\/","name":"Maison \u00e0 vendre \u00e0 Son Bou, Menorca | Immobilier Son Bou","isPartOf":{"@id":"https:\/\/menorcasa.com\/fr\/#website"},"datePublished":"2020-01-10T12:56:32+00:00","dateModified":"2023-07-19T11:15:07+00:00","description":"Maison \u00e0 vendre \u00e0 Son Bou, Menorca. Immobilier Son Bou. Des propri\u00e9t\u00e9s \u00e0 vendre qui vont du petit appartement de vacance, \u00e0 la vila en bord de mer, en passant par les maisons citadines, les \u201cfincas\u201d en pleine champagne, et les nouveaux projets, notre grande s\u00e9l\u00e9ction de propri\u00e9t\u00e9s vous permettra de trouver votre bonheur.","breadcrumb":{"@id":"https:\/\/menorcasa.com\/fr\/maison-a-vendre-a-son-bou\/#breadcrumb"},"inLanguage":"fr-FR","potentialAction":[{"@type":"ReadAction","target":["https:\/\/menorcasa.com\/fr\/maison-a-vendre-a-son-bou\/"]}]},{"@type":"BreadcrumbList","@id":"https:\/\/menorcasa.com\/fr\/maison-a-vendre-a-son-bou\/#breadcrumb","itemListElement":[{"@type":"ListItem","position":1,"name":"Immobilier \u00e0 Minorque","item":"https:\/\/menorcasa.com\/fr\/"},{"@type":"ListItem","position":2,"name":"Maison \u00e0 vendre \u00e0 Son Bou"}]},{"@type":"WebSite","@id":"https:\/\/menorcasa.com\/fr\/#website","url":"https:\/\/menorcasa.com\/fr\/","name":"Menorcasa","description":"propri\u00e9t\u00e9s \u00e0 vendre \u00e0 Minorque : villas, appartements, maisons et plus","publisher":{"@id":"https:\/\/menorcasa.com\/fr\/#organization"},"potentialAction":[{"@type":"SearchAction","target":{"@type":"EntryPoint","urlTemplate":"https:\/\/menorcasa.com\/fr\/?s={search_term_string}"},"query-input":{"@type":"PropertyValueSpecification","valueRequired":true,"valueName":"search_term_string"}}],"inLanguage":"fr-FR"},{"@type":"Organization","@id":"https:\/\/menorcasa.com\/fr\/#organization","name":"Menorcasa","url":"https:\/\/menorcasa.com\/fr\/","logo":{"@type":"ImageObject","inLanguage":"fr-FR","@id":"https:\/\/menorcasa.com\/fr\/#\/schema\/logo\/image\/","url":"","contentUrl":"","caption":"Menorcasa"},"image":{"@id":"https:\/\/menorcasa.com\/fr\/#\/schema\/logo\/image\/"},"sameAs":["https:\/\/www.facebook.com\/propertiesforsalemenorcasa\/","https:\/\/www.instagram.com\/menorcasaproperties\/"]}]}},"_links":{"self":[{"href":"https:\/\/menorcasa.com\/fr\/wp-json\/wp\/v2\/pages\/78405","targetHints":{"allow":["GET"]}}],"collection":[{"href":"https:\/\/menorcasa.com\/fr\/wp-json\/wp\/v2\/pages"}],"about":[{"href":"https:\/\/menorcasa.com\/fr\/wp-json\/wp\/v2\/types\/page"}],"author":[{"embeddable":true,"href":"https:\/\/menorcasa.com\/fr\/wp-json\/wp\/v2\/users\/28"}],"replies":[{"embeddable":true,"href":"https:\/\/menorcasa.com\/fr\/wp-json\/wp\/v2\/comments?post=78405"}],"version-history":[{"count":0,"href":"https:\/\/menorcasa.com\/fr\/wp-json\/wp\/v2\/pages\/78405\/revisions"}],"wp:attachment":[{"href":"https:\/\/menorcasa.com\/fr\/wp-json\/wp\/v2\/media?parent=78405"}],"curies":[{"name":"wp","href":"https:\/\/api.w.org\/{rel}","templated":true}]}}