{"id":78414,"date":"2020-01-10T13:49:02","date_gmt":"2020-01-10T13:49:02","guid":{"rendered":"https:\/\/menorcasa.com\/maison-a-vendre-a-calan-porter\/"},"modified":"2023-07-19T10:54:37","modified_gmt":"2023-07-19T10:54:37","slug":"maison-a-vendre-a-calan-porter","status":"publish","type":"page","link":"https:\/\/menorcasa.com\/fr\/maison-a-vendre-a-calan-porter\/","title":{"rendered":"Maison \u00e0 vendre \u00e0 Calan Porter"},"content":{"rendered":"<p>[vc_row][vc_column][vc_column_text]Si vous souhaitez acheter une <strong>maison \u00e0 Calan Porter<\/strong>, nous avons les propri\u00e9t\u00e9s parfaites \u00e0 vendre dans cette belle r\u00e9gion.<\/p>\n<p><strong>Calan Porter<\/strong> est une station touristique populaire sur la c\u00f4te sud de Minorque offrant une grande vari\u00e9t\u00e9 de bars, restaurants et magasins saisonniers ainsi que la c\u00e9l\u00e8bre discoth\u00e8que \u00abCovas de Xoroi\u00bb. Calan Porter poss\u00e8de une tr\u00e8s jolie plage de sable blanc avec une eau cristalline. Pendant les mois d&rsquo;\u00e9t\u00e9, il y a un service de bus r\u00e9gulier pour Mahon, la capitale de Minorque et aussi Alayor. Grandes propri\u00e9t\u00e9s dans un quartier tr\u00e8s populaire.[\/vc_column_text][\/vc_column][\/vc_row]<\/p>\n","protected":false},"excerpt":{"rendered":"<p>[vc_row][vc_column][vc_column_text]Si vous souhaitez acheter une maison \u00e0 Calan Porter, nous avons les propri\u00e9t\u00e9s parfaites \u00e0 vendre dans cette belle r\u00e9gion. Calan Porter est une station touristique populaire sur la c\u00f4te sud de Minorque offrant une grande vari\u00e9t\u00e9 de bars, restaurants et magasins saisonniers ainsi que la c\u00e9l\u00e8bre discoth\u00e8que \u00abCovas de Xoroi\u00bb. Calan Porter poss\u00e8de une&#8230;<\/p>\n","protected":false},"author":28,"featured_media":0,"parent":0,"menu_order":0,"comment_status":"closed","ping_status":"closed","template":"templates\/grid-layout-full-width.php","meta":{"footnotes":""},"class_list":["post-78414","page","type-page","status-publish","hentry"],"yoast_head":"<!-- This site is optimized with the Yoast SEO Premium plugin v21.4 (Yoast SEO v27.1.1) - https:\/\/yoast.com\/product\/yoast-seo-premium-wordpress\/ -->\n<title>Maison \u00e0 vendre \u00e0 Calan Porter, Minorque | Immobilier Minorque<\/title>\n<meta name=\"description\" content=\"Maison \u00e0 vendre \u00e0 Calan Porter, Minorque. Immobilier Minorque. Avec des maisons \u00e0 vendre \u00e0 Calan Porter, allant des petits appartements de vacances, villas, maisons de ville, maisons de campagne, nouveaux d\u00e9veloppements et parcelles, notre large s\u00e9lection de propri\u00e9t\u00e9s \u00e0 vendre \u00e0 Minorque promet d&#039;inclure la maison qui vous convient.\" \/>\n<meta name=\"robots\" content=\"index, follow, max-snippet:-1, max-image-preview:large, max-video-preview:-1\" \/>\n<link rel=\"canonical\" href=\"https:\/\/menorcasa.com\/fr\/maison-a-vendre-a-calan-porter\/\" \/>\n<meta property=\"og:locale\" content=\"fr_FR\" \/>\n<meta property=\"og:type\" content=\"article\" \/>\n<meta property=\"og:title\" content=\"Maison \u00e0 vendre \u00e0 Calan Porter\" \/>\n<meta property=\"og:description\" content=\"Maison \u00e0 vendre \u00e0 Calan Porter, Minorque. Immobilier Minorque. Avec des maisons \u00e0 vendre \u00e0 Calan Porter, allant des petits appartements de vacances, villas, maisons de ville, maisons de campagne, nouveaux d\u00e9veloppements et parcelles, notre large s\u00e9lection de propri\u00e9t\u00e9s \u00e0 vendre \u00e0 Minorque promet d&#039;inclure la maison qui vous convient.\" \/>\n<meta property=\"og:url\" content=\"https:\/\/menorcasa.com\/fr\/maison-a-vendre-a-calan-porter\/\" \/>\n<meta property=\"og:site_name\" content=\"Menorcasa\" \/>\n<meta property=\"article:publisher\" content=\"https:\/\/www.facebook.com\/propertiesforsalemenorcasa\/\" \/>\n<meta property=\"article:modified_time\" content=\"2023-07-19T10:54:37+00:00\" \/>\n<meta name=\"twitter:card\" content=\"summary_large_image\" \/>\n<meta name=\"twitter:label1\" content=\"Dur\u00e9e de lecture estim\u00e9e\" \/>\n\t<meta name=\"twitter:data1\" content=\"1 minute\" \/>\n<script type=\"application\/ld+json\" class=\"yoast-schema-graph\">{\"@context\":\"https:\/\/schema.org\",\"@graph\":[{\"@type\":\"WebPage\",\"@id\":\"https:\/\/menorcasa.com\/fr\/maison-a-vendre-a-calan-porter\/\",\"url\":\"https:\/\/menorcasa.com\/fr\/maison-a-vendre-a-calan-porter\/\",\"name\":\"Maison \u00e0 vendre \u00e0 Calan Porter, Minorque | Immobilier Minorque\",\"isPartOf\":{\"@id\":\"https:\/\/menorcasa.com\/fr\/#website\"},\"datePublished\":\"2020-01-10T13:49:02+00:00\",\"dateModified\":\"2023-07-19T10:54:37+00:00\",\"description\":\"Maison \u00e0 vendre \u00e0 Calan Porter, Minorque. Immobilier Minorque. Avec des maisons \u00e0 vendre \u00e0 Calan Porter, allant des petits appartements de vacances, villas, maisons de ville, maisons de campagne, nouveaux d\u00e9veloppements et parcelles, notre large s\u00e9lection de propri\u00e9t\u00e9s \u00e0 vendre \u00e0 Minorque promet d'inclure la maison qui vous convient.\",\"breadcrumb\":{\"@id\":\"https:\/\/menorcasa.com\/fr\/maison-a-vendre-a-calan-porter\/#breadcrumb\"},\"inLanguage\":\"fr-FR\",\"potentialAction\":[{\"@type\":\"ReadAction\",\"target\":[\"https:\/\/menorcasa.com\/fr\/maison-a-vendre-a-calan-porter\/\"]}]},{\"@type\":\"BreadcrumbList\",\"@id\":\"https:\/\/menorcasa.com\/fr\/maison-a-vendre-a-calan-porter\/#breadcrumb\",\"itemListElement\":[{\"@type\":\"ListItem\",\"position\":1,\"name\":\"Immobilier \u00e0 Minorque\",\"item\":\"https:\/\/menorcasa.com\/fr\/\"},{\"@type\":\"ListItem\",\"position\":2,\"name\":\"Maison \u00e0 vendre \u00e0 Calan Porter\"}]},{\"@type\":\"WebSite\",\"@id\":\"https:\/\/menorcasa.com\/fr\/#website\",\"url\":\"https:\/\/menorcasa.com\/fr\/\",\"name\":\"Menorcasa\",\"description\":\"propri\u00e9t\u00e9s \u00e0 vendre \u00e0 Minorque : villas, appartements, maisons et plus\",\"publisher\":{\"@id\":\"https:\/\/menorcasa.com\/fr\/#organization\"},\"potentialAction\":[{\"@type\":\"SearchAction\",\"target\":{\"@type\":\"EntryPoint\",\"urlTemplate\":\"https:\/\/menorcasa.com\/fr\/?s={search_term_string}\"},\"query-input\":{\"@type\":\"PropertyValueSpecification\",\"valueRequired\":true,\"valueName\":\"search_term_string\"}}],\"inLanguage\":\"fr-FR\"},{\"@type\":\"Organization\",\"@id\":\"https:\/\/menorcasa.com\/fr\/#organization\",\"name\":\"Menorcasa\",\"url\":\"https:\/\/menorcasa.com\/fr\/\",\"logo\":{\"@type\":\"ImageObject\",\"inLanguage\":\"fr-FR\",\"@id\":\"https:\/\/menorcasa.com\/fr\/#\/schema\/logo\/image\/\",\"url\":\"\",\"contentUrl\":\"\",\"caption\":\"Menorcasa\"},\"image\":{\"@id\":\"https:\/\/menorcasa.com\/fr\/#\/schema\/logo\/image\/\"},\"sameAs\":[\"https:\/\/www.facebook.com\/propertiesforsalemenorcasa\/\",\"https:\/\/www.instagram.com\/menorcasaproperties\/\"]}]}<\/script>\n<!-- \/ Yoast SEO Premium plugin. -->","yoast_head_json":{"title":"Maison \u00e0 vendre \u00e0 Calan Porter, Minorque | Immobilier Minorque","description":"Maison \u00e0 vendre \u00e0 Calan Porter, Minorque. Immobilier Minorque. Avec des maisons \u00e0 vendre \u00e0 Calan Porter, allant des petits appartements de vacances, villas, maisons de ville, maisons de campagne, nouveaux d\u00e9veloppements et parcelles, notre large s\u00e9lection de propri\u00e9t\u00e9s \u00e0 vendre \u00e0 Minorque promet d'inclure la maison qui vous convient.","robots":{"index":"index","follow":"follow","max-snippet":"max-snippet:-1","max-image-preview":"max-image-preview:large","max-video-preview":"max-video-preview:-1"},"canonical":"https:\/\/menorcasa.com\/fr\/maison-a-vendre-a-calan-porter\/","og_locale":"fr_FR","og_type":"article","og_title":"Maison \u00e0 vendre \u00e0 Calan Porter","og_description":"Maison \u00e0 vendre \u00e0 Calan Porter, Minorque. Immobilier Minorque. Avec des maisons \u00e0 vendre \u00e0 Calan Porter, allant des petits appartements de vacances, villas, maisons de ville, maisons de campagne, nouveaux d\u00e9veloppements et parcelles, notre large s\u00e9lection de propri\u00e9t\u00e9s \u00e0 vendre \u00e0 Minorque promet d'inclure la maison qui vous convient.","og_url":"https:\/\/menorcasa.com\/fr\/maison-a-vendre-a-calan-porter\/","og_site_name":"Menorcasa","article_publisher":"https:\/\/www.facebook.com\/propertiesforsalemenorcasa\/","article_modified_time":"2023-07-19T10:54:37+00:00","twitter_card":"summary_large_image","twitter_misc":{"Dur\u00e9e de lecture estim\u00e9e":"1 minute"},"schema":{"@context":"https:\/\/schema.org","@graph":[{"@type":"WebPage","@id":"https:\/\/menorcasa.com\/fr\/maison-a-vendre-a-calan-porter\/","url":"https:\/\/menorcasa.com\/fr\/maison-a-vendre-a-calan-porter\/","name":"Maison \u00e0 vendre \u00e0 Calan Porter, Minorque | Immobilier Minorque","isPartOf":{"@id":"https:\/\/menorcasa.com\/fr\/#website"},"datePublished":"2020-01-10T13:49:02+00:00","dateModified":"2023-07-19T10:54:37+00:00","description":"Maison \u00e0 vendre \u00e0 Calan Porter, Minorque. Immobilier Minorque. Avec des maisons \u00e0 vendre \u00e0 Calan Porter, allant des petits appartements de vacances, villas, maisons de ville, maisons de campagne, nouveaux d\u00e9veloppements et parcelles, notre large s\u00e9lection de propri\u00e9t\u00e9s \u00e0 vendre \u00e0 Minorque promet d'inclure la maison qui vous convient.","breadcrumb":{"@id":"https:\/\/menorcasa.com\/fr\/maison-a-vendre-a-calan-porter\/#breadcrumb"},"inLanguage":"fr-FR","potentialAction":[{"@type":"ReadAction","target":["https:\/\/menorcasa.com\/fr\/maison-a-vendre-a-calan-porter\/"]}]},{"@type":"BreadcrumbList","@id":"https:\/\/menorcasa.com\/fr\/maison-a-vendre-a-calan-porter\/#breadcrumb","itemListElement":[{"@type":"ListItem","position":1,"name":"Immobilier \u00e0 Minorque","item":"https:\/\/menorcasa.com\/fr\/"},{"@type":"ListItem","position":2,"name":"Maison \u00e0 vendre \u00e0 Calan Porter"}]},{"@type":"WebSite","@id":"https:\/\/menorcasa.com\/fr\/#website","url":"https:\/\/menorcasa.com\/fr\/","name":"Menorcasa","description":"propri\u00e9t\u00e9s \u00e0 vendre \u00e0 Minorque : villas, appartements, maisons et plus","publisher":{"@id":"https:\/\/menorcasa.com\/fr\/#organization"},"potentialAction":[{"@type":"SearchAction","target":{"@type":"EntryPoint","urlTemplate":"https:\/\/menorcasa.com\/fr\/?s={search_term_string}"},"query-input":{"@type":"PropertyValueSpecification","valueRequired":true,"valueName":"search_term_string"}}],"inLanguage":"fr-FR"},{"@type":"Organization","@id":"https:\/\/menorcasa.com\/fr\/#organization","name":"Menorcasa","url":"https:\/\/menorcasa.com\/fr\/","logo":{"@type":"ImageObject","inLanguage":"fr-FR","@id":"https:\/\/menorcasa.com\/fr\/#\/schema\/logo\/image\/","url":"","contentUrl":"","caption":"Menorcasa"},"image":{"@id":"https:\/\/menorcasa.com\/fr\/#\/schema\/logo\/image\/"},"sameAs":["https:\/\/www.facebook.com\/propertiesforsalemenorcasa\/","https:\/\/www.instagram.com\/menorcasaproperties\/"]}]}},"_links":{"self":[{"href":"https:\/\/menorcasa.com\/fr\/wp-json\/wp\/v2\/pages\/78414","targetHints":{"allow":["GET"]}}],"collection":[{"href":"https:\/\/menorcasa.com\/fr\/wp-json\/wp\/v2\/pages"}],"about":[{"href":"https:\/\/menorcasa.com\/fr\/wp-json\/wp\/v2\/types\/page"}],"author":[{"embeddable":true,"href":"https:\/\/menorcasa.com\/fr\/wp-json\/wp\/v2\/users\/28"}],"replies":[{"embeddable":true,"href":"https:\/\/menorcasa.com\/fr\/wp-json\/wp\/v2\/comments?post=78414"}],"version-history":[{"count":0,"href":"https:\/\/menorcasa.com\/fr\/wp-json\/wp\/v2\/pages\/78414\/revisions"}],"wp:attachment":[{"href":"https:\/\/menorcasa.com\/fr\/wp-json\/wp\/v2\/media?parent=78414"}],"curies":[{"name":"wp","href":"https:\/\/api.w.org\/{rel}","templated":true}]}}