{"id":98017,"date":"2021-06-17T07:51:12","date_gmt":"2021-06-17T07:51:12","guid":{"rendered":"https:\/\/menorcasa.com\/concierge-menorca\/"},"modified":"2023-07-19T10:41:43","modified_gmt":"2023-07-19T10:41:43","slug":"concierge-menorca","status":"publish","type":"page","link":"https:\/\/menorcasa.com\/fr\/concierge-menorca\/","title":{"rendered":"Concierge Menorca"},"content":{"rendered":"<p>[vc_row full_width=\u00a0\u00bbstretch_row\u00a0\u00bb parallax=\u00a0\u00bbcontent-moving\u00a0\u00bb css=\u00a0\u00bb.vc_custom_1624265734051{padding-top: 200px !important;padding-bottom: 200px !important;background-image: url(https:\/\/menorcasa.com\/wp-content\/uploads\/2021\/06\/Concierge-Bell-image-1.jpg?id=97590) !important;background-position: center;background-repeat: no-repeat !important;background-size: contain !important;}\u00a0\u00bb][vc_column][vc_custom_heading text=\u00a0\u00bbCONCIERGE SERVICES IN MENORCA\u00a0\u00bb font_container=\u00a0\u00bbtag:h1|text_align:center|color:%23ffffff\u00a0\u00bb use_theme_fonts=\u00a0\u00bbyes\u00a0\u00bb][\/vc_column][\/vc_row][vc_row][vc_column][vc_column_text]<\/p>\n<p>[\/vc_column_text][\/vc_column][\/vc_row][vc_row full_width=\u00a0\u00bbstretch_row\u00a0\u00bb css=\u00a0\u00bb.vc_custom_1623917210707{background-position: center !important;background-repeat: no-repeat !important;background-size: contain !important;}\u00a0\u00bb][vc_column width=\u00a0\u00bb1\/3&Prime;][vc_single_image image=\u00a0\u00bb97600&Prime; img_size=\u00a0\u00bbfull\u00a0\u00bb onclick=\u00a0\u00bbcustom_link\u00a0\u00bb img_link_target=\u00a0\u00bb_blank\u00a0\u00bb css=\u00a0\u00bb.vc_custom_1624276654969{padding-right: 30px !important;padding-left: 30px !important;}\u00a0\u00bb link=\u00a0\u00bbhttps:\/\/en.essentialconciergemenorca.com\/\u00a0\u00bb][\/vc_column][vc_column width=\u00a0\u00bb2\/3&Prime;][vc_column_text]<\/p>\n<h2 style=\"text-align: left; line-height: 40px;\"><a href=\"https:\/\/en.essentialconciergemenorca.com\/\" target=\"_blank\" rel=\"noopener noreferrer\"><span style=\"color: #0086cb; font-size: 30px;\">Menorcasa introducing an exciting new extention to our boutique property services. Essential Concierge offering the best in event, yacht charter, restaurant, event and activity planning.<\/span><\/a><\/h2>\n<p>[\/vc_column_text][vc_column_text]<\/p>\n<h3><a href=\"https:\/\/en.essentialconciergemenorca.com\/\" target=\"_blank\" rel=\"noopener noreferrer\">Whether it\u2019s for a very special occasion, a hosted dining experience, a fabulous day out onboard a luxury yacht or simply planning an activity on the island, Essential Concierge is definitely for you and we\u2019re only a phone call away. So why not give us a ring!<\/a><\/h3>\n<p>[\/vc_column_text][\/vc_column][vc_column][\/vc_column][\/vc_row][vc_row][vc_column][vc_column_text]<\/p>\n<p>[\/vc_column_text][\/vc_column][\/vc_row][vc_row][vc_column width=\u00a0\u00bb1\/3&Prime;][vc_row_inner][vc_column_inner][vc_single_image image=\u00a0\u00bb97542&Prime; img_size=\u00a0\u00bbfull\u00a0\u00bb onclick=\u00a0\u00bbcustom_link\u00a0\u00bb link=\u00a0\u00bbhttps:\/\/en.essentialconciergemenorca.com\/\u00a0\u00bb][\/vc_column_inner][\/vc_row_inner][vc_column_text css=\u00a0\u00bb.vc_custom_1624350336846{margin-top: -15px !important;}\u00a0\u00bb]<\/p>\n<h2><a href=\"https:\/\/en.essentialconciergemenorca.com\/\"><span style=\"color: #0086cb;\"><span style=\"font-family: 'gotham-book' !important;\">PERSONAL ASSISTANCE<\/span><\/span><\/a><\/h2>\n<p>[\/vc_column_text][vc_empty_space height=\u00a0\u00bb30&Prime;][\/vc_column][vc_column width=\u00a0\u00bb1\/3&Prime;][vc_row_inner][vc_column_inner][vc_single_image image=\u00a0\u00bb97545&Prime; img_size=\u00a0\u00bbfull\u00a0\u00bb onclick=\u00a0\u00bbcustom_link\u00a0\u00bb link=\u00a0\u00bbhttps:\/\/en.essentialconciergemenorca.com\/servicios-bienestar-menorca\u00a0\u00bb][\/vc_column_inner][\/vc_row_inner][vc_column_text]<\/p>\n<h2><a href=\"https:\/\/en.essentialconciergemenorca.com\/servicios-bienestar-menorca\"><span style=\"color: #0086cb;\"><span style=\"font-family: 'gotham-book' !important;\">HEALTH &amp; BEAUTY<\/span><\/span><\/a><\/h2>\n<p>[\/vc_column_text][vc_empty_space height=\u00a0\u00bb30&Prime;][\/vc_column][vc_column width=\u00a0\u00bb1\/3&Prime;][vc_row_inner][vc_column_inner][vc_single_image image=\u00a0\u00bb97548&Prime; img_size=\u00a0\u00bbfull\u00a0\u00bb onclick=\u00a0\u00bbcustom_link\u00a0\u00bb link=\u00a0\u00bbhttps:\/\/en.essentialconciergemenorca.com\/experiencias-unicas-menorca\u00a0\u00bb][\/vc_column_inner][\/vc_row_inner][vc_column_text]<\/p>\n<h2><a href=\"https:\/\/en.essentialconciergemenorca.com\/experiencias-unicas-menorca\"><span style=\"color: #0086cb;\"><span style=\"font-family: 'gotham-book' !important;\">RECREATIONAL ACTIVITIES\u00a0<\/span><\/span><\/a><\/h2>\n<p>[\/vc_column_text][vc_empty_space height=\u00a0\u00bb30&Prime;][\/vc_column][\/vc_row][vc_row][vc_column width=\u00a0\u00bb1\/3&Prime;][vc_row_inner][vc_column_inner][vc_single_image image=\u00a0\u00bb97551&Prime; img_size=\u00a0\u00bbfull\u00a0\u00bb onclick=\u00a0\u00bbcustom_link\u00a0\u00bb link=\u00a0\u00bbhttps:\/\/en.essentialconciergemenorca.com\/chef-privado-menorca\u00a0\u00bb][\/vc_column_inner][\/vc_row_inner][vc_column_text]<\/p>\n<h2><a href=\"https:\/\/en.essentialconciergemenorca.com\/chef-privado-menorca\"><span style=\"color: #0086cb;\"><span style=\"font-family: 'gotham-book' !important;\">CATERING SERVICES<\/span><\/span><\/a><\/h2>\n<p>[\/vc_column_text][vc_empty_space height=\u00a0\u00bb30&Prime;][\/vc_column][vc_column width=\u00a0\u00bb1\/3&Prime;][vc_row_inner][vc_column_inner][vc_single_image image=\u00a0\u00bb97557&Prime; img_size=\u00a0\u00bbfull\u00a0\u00bb onclick=\u00a0\u00bbcustom_link\u00a0\u00bb link=\u00a0\u00bbhttps:\/\/en.essentialconciergemenorca.com\/planificacion-de-eventos-menorca\u00a0\u00bb][\/vc_column_inner][\/vc_row_inner][vc_column_text]<\/p>\n<h2><a href=\"https:\/\/en.essentialconciergemenorca.com\/planificacion-de-eventos-menorca\"><span style=\"color: #0086cb;\"><span style=\"font-family: 'gotham-book' !important;\">EVENT PLANNING<\/span><\/span><\/a><\/h2>\n<p>[\/vc_column_text][vc_empty_space height=\u00a0\u00bb30&Prime;][\/vc_column][vc_column width=\u00a0\u00bb1\/3&Prime;][vc_row_inner][vc_column_inner][vc_single_image image=\u00a0\u00bb97560&Prime; img_size=\u00a0\u00bbfull\u00a0\u00bb onclick=\u00a0\u00bbcustom_link\u00a0\u00bb link=\u00a0\u00bbhttps:\/\/en.essentialconciergemenorca.com\/alquiler-de-yates-menorca\u00a0\u00bb][\/vc_column_inner][\/vc_row_inner][vc_column_text]<\/p>\n<h2><a href=\"https:\/\/en.essentialconciergemenorca.com\/alquiler-de-yates-menorca\"><span style=\"color: #0086cb;\"><span style=\"font-family: 'gotham-book' !important;\">YACHT CHARTER<\/span><\/span><\/a><\/h2>\n<p>[\/vc_column_text][vc_empty_space height=\u00a0\u00bb30&Prime;][\/vc_column][\/vc_row][vc_row][vc_column][vc_empty_space height=\u00a0\u00bb100px\u00a0\u00bb][\/vc_column][\/vc_row]<\/p>\n","protected":false},"excerpt":{"rendered":"<p>[vc_row full_width=\u00a0\u00bbstretch_row\u00a0\u00bb parallax=\u00a0\u00bbcontent-moving\u00a0\u00bb css=\u00a0\u00bb.vc_custom_1624265734051{padding-top: 200px !important;padding-bottom: 200px !important;background-image: url(https:\/\/menorcasa.com\/wp-content\/uploads\/2021\/06\/Concierge-Bell-image-1.jpg?id=97590) !important;background-position: center;background-repeat: no-repeat !important;background-size: contain !important;}\u00a0\u00bb][vc_column][vc_custom_heading text=\u00a0\u00bbCONCIERGE SERVICES IN MENORCA\u00a0\u00bb font_container=\u00a0\u00bbtag:h1|text_align:center|color:%23ffffff\u00a0\u00bb use_theme_fonts=\u00a0\u00bbyes\u00a0\u00bb][\/vc_column][\/vc_row][vc_row][vc_column][vc_column_text] [\/vc_column_text][\/vc_column][\/vc_row][vc_row full_width=\u00a0\u00bbstretch_row\u00a0\u00bb css=\u00a0\u00bb.vc_custom_1623917210707{background-position: center !important;background-repeat: no-repeat !important;background-size: contain !important;}\u00a0\u00bb][vc_column width=\u00a0\u00bb1\/3&Prime;][vc_single_image image=\u00a0\u00bb97600&Prime; img_size=\u00a0\u00bbfull\u00a0\u00bb onclick=\u00a0\u00bbcustom_link\u00a0\u00bb img_link_target=\u00a0\u00bb_blank\u00a0\u00bb css=\u00a0\u00bb.vc_custom_1624276654969{padding-right: 30px !important;padding-left: 30px !important;}\u00a0\u00bb link=\u00a0\u00bbhttps:\/\/en.essentialconciergemenorca.com\/\u00a0\u00bb][\/vc_column][vc_column width=\u00a0\u00bb2\/3&Prime;][vc_column_text] Menorcasa introducing an exciting new extention to our boutique property services. Essential Concierge&#8230;<\/p>\n","protected":false},"author":28,"featured_media":97573,"parent":0,"menu_order":0,"comment_status":"closed","ping_status":"closed","template":"templates\/home.php","meta":{"footnotes":""},"class_list":["post-98017","page","type-page","status-publish","has-post-thumbnail","hentry"],"yoast_head":"<!-- This site is optimized with the Yoast SEO Premium plugin v21.4 (Yoast SEO v27.1.1) - https:\/\/yoast.com\/product\/yoast-seo-premium-wordpress\/ -->\n<title>Concierge Menorca | Luxury in Menorca<\/title>\n<meta name=\"description\" content=\"Essential Concierge is an exclusive concierge service in Menorca dedicated to providing our clients with the highest levels of experiences.\" \/>\n<meta name=\"robots\" content=\"index, follow, max-snippet:-1, max-image-preview:large, max-video-preview:-1\" \/>\n<link rel=\"canonical\" href=\"https:\/\/menorcasa.com\/fr\/concierge-menorca\/\" \/>\n<meta property=\"og:locale\" content=\"fr_FR\" \/>\n<meta property=\"og:type\" content=\"article\" \/>\n<meta property=\"og:title\" content=\"Concierge Menorca\" \/>\n<meta property=\"og:description\" content=\"Essential Concierge is an exclusive concierge service in Menorca dedicated to providing our clients with the highest levels of experiences.\" \/>\n<meta property=\"og:url\" content=\"https:\/\/menorcasa.com\/fr\/concierge-menorca\/\" \/>\n<meta property=\"og:site_name\" content=\"Menorcasa\" \/>\n<meta property=\"article:publisher\" content=\"https:\/\/www.facebook.com\/propertiesforsalemenorcasa\/\" \/>\n<meta property=\"article:modified_time\" content=\"2023-07-19T10:41:43+00:00\" \/>\n<meta property=\"og:image\" content=\"https:\/\/menorcasa.com\/wp-content\/uploads\/2021\/06\/Concierge-Bell-image.jpg\" \/>\n\t<meta property=\"og:image:width\" content=\"1896\" \/>\n\t<meta property=\"og:image:height\" content=\"806\" \/>\n\t<meta property=\"og:image:type\" content=\"image\/jpeg\" \/>\n<meta name=\"twitter:card\" content=\"summary_large_image\" \/>\n<meta name=\"twitter:label1\" content=\"Dur\u00e9e de lecture estim\u00e9e\" \/>\n\t<meta name=\"twitter:data1\" content=\"1 minute\" \/>\n<script type=\"application\/ld+json\" class=\"yoast-schema-graph\">{\"@context\":\"https:\/\/schema.org\",\"@graph\":[{\"@type\":\"WebPage\",\"@id\":\"https:\/\/menorcasa.com\/fr\/concierge-menorca\/\",\"url\":\"https:\/\/menorcasa.com\/fr\/concierge-menorca\/\",\"name\":\"Concierge Menorca | Luxury in Menorca\",\"isPartOf\":{\"@id\":\"https:\/\/menorcasa.com\/fr\/#website\"},\"primaryImageOfPage\":{\"@id\":\"https:\/\/menorcasa.com\/fr\/concierge-menorca\/#primaryimage\"},\"image\":{\"@id\":\"https:\/\/menorcasa.com\/fr\/concierge-menorca\/#primaryimage\"},\"thumbnailUrl\":\"https:\/\/menorcasa.com\/wp-content\/uploads\/2021\/06\/Concierge-Bell-image.jpg\",\"datePublished\":\"2021-06-17T07:51:12+00:00\",\"dateModified\":\"2023-07-19T10:41:43+00:00\",\"description\":\"Essential Concierge is an exclusive concierge service in Menorca dedicated to providing our clients with the highest levels of experiences.\",\"breadcrumb\":{\"@id\":\"https:\/\/menorcasa.com\/fr\/concierge-menorca\/#breadcrumb\"},\"inLanguage\":\"fr-FR\",\"potentialAction\":[{\"@type\":\"ReadAction\",\"target\":[\"https:\/\/menorcasa.com\/fr\/concierge-menorca\/\"]}]},{\"@type\":\"ImageObject\",\"inLanguage\":\"fr-FR\",\"@id\":\"https:\/\/menorcasa.com\/fr\/concierge-menorca\/#primaryimage\",\"url\":\"https:\/\/menorcasa.com\/wp-content\/uploads\/2021\/06\/Concierge-Bell-image.jpg\",\"contentUrl\":\"https:\/\/menorcasa.com\/wp-content\/uploads\/2021\/06\/Concierge-Bell-image.jpg\",\"width\":1896,\"height\":806,\"caption\":\"concierge menorca\"},{\"@type\":\"BreadcrumbList\",\"@id\":\"https:\/\/menorcasa.com\/fr\/concierge-menorca\/#breadcrumb\",\"itemListElement\":[{\"@type\":\"ListItem\",\"position\":1,\"name\":\"Immobilier \u00e0 Minorque\",\"item\":\"https:\/\/menorcasa.com\/fr\/\"},{\"@type\":\"ListItem\",\"position\":2,\"name\":\"Concierge Menorca\"}]},{\"@type\":\"WebSite\",\"@id\":\"https:\/\/menorcasa.com\/fr\/#website\",\"url\":\"https:\/\/menorcasa.com\/fr\/\",\"name\":\"Menorcasa\",\"description\":\"propri\u00e9t\u00e9s \u00e0 vendre \u00e0 Minorque : villas, appartements, maisons et plus\",\"publisher\":{\"@id\":\"https:\/\/menorcasa.com\/fr\/#organization\"},\"potentialAction\":[{\"@type\":\"SearchAction\",\"target\":{\"@type\":\"EntryPoint\",\"urlTemplate\":\"https:\/\/menorcasa.com\/fr\/?s={search_term_string}\"},\"query-input\":{\"@type\":\"PropertyValueSpecification\",\"valueRequired\":true,\"valueName\":\"search_term_string\"}}],\"inLanguage\":\"fr-FR\"},{\"@type\":\"Organization\",\"@id\":\"https:\/\/menorcasa.com\/fr\/#organization\",\"name\":\"Menorcasa\",\"url\":\"https:\/\/menorcasa.com\/fr\/\",\"logo\":{\"@type\":\"ImageObject\",\"inLanguage\":\"fr-FR\",\"@id\":\"https:\/\/menorcasa.com\/fr\/#\/schema\/logo\/image\/\",\"url\":\"\",\"contentUrl\":\"\",\"caption\":\"Menorcasa\"},\"image\":{\"@id\":\"https:\/\/menorcasa.com\/fr\/#\/schema\/logo\/image\/\"},\"sameAs\":[\"https:\/\/www.facebook.com\/propertiesforsalemenorcasa\/\",\"https:\/\/www.instagram.com\/menorcasaproperties\/\"]}]}<\/script>\n<!-- \/ Yoast SEO Premium plugin. -->","yoast_head_json":{"title":"Concierge Menorca | Luxury in Menorca","description":"Essential Concierge is an exclusive concierge service in Menorca dedicated to providing our clients with the highest levels of experiences.","robots":{"index":"index","follow":"follow","max-snippet":"max-snippet:-1","max-image-preview":"max-image-preview:large","max-video-preview":"max-video-preview:-1"},"canonical":"https:\/\/menorcasa.com\/fr\/concierge-menorca\/","og_locale":"fr_FR","og_type":"article","og_title":"Concierge Menorca","og_description":"Essential Concierge is an exclusive concierge service in Menorca dedicated to providing our clients with the highest levels of experiences.","og_url":"https:\/\/menorcasa.com\/fr\/concierge-menorca\/","og_site_name":"Menorcasa","article_publisher":"https:\/\/www.facebook.com\/propertiesforsalemenorcasa\/","article_modified_time":"2023-07-19T10:41:43+00:00","og_image":[{"width":1896,"height":806,"url":"https:\/\/menorcasa.com\/wp-content\/uploads\/2021\/06\/Concierge-Bell-image.jpg","type":"image\/jpeg"}],"twitter_card":"summary_large_image","twitter_misc":{"Dur\u00e9e de lecture estim\u00e9e":"1 minute"},"schema":{"@context":"https:\/\/schema.org","@graph":[{"@type":"WebPage","@id":"https:\/\/menorcasa.com\/fr\/concierge-menorca\/","url":"https:\/\/menorcasa.com\/fr\/concierge-menorca\/","name":"Concierge Menorca | Luxury in Menorca","isPartOf":{"@id":"https:\/\/menorcasa.com\/fr\/#website"},"primaryImageOfPage":{"@id":"https:\/\/menorcasa.com\/fr\/concierge-menorca\/#primaryimage"},"image":{"@id":"https:\/\/menorcasa.com\/fr\/concierge-menorca\/#primaryimage"},"thumbnailUrl":"https:\/\/menorcasa.com\/wp-content\/uploads\/2021\/06\/Concierge-Bell-image.jpg","datePublished":"2021-06-17T07:51:12+00:00","dateModified":"2023-07-19T10:41:43+00:00","description":"Essential Concierge is an exclusive concierge service in Menorca dedicated to providing our clients with the highest levels of experiences.","breadcrumb":{"@id":"https:\/\/menorcasa.com\/fr\/concierge-menorca\/#breadcrumb"},"inLanguage":"fr-FR","potentialAction":[{"@type":"ReadAction","target":["https:\/\/menorcasa.com\/fr\/concierge-menorca\/"]}]},{"@type":"ImageObject","inLanguage":"fr-FR","@id":"https:\/\/menorcasa.com\/fr\/concierge-menorca\/#primaryimage","url":"https:\/\/menorcasa.com\/wp-content\/uploads\/2021\/06\/Concierge-Bell-image.jpg","contentUrl":"https:\/\/menorcasa.com\/wp-content\/uploads\/2021\/06\/Concierge-Bell-image.jpg","width":1896,"height":806,"caption":"concierge menorca"},{"@type":"BreadcrumbList","@id":"https:\/\/menorcasa.com\/fr\/concierge-menorca\/#breadcrumb","itemListElement":[{"@type":"ListItem","position":1,"name":"Immobilier \u00e0 Minorque","item":"https:\/\/menorcasa.com\/fr\/"},{"@type":"ListItem","position":2,"name":"Concierge Menorca"}]},{"@type":"WebSite","@id":"https:\/\/menorcasa.com\/fr\/#website","url":"https:\/\/menorcasa.com\/fr\/","name":"Menorcasa","description":"propri\u00e9t\u00e9s \u00e0 vendre \u00e0 Minorque : villas, appartements, maisons et plus","publisher":{"@id":"https:\/\/menorcasa.com\/fr\/#organization"},"potentialAction":[{"@type":"SearchAction","target":{"@type":"EntryPoint","urlTemplate":"https:\/\/menorcasa.com\/fr\/?s={search_term_string}"},"query-input":{"@type":"PropertyValueSpecification","valueRequired":true,"valueName":"search_term_string"}}],"inLanguage":"fr-FR"},{"@type":"Organization","@id":"https:\/\/menorcasa.com\/fr\/#organization","name":"Menorcasa","url":"https:\/\/menorcasa.com\/fr\/","logo":{"@type":"ImageObject","inLanguage":"fr-FR","@id":"https:\/\/menorcasa.com\/fr\/#\/schema\/logo\/image\/","url":"","contentUrl":"","caption":"Menorcasa"},"image":{"@id":"https:\/\/menorcasa.com\/fr\/#\/schema\/logo\/image\/"},"sameAs":["https:\/\/www.facebook.com\/propertiesforsalemenorcasa\/","https:\/\/www.instagram.com\/menorcasaproperties\/"]}]}},"_links":{"self":[{"href":"https:\/\/menorcasa.com\/fr\/wp-json\/wp\/v2\/pages\/98017","targetHints":{"allow":["GET"]}}],"collection":[{"href":"https:\/\/menorcasa.com\/fr\/wp-json\/wp\/v2\/pages"}],"about":[{"href":"https:\/\/menorcasa.com\/fr\/wp-json\/wp\/v2\/types\/page"}],"author":[{"embeddable":true,"href":"https:\/\/menorcasa.com\/fr\/wp-json\/wp\/v2\/users\/28"}],"replies":[{"embeddable":true,"href":"https:\/\/menorcasa.com\/fr\/wp-json\/wp\/v2\/comments?post=98017"}],"version-history":[{"count":0,"href":"https:\/\/menorcasa.com\/fr\/wp-json\/wp\/v2\/pages\/98017\/revisions"}],"wp:featuredmedia":[{"embeddable":true,"href":"https:\/\/menorcasa.com\/fr\/wp-json\/wp\/v2\/media\/97573"}],"wp:attachment":[{"href":"https:\/\/menorcasa.com\/fr\/wp-json\/wp\/v2\/media?parent=98017"}],"curies":[{"name":"wp","href":"https:\/\/api.w.org\/{rel}","templated":true}]}}